{"id":28968,"date":"2019-04-26T15:19:21","date_gmt":"2019-04-26T14:19:21","guid":{"rendered":"https:\/\/www.trend-networks.com\/product\/fibertek-iii-encircled-flux-kabel-sc-lc-50-125-%ce%bcm\/"},"modified":"2019-11-21T12:51:31","modified_gmt":"2019-11-21T12:51:31","slug":"fibertek-iii-encircled-flux-kabel-sc-lc-50-125-%ce%bcm","status":"publish","type":"product","link":"https:\/\/www.trend-networks.com\/de\/produkt\/fibertek-iii-encircled-flux-kabel-sc-lc-50-125-%ce%bcm\/","title":{"rendered":"FT III\/IV &#8211; Encircled Flux 50\/125\u00b5m Kabel SC\/LC. Kompatibel mit FiberTEK III und FiberTEK IV."},"content":{"rendered":"<p>FT III\/IV &#8211; Encircled Flux 50\/125\u00b5m Kabel SC\/LC. Kompatibel mit FiberTEK III und FiberTEK IV.<\/p>\n","protected":false},"excerpt":{"rendered":"<p>FiberTEK III &#8211; Encircled-Flux-Kabel (SC-LC, 50\/125 \u03bcm) &#8211; 1 St\u00fcck &#8211; es werden 2 St\u00fcck zum Messen ben\u00f6tigt.<\/p>\n","protected":false},"featured_media":147979,"template":"","meta":{"_acf_changed":false,"inline_featured_image":false,"_glsr_average":0,"_glsr_ranking":0,"_glsr_reviews":0},"product_brand":[],"product_cat":[459],"product_tag":[2185,2218],"woo-feed-brand":[],"class_list":{"0":"post-28968","1":"product","2":"type-product","3":"status-publish","4":"has-post-thumbnail","6":"product_cat-zubehor","7":"product_tag-fibermaster-de","8":"product_tag-fibertek-iii-de","10":"first","11":"instock","12":"taxable","13":"shipping-taxable","14":"purchasable","15":"product-type-simple","16":"add-to-wishlist-before_image"},"acf":[],"_links":{"self":[{"href":"https:\/\/www.trend-networks.com\/de\/wp-json\/wp\/v2\/product\/28968","targetHints":{"allow":["GET"]}}],"collection":[{"href":"https:\/\/www.trend-networks.com\/de\/wp-json\/wp\/v2\/product"}],"about":[{"href":"https:\/\/www.trend-networks.com\/de\/wp-json\/wp\/v2\/types\/product"}],"wp:featuredmedia":[{"embeddable":true,"href":"https:\/\/www.trend-networks.com\/de\/wp-json\/wp\/v2\/media\/147979"}],"wp:attachment":[{"href":"https:\/\/www.trend-networks.com\/de\/wp-json\/wp\/v2\/media?parent=28968"}],"wp:term":[{"taxonomy":"product_brand","embeddable":true,"href":"https:\/\/www.trend-networks.com\/de\/wp-json\/wp\/v2\/product_brand?post=28968"},{"taxonomy":"product_cat","embeddable":true,"href":"https:\/\/www.trend-networks.com\/de\/wp-json\/wp\/v2\/product_cat?post=28968"},{"taxonomy":"product_tag","embeddable":true,"href":"https:\/\/www.trend-networks.com\/de\/wp-json\/wp\/v2\/product_tag?post=28968"},{"taxonomy":"woo-feed-brand","embeddable":true,"href":"https:\/\/www.trend-networks.com\/de\/wp-json\/wp\/v2\/woo-feed-brand?post=28968"}],"curies":[{"name":"wp","href":"https:\/\/api.w.org\/{rel}","templated":true}]}}