{"id":28967,"date":"2019-04-26T15:19:21","date_gmt":"2019-04-26T14:19:21","guid":{"rendered":"https:\/\/www.trend-networks.com\/product\/fibertek-iii-encircled-flux-kabe-sc-sc-50-125-%ce%bcm\/"},"modified":"2019-11-21T12:49:35","modified_gmt":"2019-11-21T12:49:35","slug":"fibertek-iii-encircled-flux-kabe-sc-sc-50-125-%ce%bcm","status":"publish","type":"product","link":"https:\/\/www.trend-networks.com\/de\/produkt\/fibertek-iii-encircled-flux-kabe-sc-sc-50-125-%ce%bcm\/","title":{"rendered":"FiberTEK III\/IV &#8211; Encircled-Flux-Kabe (SC-SC, 50\/125 \u03bcm)"},"content":{"rendered":"<p>FT III\/IV &#8211; Encircled Flux 50\/125\u00b5m Kabel SC\/SC. Kompatibel mit FiberTEK III und FiberTEK IV.<\/p>\n","protected":false},"excerpt":{"rendered":"<p>FiberTEK III &#8211; Encircled-Flux-Kabel (SC-SC, 50\/125 \u03bcm) &#8211; 1 St\u00fcck &#8211; es werden 2 St\u00fcck zum Messen ben\u00f6tigt.<\/p>\n","protected":false},"featured_media":147988,"template":"","meta":{"_acf_changed":false,"inline_featured_image":false,"_glsr_average":0,"_glsr_ranking":0,"_glsr_reviews":0},"product_brand":[],"product_cat":[459],"product_tag":[2218],"woo-feed-brand":[],"class_list":{"0":"post-28967","1":"product","2":"type-product","3":"status-publish","4":"has-post-thumbnail","6":"product_cat-zubehor","7":"product_tag-fibertek-iii-de","9":"first","10":"instock","11":"taxable","12":"shipping-taxable","13":"purchasable","14":"product-type-simple","15":"add-to-wishlist-before_image"},"acf":[],"_links":{"self":[{"href":"https:\/\/www.trend-networks.com\/de\/wp-json\/wp\/v2\/product\/28967","targetHints":{"allow":["GET"]}}],"collection":[{"href":"https:\/\/www.trend-networks.com\/de\/wp-json\/wp\/v2\/product"}],"about":[{"href":"https:\/\/www.trend-networks.com\/de\/wp-json\/wp\/v2\/types\/product"}],"wp:featuredmedia":[{"embeddable":true,"href":"https:\/\/www.trend-networks.com\/de\/wp-json\/wp\/v2\/media\/147988"}],"wp:attachment":[{"href":"https:\/\/www.trend-networks.com\/de\/wp-json\/wp\/v2\/media?parent=28967"}],"wp:term":[{"taxonomy":"product_brand","embeddable":true,"href":"https:\/\/www.trend-networks.com\/de\/wp-json\/wp\/v2\/product_brand?post=28967"},{"taxonomy":"product_cat","embeddable":true,"href":"https:\/\/www.trend-networks.com\/de\/wp-json\/wp\/v2\/product_cat?post=28967"},{"taxonomy":"product_tag","embeddable":true,"href":"https:\/\/www.trend-networks.com\/de\/wp-json\/wp\/v2\/product_tag?post=28967"},{"taxonomy":"woo-feed-brand","embeddable":true,"href":"https:\/\/www.trend-networks.com\/de\/wp-json\/wp\/v2\/woo-feed-brand?post=28967"}],"curies":[{"name":"wp","href":"https:\/\/api.w.org\/{rel}","templated":true}]}}