{"id":28960,"date":"2019-04-26T15:18:59","date_gmt":"2019-04-26T15:42:17","guid":{"rendered":"https:\/\/www.trend-networks.com\/product\/lantek-iii-serie-kupfertest-zubehor-6\/"},"modified":"2019-11-21T14:46:39","modified_gmt":"2019-11-21T14:46:39","slug":"lantek-iii-serie-kupfertest-zubehor-6","status":"publish","type":"product","link":"https:\/\/www.trend-networks.com\/de\/produkt\/lantek-iii-serie-kupfertest-zubehor-6\/","title":{"rendered":"LanTEK III-Serie Kupfertest-Zubeh\u00f6r"},"content":{"rendered":"<p>LanTEK III-Serie Kupfertest-Zubeh\u00f6r<\/p>\n<p>GG45-Universal-Adapter bis 1 GHz (1 St\u00fcck &#8211; es werden 2 St\u00fcck zum Messen ben\u00f6tigt.)<\/p>\n","protected":false},"excerpt":{"rendered":"<p>LanTEK III-Serie Kupfertest-Zubeh\u00f6r<\/p>\n<p>GG45-Universal-Adapter bis 1 GHz (1 St\u00fcck &#8211; es werden 2 St\u00fcck zum Messen ben\u00f6tigt.)<\/p>\n","protected":false},"featured_media":47325,"template":"","meta":{"_acf_changed":false,"inline_featured_image":false,"_glsr_average":0,"_glsr_ranking":0,"_glsr_reviews":0},"product_brand":[],"product_cat":[459],"product_tag":[],"woo-feed-brand":[],"class_list":{"0":"post-28960","1":"product","2":"type-product","3":"status-publish","4":"has-post-thumbnail","6":"product_cat-zubehor","8":"first","9":"instock","10":"taxable","11":"shipping-taxable","12":"purchasable","13":"product-type-simple","14":"add-to-wishlist-before_image"},"acf":[],"_links":{"self":[{"href":"https:\/\/www.trend-networks.com\/de\/wp-json\/wp\/v2\/product\/28960","targetHints":{"allow":["GET"]}}],"collection":[{"href":"https:\/\/www.trend-networks.com\/de\/wp-json\/wp\/v2\/product"}],"about":[{"href":"https:\/\/www.trend-networks.com\/de\/wp-json\/wp\/v2\/types\/product"}],"wp:featuredmedia":[{"embeddable":true,"href":"https:\/\/www.trend-networks.com\/de\/wp-json\/wp\/v2\/media\/47325"}],"wp:attachment":[{"href":"https:\/\/www.trend-networks.com\/de\/wp-json\/wp\/v2\/media?parent=28960"}],"wp:term":[{"taxonomy":"product_brand","embeddable":true,"href":"https:\/\/www.trend-networks.com\/de\/wp-json\/wp\/v2\/product_brand?post=28960"},{"taxonomy":"product_cat","embeddable":true,"href":"https:\/\/www.trend-networks.com\/de\/wp-json\/wp\/v2\/product_cat?post=28960"},{"taxonomy":"product_tag","embeddable":true,"href":"https:\/\/www.trend-networks.com\/de\/wp-json\/wp\/v2\/product_tag?post=28960"},{"taxonomy":"woo-feed-brand","embeddable":true,"href":"https:\/\/www.trend-networks.com\/de\/wp-json\/wp\/v2\/woo-feed-brand?post=28960"}],"curies":[{"name":"wp","href":"https:\/\/api.w.org\/{rel}","templated":true}]}}