{"id":28955,"date":"2019-04-26T15:18:59","date_gmt":"2019-04-26T14:18:59","guid":{"rendered":"https:\/\/www.trend-networks.com\/product\/lantek-ii-und-iii-serie-kupfertest-zubehor\/"},"modified":"2025-03-26T12:38:56","modified_gmt":"2025-03-26T12:38:56","slug":"lantek-ii-und-iii-serie-kupfertest-zubehor","status":"publish","type":"product","link":"https:\/\/www.trend-networks.com\/de\/produkt\/lantek-ii-und-iii-serie-kupfertest-zubehor\/","title":{"rendered":"LanTEK\u00a0III-Serie Kupfertest-Zubeh\u00f6r"},"content":{"rendered":"<p>LanTEK\u00a0III-Serie Kupfertest-Zubeh\u00f6r<\/p>\n<p>CAT6\/5e RJ45 Channel-Adapter (1 St\u00fcck) f\u00fcr Channel-Messungen. Es werden 2 St\u00fcck zum Messen ben\u00f6tigt.<\/p>\n","protected":false},"excerpt":{"rendered":"<p>LanTEK III-Serie Kupfertest-Zubeh\u00f6r<\/p>\n<p>CAT6\/5e RJ45 Channel-Adapter (1 St\u00fcck) f\u00fcr Channel-Messungen. Es werden 2 St\u00fcck zum Messen ben\u00f6tigt.<\/p>\n","protected":false},"featured_media":47293,"template":"","meta":{"_acf_changed":false,"inline_featured_image":false,"_glsr_average":0,"_glsr_ranking":0,"_glsr_reviews":0},"product_brand":[],"product_cat":[459],"product_tag":[2224],"woo-feed-brand":[],"class_list":{"0":"post-28955","1":"product","2":"type-product","3":"status-publish","4":"has-post-thumbnail","6":"product_cat-zubehor","7":"product_tag-lantek-iii-de","9":"first","10":"instock","11":"taxable","12":"shipping-taxable","13":"purchasable","14":"product-type-simple","15":"add-to-wishlist-before_image"},"acf":[],"_links":{"self":[{"href":"https:\/\/www.trend-networks.com\/de\/wp-json\/wp\/v2\/product\/28955","targetHints":{"allow":["GET"]}}],"collection":[{"href":"https:\/\/www.trend-networks.com\/de\/wp-json\/wp\/v2\/product"}],"about":[{"href":"https:\/\/www.trend-networks.com\/de\/wp-json\/wp\/v2\/types\/product"}],"wp:featuredmedia":[{"embeddable":true,"href":"https:\/\/www.trend-networks.com\/de\/wp-json\/wp\/v2\/media\/47293"}],"wp:attachment":[{"href":"https:\/\/www.trend-networks.com\/de\/wp-json\/wp\/v2\/media?parent=28955"}],"wp:term":[{"taxonomy":"product_brand","embeddable":true,"href":"https:\/\/www.trend-networks.com\/de\/wp-json\/wp\/v2\/product_brand?post=28955"},{"taxonomy":"product_cat","embeddable":true,"href":"https:\/\/www.trend-networks.com\/de\/wp-json\/wp\/v2\/product_cat?post=28955"},{"taxonomy":"product_tag","embeddable":true,"href":"https:\/\/www.trend-networks.com\/de\/wp-json\/wp\/v2\/product_tag?post=28955"},{"taxonomy":"woo-feed-brand","embeddable":true,"href":"https:\/\/www.trend-networks.com\/de\/wp-json\/wp\/v2\/woo-feed-brand?post=28955"}],"curies":[{"name":"wp","href":"https:\/\/api.w.org\/{rel}","templated":true}]}}