{"id":28923,"date":"2019-04-26T15:18:33","date_gmt":"2019-04-26T15:38:16","guid":{"rendered":"https:\/\/www.trend-networks.com\/product\/fc-lc-hybrid-adapter\/"},"modified":"2019-11-21T15:55:38","modified_gmt":"2019-11-21T15:55:38","slug":"fc-lc-hybrid-adapter","status":"publish","type":"product","link":"https:\/\/www.trend-networks.com\/de\/produkt\/fc-lc-hybrid-adapter\/","title":{"rendered":"FC\/LC Hybrid Adapter"},"content":{"rendered":"<p>Adapter in der Ausf\u00fchrung mit FC-Stecker (2,5 mm) auf LC-Buchse (1,25 mm) zum Herstellen einer LC-Verbindung an einem Ger\u00e4t mit FC-Anschluss. Lieferumfang: Ein Adapter. Zur Arbeit mit FiberMASTER und anderen optischen D\u00e4mpfungsmesspl\u00e4tzen bitte zwei St\u00fcck bestellen.<\/p>\n<p>FC-Verbindung mit Gewinde zur sicheren Verriegelung mit dem Messger\u00e4t<\/p>\n<p>LC-Verbindung mit Steckverschluss zum schnellen Anschlie\u00dfen von LC-Steckern<\/p>\n<p>FC-Verbindung unterst\u00fctzt 2,5 mm Universalbuchsen<\/p>\n<p>Robuste Metallkonstruktion mit FC-Zirconia-Ferrule<\/p>\n<p>Mit kompakten Abmessungen f\u00fcr die meisten Anwendungsf\u00e4lle geeignet<\/p>\n<p>Der FC\/LC-Adapter bietet eine einfache L\u00f6sung zum Anschlie\u00dfen von Kabeln mit LC-Anschl\u00fcssen an Tester, die keinen LC-Anschluss besitzen.<\/p>\n<p>Mit der FC-Seite des Adapters wird eine sichere Verbindung zum FC-Anschluss des Ger\u00e4tes, wie der Lichtquelle des Glasfaser-Testkits FiberMASTER, hergestellt. Sowohl der Leistungspegelmesser als auch die Lichtquelle des Testkits sind mit FC-Anschl\u00fcssen ausgestattet, die zu dem FC\/LC-Adapter kompatibel sind.<\/p>\n<p>Dar\u00fcber hinaus kann der FC\/LC-Adapter auch mit der sichtbaren Laserquelle VFF5 verwendet werden, die einen 2,5 mm Universalanschluss mit Steckverschluss besitzt. F\u00fcr die schnelle \u00dcberpr\u00fcfung auf Durchgang und Faserbruch stecken Sie den Adapter einfach auf die VFF5 und danach das Kabel mit dem LC-Verbinder in den Adapter. Der Adapter ist auch eine praktische Hilfe beim korrekten Konfektionieren von Krimp-Verbindern, wie dem LC UniCam\u00ae von Corning.<\/p>\n<p>Die Seite des FC-Steckers ist mit einem Gewinde versehen, so dass eine sichere Verbindung zu FC-Buchsen an aktiven Netzwerkger\u00e4ten und Testern hergestellt werden kann.<\/p>\n<p>Auf der Seite der LC-Buchse sorgt eine Steckverschluss f\u00fcr die sichere Verbindung zu LC-Steckern von LC-Patchkabeln. Aufgrund der kompakten Abmessungen kann der Adapter mit Simplex- und Duplex-Steckern verwendet werden.<\/p>\n<p>Anwendungen:<\/p>\n<p>Zweitweise Verbindung von Patchkabeln mit LC-Anschluss mit Testern zum Ausf\u00fchren von Messungen. Da die LC-Seite nicht verriegelt, sollte der Adapter nicht f\u00fcr dauerhafte Verbindungen genutzt werden.<\/p>\n<p>Einkoppeln von sichtbarem Licht in Steckverbinder beim Konfektionieren von Krimp-Verbindern oder bei Verwendung von mechanischen Splei\u00dfen zur Kabelreparatur. Bei einem korrekten Anschluss darf nur wenig Licht austreten.<\/p>\n","protected":false},"excerpt":{"rendered":"<p>Adapter in der Ausf\u00fchrung mit FC-Stecker (2,5 mm) auf LC-Buchse (1,25 mm) zum Herstellen einer LC-Verbindung an einem Ger\u00e4t mit FC-Anschluss. Lieferumfang: Ein Adapter. Zur Arbeit mit FiberMASTER und anderen optischen D\u00e4mpfungsmesspl\u00e4tzen bitte zwei St\u00fcck bestellen.<\/p>\n","protected":false},"featured_media":46796,"template":"","meta":{"_acf_changed":false,"inline_featured_image":false,"_glsr_average":0,"_glsr_ranking":0,"_glsr_reviews":0},"product_brand":[],"product_cat":[459],"product_tag":[2185],"woo-feed-brand":[],"class_list":{"0":"post-28923","1":"product","2":"type-product","3":"status-publish","4":"has-post-thumbnail","6":"product_cat-zubehor","7":"product_tag-fibermaster-de","9":"first","10":"instock","11":"taxable","12":"shipping-taxable","13":"purchasable","14":"product-type-simple","15":"add-to-wishlist-before_image"},"acf":[],"_links":{"self":[{"href":"https:\/\/www.trend-networks.com\/de\/wp-json\/wp\/v2\/product\/28923","targetHints":{"allow":["GET"]}}],"collection":[{"href":"https:\/\/www.trend-networks.com\/de\/wp-json\/wp\/v2\/product"}],"about":[{"href":"https:\/\/www.trend-networks.com\/de\/wp-json\/wp\/v2\/types\/product"}],"wp:featuredmedia":[{"embeddable":true,"href":"https:\/\/www.trend-networks.com\/de\/wp-json\/wp\/v2\/media\/46796"}],"wp:attachment":[{"href":"https:\/\/www.trend-networks.com\/de\/wp-json\/wp\/v2\/media?parent=28923"}],"wp:term":[{"taxonomy":"product_brand","embeddable":true,"href":"https:\/\/www.trend-networks.com\/de\/wp-json\/wp\/v2\/product_brand?post=28923"},{"taxonomy":"product_cat","embeddable":true,"href":"https:\/\/www.trend-networks.com\/de\/wp-json\/wp\/v2\/product_cat?post=28923"},{"taxonomy":"product_tag","embeddable":true,"href":"https:\/\/www.trend-networks.com\/de\/wp-json\/wp\/v2\/product_tag?post=28923"},{"taxonomy":"woo-feed-brand","embeddable":true,"href":"https:\/\/www.trend-networks.com\/de\/wp-json\/wp\/v2\/woo-feed-brand?post=28923"}],"curies":[{"name":"wp","href":"https:\/\/api.w.org\/{rel}","templated":true}]}}