{"id":143108,"date":"2025-07-14T11:26:19","date_gmt":"2025-07-14T10:26:19","guid":{"rendered":"https:\/\/www.trend-networks.com\/product\/signaltek-qt-cable-qualification-series\/"},"modified":"2026-03-19T16:04:36","modified_gmt":"2026-03-19T16:04:36","slug":"signaltek-qt-cable-qualification-series","status":"publish","type":"product","link":"https:\/\/www.trend-networks.com\/de\/produkt\/signaltek-qt-cable-qualification-series\/","title":{"rendered":"SignalTEK QT-Qualifizierungstester-Serie"},"content":{"rendered":"<p><strong>Kupferqualifizierung.<\/strong><\/p>\n<p>\u00dcberpr\u00fcfen Sie einfach und schnell, dass die gew\u00fcnschte Netzwerkgeschwindigkeit unterst\u00fctzt<br \/>\nwird, indem Sie den frequenzbasierenden Qualifizierungstest nutzen. SignalTEK QT zeigt die verf\u00fcgbare Leistung im Vergleich zur gew\u00fcnschten Geschwindigkeit auf einem leicht zu lesenden Display an. Zum schnellen Testen stehen bis zu 12 Remoteadapter zur Verf\u00fcgung. SignalTEK QT erm\u00f6glicht die Auswahl von Geschwindigkeiten von 10Mb\/s bis 10Gb\/s einschlie\u00dflich der neuen 2,5 &amp; 5Gb\/s Multigeschwindigkeiten.<\/p>\n<p><strong>Glasfaserqualifizierung.<\/strong><\/p>\n<p>SignalTEK QT Pro qualifiziert zus\u00e4tzlich Glasfaserverbindungen gem\u00e4\u00df dem IEEE 802.3 Standard bis zu 100Gb\/s durch Messung der Einf\u00fcged\u00e4mpfung und der L\u00e4nge der Glasfaserverkabelung mit einem Loopback-Test. Die Hochleistungs-SFP-Module von TREND bieten pr\u00e4zise Einf\u00fcgungsd\u00e4mpfungsmessungen und der SignalTEK QT Pro erkennt das installierte SFP-Modul, um automatisch Pass\/Fail-Grenzwerte festzulegen.<\/p>\n<p><strong>WLAN-Tests<\/strong><\/p>\n<p>Analysieren Sie die Wi-Fi-Kanalst\u00e4rke und identifizieren Sie Zugangspunkte, die sich auf \u00fcberlappenden Kan\u00e4len<br \/>\nbefinden, um die Leistung des Netzwerks zu maximieren. Graphen zur Kanalauslastung helfen dabei, festzustellen, welche Access Points (APs) mit Benutzern \u00fcberlastet sind. Verbinden Sie sich mit einem Netzwerk und f\u00fchren Sie Diagnosen mit Ping-, Traceroute- und Device-Scan-Tests durch.<\/p>\n<p><img decoding=\"async\" class=\"alignnone wp-image-142482\" src=\"https:\/\/www.trend-networks.com\/wp-content\/uploads\/2025\/07\/SignalTEK-QT-Cable-Qualification-Series_01-600x600.jpg\" alt=\"\" width=\"300\" height=\"300\" title=\"\" srcset=\"https:\/\/www.trend-networks.com\/wp-content\/uploads\/2025\/07\/SignalTEK-QT-Cable-Qualification-Series_01-600x600.jpg 600w, https:\/\/www.trend-networks.com\/wp-content\/uploads\/2025\/07\/SignalTEK-QT-Cable-Qualification-Series_01-150x150.jpg 150w, https:\/\/www.trend-networks.com\/wp-content\/uploads\/2025\/07\/SignalTEK-QT-Cable-Qualification-Series_01-768x768.jpg 768w, https:\/\/www.trend-networks.com\/wp-content\/uploads\/2025\/07\/SignalTEK-QT-Cable-Qualification-Series_01-125x125.jpg 125w, https:\/\/www.trend-networks.com\/wp-content\/uploads\/2025\/07\/SignalTEK-QT-Cable-Qualification-Series_01-100x100.jpg 100w, https:\/\/www.trend-networks.com\/wp-content\/uploads\/2025\/07\/SignalTEK-QT-Cable-Qualification-Series_01.jpg 900w\" sizes=\"(max-width: 300px) 100vw, 300px\" \/> <img decoding=\"async\" class=\"alignnone wp-image-142491\" src=\"https:\/\/www.trend-networks.com\/wp-content\/uploads\/2025\/07\/SignalTEK-QT-Cable-Qualification-Series_02-600x600.jpg\" alt=\"\" width=\"300\" height=\"300\" title=\"\" srcset=\"https:\/\/www.trend-networks.com\/wp-content\/uploads\/2025\/07\/SignalTEK-QT-Cable-Qualification-Series_02-600x600.jpg 600w, https:\/\/www.trend-networks.com\/wp-content\/uploads\/2025\/07\/SignalTEK-QT-Cable-Qualification-Series_02-150x150.jpg 150w, https:\/\/www.trend-networks.com\/wp-content\/uploads\/2025\/07\/SignalTEK-QT-Cable-Qualification-Series_02-768x768.jpg 768w, https:\/\/www.trend-networks.com\/wp-content\/uploads\/2025\/07\/SignalTEK-QT-Cable-Qualification-Series_02-125x125.jpg 125w, https:\/\/www.trend-networks.com\/wp-content\/uploads\/2025\/07\/SignalTEK-QT-Cable-Qualification-Series_02-100x100.jpg 100w, https:\/\/www.trend-networks.com\/wp-content\/uploads\/2025\/07\/SignalTEK-QT-Cable-Qualification-Series_02.jpg 900w\" sizes=\"(max-width: 300px) 100vw, 300px\" \/> <img decoding=\"async\" class=\"alignnone wp-image-142509\" src=\"https:\/\/www.trend-networks.com\/wp-content\/uploads\/2025\/07\/SignalTEK-QT-Cable-Qualification-Series_04-600x600.jpg\" alt=\"\" width=\"300\" height=\"300\" title=\"\" srcset=\"https:\/\/www.trend-networks.com\/wp-content\/uploads\/2025\/07\/SignalTEK-QT-Cable-Qualification-Series_04-600x600.jpg 600w, https:\/\/www.trend-networks.com\/wp-content\/uploads\/2025\/07\/SignalTEK-QT-Cable-Qualification-Series_04-150x150.jpg 150w, https:\/\/www.trend-networks.com\/wp-content\/uploads\/2025\/07\/SignalTEK-QT-Cable-Qualification-Series_04-768x768.jpg 768w, https:\/\/www.trend-networks.com\/wp-content\/uploads\/2025\/07\/SignalTEK-QT-Cable-Qualification-Series_04-125x125.jpg 125w, https:\/\/www.trend-networks.com\/wp-content\/uploads\/2025\/07\/SignalTEK-QT-Cable-Qualification-Series_04-100x100.jpg 100w, https:\/\/www.trend-networks.com\/wp-content\/uploads\/2025\/07\/SignalTEK-QT-Cable-Qualification-Series_04.jpg 900w\" sizes=\"(max-width: 300px) 100vw, 300px\" \/><\/p>\n<p><!--more--><\/p>\n<p><strong>Qualifizierung von Kupferkabeln<\/strong><br \/>\nQualifizieren Sie die Leistung von 10 Mbit\/s bis 10 Gbit\/s, einschlie\u00dflich Multi-Gigabit-Geschwindigkeiten, mit Live-Verdrahtungstest und TDR Fehlerortung, mit Pass\/Fail-Angabe.<\/p>\n<p><img decoding=\"async\" class=\"alignnone size-full wp-image-142563\" src=\"https:\/\/www.trend-networks.com\/wp-content\/uploads\/2025\/07\/Copper-Cable-Qualification.png\" alt=\"\" width=\"316\" height=\"538\" title=\"\"><\/p>\n<p><strong>Qualifizierung von Glasfaserkabeln<\/strong><br \/>\nQualifizieren Sie die Leistung von 10 Mbit\/s bis 100 Gbit\/s durch Messung von dB-Verlust und L\u00e4nge nach IEEE-Standards mit Pass\/Fail-Angabe.<\/p>\n<p><img decoding=\"async\" class=\"alignnone size-full wp-image-142581\" src=\"https:\/\/www.trend-networks.com\/wp-content\/uploads\/2025\/07\/Fiber-Cable-Qualification.png\" alt=\"\" width=\"316\" height=\"540\" title=\"\"><\/p>\n<p><strong>Wi-Fi-Kanalsuche und -Auslastung<\/strong><br \/>\nW\u00e4hlen Sie einen Kanal aus, um den Namen, die IP-Adresse, die MAC-Adresse und die Signalst\u00e4rke der APs auf jedem Kanal anzuzeigen und so die Auslastung auszugleichen.<\/p>\n<p><img decoding=\"async\" class=\"alignnone size-full wp-image-142599\" src=\"https:\/\/www.trend-networks.com\/wp-content\/uploads\/2025\/07\/WiFi-Channel-Scan.png\" alt=\"\" width=\"317\" height=\"541\" title=\"\"><\/p>\n<p><strong>PoE-Lasttest<\/strong><br \/>\nStellen Sie sicher, dass die von der Switch bereitgestelle Leistung auch \u00fcber die installierten Kabel gen\u00fcgend Leistung f\u00fcr PoEGer\u00e4te liefert, in dem Sie einen Lasttest mit bis zu 90 Watt durchf\u00fchren und die Ergebnisse mit Pass\/Fail bewertet werden.<\/p>\n<p><img decoding=\"async\" class=\"alignnone size-full wp-image-142590\" src=\"https:\/\/www.trend-networks.com\/wp-content\/uploads\/2025\/07\/PoE-Load-Test.png\" alt=\"\" width=\"315\" height=\"542\" title=\"\"><\/p>\n<p><strong>Ger\u00e4te-Scan<\/strong><br \/>\nStellen Sie eine Verbindung zu aktiven Kupfer- \/Glasfaser-\/Wi-Fi-Netzwerken her und erfassen Sie eine Liste der<br \/>\nangeschlossenen Ger\u00e4te, einschlie\u00dflich Hersteller-ID, IP-Adresse und MACAdresse, mit automatischer Pr\u00fcfung auf<br \/>\nIP-Adressenkonflikte.<\/p>\n<p><img decoding=\"async\" class=\"alignnone size-full wp-image-142572\" src=\"https:\/\/www.trend-networks.com\/wp-content\/uploads\/2025\/07\/Device-Scan.png\" alt=\"\" width=\"317\" height=\"541\" title=\"\"><\/p>\n<p><strong>Standort des Zugangpunkts<\/strong><br \/>\nVerwenden Sie die integrierte oder eine externe Antenne um Zugangspunkte mit Hilfe der reaktionsschnellen<br \/>\nSignalst\u00e4rkeanzeige zu lokalisieren.<\/p>\n<p><img decoding=\"async\" class=\"alignnone size-full wp-image-142554\" src=\"https:\/\/www.trend-networks.com\/wp-content\/uploads\/2025\/07\/Access-Point-Location.png\" alt=\"\" width=\"315\" height=\"537\" title=\"\"><\/p>\n<p><strong>TREND AnyWARE Cloud Testmanagement-Software<\/strong><\/p>\n<p><strong>Das TREND AnyWARE Cloud Managementsystem erm\u00f6glicht die Echtzeit-Zusammenarbeit zwischen Projektmanagern und Au\u00dfendiensttechnikern. Au\u00dfendiensttechniker m\u00fcssen den SignalTEK QT nicht selbst einrichten. Projektmanager k\u00f6nnen Aufgaben und Tests in der TREND AnyWARE Cloud vorkonfigurieren. Das eliminiert potenzielle Fehler und reduziert den Zeitaufwand f\u00fcr die Erstellung von Kundenberichten und Garantieleistungen.<\/strong><\/p>\n<p>Der SignalTEK QT ist Teil des TREND AnyWARE \u00d6kosystems, einer einheitlichen Testerfamilie mit einheitlicher Benutzeroberfl\u00e4che f\u00fcr ein nahtloses Testerlebnis beim Wechsel zwischen verschiedenen Testarten. Ergebnisse von jedem Ger\u00e4t und Benutzer k\u00f6nnen in die TREND AnyWARE Cloud hochgeladen werden, die weltweit schnellste Plattform zum Anzeigen, Speichern und Teilen von Daten von einem oder mehreren Einsatzorten.<\/p>\n<p>Durch die Unterst\u00fctzung der gesamten Palette an TREND Networks-Tools, einschlie\u00dflich LanTEK und FiberTEK IV, SignalTEK 10G, SignalTEK QT, PoE PRO und VDV II, k\u00f6nnen Sie Tests hochladen, professionelle Berichte kostenlos erstellen und freigeben. Alles wird sicher in TREND AnyWARE gespeichert, das auf der Microsoft Azure-Plattform f\u00fcr un\u00fcbertroffene Sicherheit und Zuverl\u00e4ssigkeit entwickelt wurde.<\/p>\n<p><img decoding=\"async\" class=\"alignnone size-medium wp-image-142644\" src=\"https:\/\/www.trend-networks.com\/wp-content\/uploads\/2025\/07\/AnyWARE-Cloud-600x226.png\" alt=\"\" width=\"600\" height=\"226\" title=\"\" srcset=\"https:\/\/www.trend-networks.com\/wp-content\/uploads\/2025\/07\/AnyWARE-Cloud-600x226.png 600w, https:\/\/www.trend-networks.com\/wp-content\/uploads\/2025\/07\/AnyWARE-Cloud-1024x387.png 1024w, https:\/\/www.trend-networks.com\/wp-content\/uploads\/2025\/07\/AnyWARE-Cloud-768x290.png 768w, https:\/\/www.trend-networks.com\/wp-content\/uploads\/2025\/07\/AnyWARE-Cloud.png 1102w\" sizes=\"(max-width: 600px) 100vw, 600px\" \/><\/p>\n<p>TREND AnyWARE Cloud Testbericht:<\/p>\n<p><img decoding=\"async\" class=\"alignnone size-medium wp-image-142653\" src=\"https:\/\/www.trend-networks.com\/wp-content\/uploads\/2025\/07\/SignalTEK-QT-Report-567x600.png\" alt=\"\" width=\"567\" height=\"600\" title=\"\" srcset=\"https:\/\/www.trend-networks.com\/wp-content\/uploads\/2025\/07\/SignalTEK-QT-Report-567x600.png 567w, https:\/\/www.trend-networks.com\/wp-content\/uploads\/2025\/07\/SignalTEK-QT-Report-600x635.png 600w, https:\/\/www.trend-networks.com\/wp-content\/uploads\/2025\/07\/SignalTEK-QT-Report.png 725w\" sizes=\"(max-width: 567px) 100vw, 567px\" \/><\/p>\n<p><strong>SignalTEK QT Pro:\u00a0<\/strong><\/p>\n<p><img decoding=\"async\" class=\"alignnone wp-image-143221 \" src=\"https:\/\/www.trend-networks.com\/wp-content\/uploads\/2025\/07\/Annotations-Page_DE-492x600.png\" alt=\"\" width=\"562\" height=\"685\" title=\"\" srcset=\"https:\/\/www.trend-networks.com\/wp-content\/uploads\/2025\/07\/Annotations-Page_DE-492x600.png 492w, https:\/\/www.trend-networks.com\/wp-content\/uploads\/2025\/07\/Annotations-Page_DE-600x732.png 600w, https:\/\/www.trend-networks.com\/wp-content\/uploads\/2025\/07\/Annotations-Page_DE.png 746w\" sizes=\"(max-width: 562px) 100vw, 562px\" \/><\/p>\n<p><strong>Welches SignalTEK QT-Modell ist das richtige f\u00fcr Sie?<\/strong><\/p>\n<p><img decoding=\"async\" class=\"alignnone wp-image-143241 \" src=\"https:\/\/www.trend-networks.com\/wp-content\/uploads\/2025\/07\/Feature-Chart_DE-568x600.png\" alt=\"\" width=\"755\" height=\"798\" title=\"\" srcset=\"https:\/\/www.trend-networks.com\/wp-content\/uploads\/2025\/07\/Feature-Chart_DE-568x600.png 568w, https:\/\/www.trend-networks.com\/wp-content\/uploads\/2025\/07\/Feature-Chart_DE-768x811.png 768w, https:\/\/www.trend-networks.com\/wp-content\/uploads\/2025\/07\/Feature-Chart_DE-600x633.png 600w, https:\/\/www.trend-networks.com\/wp-content\/uploads\/2025\/07\/Feature-Chart_DE.png 848w\" sizes=\"(max-width: 755px) 100vw, 755px\" \/><\/p>\n","protected":false},"excerpt":{"rendered":"<h3>Die ultimativen 10-Gigabit-Qualifizierungstester, f\u00fcr Kupfer (QT) oder f\u00fcr Kupfer -, Glasfaser- und Wi-Fi-Tests (QT PRO), unterst\u00fctzt durch die AnyWARE Cloud.<\/h3>\n<ul>\n<li>TREND AnyWARE Cloud erm\u00f6glicht die Vorkonfiguration von Projekten und Tests<\/li>\n<li>Kupferqualifizierung von 10 Mbit\/s bis 10 Gbit\/s, einschlie\u00dflich der neuen Multigig-Geschwindigkeiten von 2,5 und 5 Gbit\/s<\/li>\n<li>Glasfaserqualifizierung bis 100 Gb\/s durch D\u00e4mpfungsmessung (dB) und L\u00e4nge mit SignalTEK QT Pro<\/li>\n<li>Netzwerkdiagnose: Ping, Traceroute, Ger\u00e4teerkennung, Switch-Port- Informationen, Portauslastung, VLAN-Erkennung, PoE bis 90 Watt<\/li>\n<li>Wi-Fi-Tests zur Kanalanalyse und \u00dcberlappungserkennung mit SignalTEK QT Pro<\/li>\n<li>TeamViewer Funktion erm\u00f6glicht einfachen Zugriff auf den Tester, um Kollegen aus der Ferne zu unterst\u00fctzen<\/li>\n<li>Maximale Einsparungen durch Bundle-Angebot und Trade-In-Optionen<\/li>\n<\/ul>\n","protected":false},"featured_media":148666,"template":"","meta":{"_acf_changed":false,"inline_featured_image":false,"_glsr_average":5,"_glsr_ranking":3.75,"_glsr_reviews":2},"product_brand":[],"product_cat":[2944,468,492,479,2899],"product_tag":[2954],"woo-feed-brand":[],"class_list":{"0":"post-143108","1":"product","2":"type-product","3":"status-publish","4":"has-post-thumbnail","6":"product_cat-anyware-cloud-de","7":"product_cat-cctv-lan-netzwerk-industrie","8":"product_cat-glasfaser-messgeraete","9":"product_cat-kupfer-messgeraete","10":"product_cat-netzwerk-messgeraete","11":"product_tag-signaltek-qt-de","13":"first","14":"instock","15":"taxable","16":"shipping-taxable","17":"product-type-grouped","18":"add-to-wishlist-before_image"},"acf":[],"_links":{"self":[{"href":"https:\/\/www.trend-networks.com\/de\/wp-json\/wp\/v2\/product\/143108","targetHints":{"allow":["GET"]}}],"collection":[{"href":"https:\/\/www.trend-networks.com\/de\/wp-json\/wp\/v2\/product"}],"about":[{"href":"https:\/\/www.trend-networks.com\/de\/wp-json\/wp\/v2\/types\/product"}],"wp:featuredmedia":[{"embeddable":true,"href":"https:\/\/www.trend-networks.com\/de\/wp-json\/wp\/v2\/media\/148666"}],"wp:attachment":[{"href":"https:\/\/www.trend-networks.com\/de\/wp-json\/wp\/v2\/media?parent=143108"}],"wp:term":[{"taxonomy":"product_brand","embeddable":true,"href":"https:\/\/www.trend-networks.com\/de\/wp-json\/wp\/v2\/product_brand?post=143108"},{"taxonomy":"product_cat","embeddable":true,"href":"https:\/\/www.trend-networks.com\/de\/wp-json\/wp\/v2\/product_cat?post=143108"},{"taxonomy":"product_tag","embeddable":true,"href":"https:\/\/www.trend-networks.com\/de\/wp-json\/wp\/v2\/product_tag?post=143108"},{"taxonomy":"woo-feed-brand","embeddable":true,"href":"https:\/\/www.trend-networks.com\/de\/wp-json\/wp\/v2\/woo-feed-brand?post=143108"}],"curies":[{"name":"wp","href":"https:\/\/api.w.org\/{rel}","templated":true}]}}