{"id":139457,"date":"2022-06-09T16:13:10","date_gmt":"2022-06-09T15:13:10","guid":{"rendered":"https:\/\/www.trend-networks.com\/?post_type=product&#038;p=139457"},"modified":"2026-03-30T09:44:51","modified_gmt":"2026-03-30T08:44:51","slug":"lanxplorer-pro-inline-netzwerktester","status":"publish","type":"product","link":"https:\/\/www.trend-networks.com\/de\/produkt\/lanxplorer-pro-inline-netzwerktester\/","title":{"rendered":"LanXPLORER Pro Inline-Netzwerktester"},"content":{"rendered":"<p>LanXPLORER Pro Inline-Netzwerktester zur Analyse und Diagnose von St\u00f6rungen in Netzwerken, Verkabelungen und Ethernet-Ger\u00e4ten f\u00fcr Kupfer, Glasfaser und WLAN.<\/p>\n","protected":false},"excerpt":{"rendered":"<ul>\n<li><strong><span class=\"ui-provider a b c d e f g h i j k l m n o p q r s t u v w x y z ab ac ae af ag ah ai aj ak\" dir=\"ltr\">Das ist ein Vorf\u00fchr-\/Gebrauchtger\u00e4t.<\/span><\/strong><\/li>\n<li><strong><span class=\"ui-provider a b c d e f g h i j k l m n o p q r s t u v w x y z ab ac ae af ag ah ai aj ak\" dir=\"ltr\">Wird geliefert mit einer neuen Batterie, der neuesten Software und den kompletten Zubeh\u00f6r, was das Kit enth\u00e4lt. Das gezeigte Bild dient nur zur Veranschaulichung.<\/span><\/strong><\/li>\n<li><strong><span class=\"ui-provider a b c d e f g h i j k l m n o p q r s t u v w x y z ab ac ae af ag ah ai aj ak\" dir=\"ltr\">12 Monate Garantie auf Ersatzteile und Reparatur. Die Garantie deckt keine fahrl\u00e4ssigen\/mutwilligen Sch\u00e4den ab.<\/span><\/strong><\/li>\n<\/ul>\n","protected":false},"featured_media":139448,"template":"","meta":{"_acf_changed":false,"inline_featured_image":false,"_glsr_average":0,"_glsr_ranking":0,"_glsr_reviews":0},"product_brand":[],"product_cat":[2729],"product_tag":[2264],"woo-feed-brand":[],"class_list":{"0":"post-139457","1":"product","2":"type-product","3":"status-publish","4":"has-post-thumbnail","6":"product_cat-used-testers-de","7":"product_tag-lanxplorer-de","9":"first","10":"instock","11":"sale","12":"taxable","13":"shipping-taxable","14":"purchasable","15":"product-type-simple","16":"add-to-wishlist-before_image"},"acf":[],"_links":{"self":[{"href":"https:\/\/www.trend-networks.com\/de\/wp-json\/wp\/v2\/product\/139457","targetHints":{"allow":["GET"]}}],"collection":[{"href":"https:\/\/www.trend-networks.com\/de\/wp-json\/wp\/v2\/product"}],"about":[{"href":"https:\/\/www.trend-networks.com\/de\/wp-json\/wp\/v2\/types\/product"}],"wp:featuredmedia":[{"embeddable":true,"href":"https:\/\/www.trend-networks.com\/de\/wp-json\/wp\/v2\/media\/139448"}],"wp:attachment":[{"href":"https:\/\/www.trend-networks.com\/de\/wp-json\/wp\/v2\/media?parent=139457"}],"wp:term":[{"taxonomy":"product_brand","embeddable":true,"href":"https:\/\/www.trend-networks.com\/de\/wp-json\/wp\/v2\/product_brand?post=139457"},{"taxonomy":"product_cat","embeddable":true,"href":"https:\/\/www.trend-networks.com\/de\/wp-json\/wp\/v2\/product_cat?post=139457"},{"taxonomy":"product_tag","embeddable":true,"href":"https:\/\/www.trend-networks.com\/de\/wp-json\/wp\/v2\/product_tag?post=139457"},{"taxonomy":"woo-feed-brand","embeddable":true,"href":"https:\/\/www.trend-networks.com\/de\/wp-json\/wp\/v2\/woo-feed-brand?post=139457"}],"curies":[{"name":"wp","href":"https:\/\/api.w.org\/{rel}","templated":true}]}}