{"id":132895,"date":"2024-10-01T14:57:12","date_gmt":"2024-10-01T13:57:12","guid":{"rendered":"https:\/\/www.trend-networks.com\/product\/fibre-protective-sleeve-heat-shrink-40-mm-100pcs-per-bag\/"},"modified":"2024-10-02T09:28:42","modified_gmt":"2024-10-02T08:28:42","slug":"fibre-protective-sleeve-heat-shrink-40-mm-100pcs-per-bag","status":"publish","type":"product","link":"https:\/\/www.trend-networks.com\/de\/produkt\/fibre-protective-sleeve-heat-shrink-40-mm-100pcs-per-bag\/","title":{"rendered":"Faserschutzh\u00fcllen (Schrumpfschlauch 40 mm) 100 St\u00fcck pro T\u00fcte"},"content":{"rendered":"","protected":false},"excerpt":{"rendered":"","protected":false},"featured_media":132508,"template":"","meta":{"_acf_changed":false,"inline_featured_image":false,"_glsr_average":0,"_glsr_ranking":0,"_glsr_reviews":0},"product_brand":[],"product_cat":[459],"product_tag":[2926],"woo-feed-brand":[],"class_list":{"0":"post-132895","1":"product","2":"type-product","3":"status-publish","4":"has-post-thumbnail","6":"product_cat-zubehor","7":"product_tag-fibermaster-fusion-splicers-de","9":"first","10":"instock","11":"taxable","12":"shipping-taxable","13":"purchasable","14":"product-type-simple","15":"add-to-wishlist-before_image"},"acf":[],"_links":{"self":[{"href":"https:\/\/www.trend-networks.com\/de\/wp-json\/wp\/v2\/product\/132895","targetHints":{"allow":["GET"]}}],"collection":[{"href":"https:\/\/www.trend-networks.com\/de\/wp-json\/wp\/v2\/product"}],"about":[{"href":"https:\/\/www.trend-networks.com\/de\/wp-json\/wp\/v2\/types\/product"}],"wp:featuredmedia":[{"embeddable":true,"href":"https:\/\/www.trend-networks.com\/de\/wp-json\/wp\/v2\/media\/132508"}],"wp:attachment":[{"href":"https:\/\/www.trend-networks.com\/de\/wp-json\/wp\/v2\/media?parent=132895"}],"wp:term":[{"taxonomy":"product_brand","embeddable":true,"href":"https:\/\/www.trend-networks.com\/de\/wp-json\/wp\/v2\/product_brand?post=132895"},{"taxonomy":"product_cat","embeddable":true,"href":"https:\/\/www.trend-networks.com\/de\/wp-json\/wp\/v2\/product_cat?post=132895"},{"taxonomy":"product_tag","embeddable":true,"href":"https:\/\/www.trend-networks.com\/de\/wp-json\/wp\/v2\/product_tag?post=132895"},{"taxonomy":"woo-feed-brand","embeddable":true,"href":"https:\/\/www.trend-networks.com\/de\/wp-json\/wp\/v2\/woo-feed-brand?post=132895"}],"curies":[{"name":"wp","href":"https:\/\/api.w.org\/{rel}","templated":true}]}}