{"id":132184,"date":"2024-09-01T10:17:56","date_gmt":"2024-09-01T09:17:56","guid":{"rendered":"https:\/\/www.trend-networks.com\/product\/fibermaster-fusion-splicer-series-new\/"},"modified":"2026-04-01T14:20:39","modified_gmt":"2026-04-01T13:20:39","slug":"fibermaster-fusion-splicer-series-new","status":"publish","type":"product","link":"https:\/\/www.trend-networks.com\/de\/produkt\/fibermaster-fusion-splicer-series-new\/","title":{"rendered":"FiberMASTER Fusionssplei\u00dfger\u00e4te-Serie"},"content":{"rendered":"<p><strong>Erleben Sie schnelles und pr\u00e4zises Fusionssplei\u00dfen mit zuverl\u00e4ssigem Support, abgesichert durch eine 3-Jahres-Garantie.<\/strong><\/p>\n<p>Die FiberMASTER S60 und S40 Fusionssplei\u00dfger\u00e4te sind unverzichtbar f\u00fcr die Herstellung zuverl\u00e4ssiger, langfristiger Glasfaserverbindungen und bieten eine \u00fcberragende Splei\u00dfleistung in nur 6 Sekunden. Mit einer hohen zuverl\u00e4ssigen Wiederholgenauigkeit ist Ihr letzter Splei\u00df genauso exakt wie Ihr erster. Es war noch nie so einfach, Ihre Investition mit einem zuverl\u00e4ssigen Kundensupport und einer standardm\u00e4\u00dfigen 3-Jahres-Garantie zu sch\u00fctzen. Ein optionaler Saphir Careplan ist ebenfalls erh\u00e4ltlich, um Ausfallzeiten zu minimieren und unerwartete Service- oder Reparaturkosten zu vermeiden.<\/p>\n<p><strong>Robust und zuverl\u00e4ssig.<\/strong><br \/>\nGebaut f\u00fcr den Einsatz unter verschiedensten Bedingungen.<\/p>\n<p><strong>Verl\u00e4ssliche Leistung.<\/strong><br \/>\nHervorragende Ergebnisse mit einem Splei\u00dfverlust von nur ca. 0,01 dB.<\/p>\n<p><strong>Wiederholgenauigkeit.<\/strong><br \/>\nFiberMASTER erreicht maximale Leistung und hervorragende Wiederholgenauigkeit \u00fcber Hunderte von Splei\u00dfen..<\/p>\n<p><!--more--><\/p>\n<p><img decoding=\"async\" class=\"alignnone size-medium wp-image-131933\" src=\"https:\/\/www.trend-networks.com\/wp-content\/uploads\/2024\/09\/Splice-Loss-Range-v5-EN-2-600x448.png\" alt=\"\" width=\"600\" height=\"448\" title=\"\" srcset=\"https:\/\/www.trend-networks.com\/wp-content\/uploads\/2024\/09\/Splice-Loss-Range-v5-EN-2-600x448.png 600w, https:\/\/www.trend-networks.com\/wp-content\/uploads\/2024\/09\/Splice-Loss-Range-v5-EN-2-768x573.png 768w, https:\/\/www.trend-networks.com\/wp-content\/uploads\/2024\/09\/Splice-Loss-Range-v5-EN-2.png 960w\" sizes=\"(max-width: 600px) 100vw, 600px\" \/><\/p>\n<p>Der maximal zul\u00e4ssige Splei\u00dfverlust f\u00fcr Installationen, die den ISO\/EN\/TIA-Normen entsprechen, betr\u00e4gt 0,30 dB. Die Splei\u00dfverluste von FiberMASTER \u00fcbertreffen diese Standards um mehr als das 20-fache, wodurch die D\u00e4mpfung in Ihren Glasfaserverbindungen reduziert und die Gesamtsystemmarge erh\u00f6ht wird. Daten von 100 Splei\u00dfen gemessen unter Laborbedingungen, bei den Splei\u00dfverlusten handelt es sich nicht um vom Fusionssplei\u00dfger\u00e4t angezeigten D\u00e4mpfungswerte.<\/p>\n<p>&nbsp;<\/p>\n<p><img decoding=\"async\" class=\"alignnone wp-image-132072\" src=\"https:\/\/www.trend-networks.com\/wp-content\/uploads\/2024\/09\/s60-angled-website-600x592.png\" alt=\"\" width=\"368\" height=\"363\" title=\"\" srcset=\"https:\/\/www.trend-networks.com\/wp-content\/uploads\/2024\/09\/s60-angled-website-600x592.png 600w, https:\/\/www.trend-networks.com\/wp-content\/uploads\/2024\/09\/s60-angled-website-100x100.png 100w, https:\/\/www.trend-networks.com\/wp-content\/uploads\/2024\/09\/s60-angled-website.png 661w\" sizes=\"(max-width: 368px) 100vw, 368px\" \/><\/p>\n<h3><\/h3>\n<h3>S60 &#8211; Kernzentriertes Fusionssplei\u00dfger\u00e4t<\/h3>\n<p>Das kernzentrierte Fusionssplei\u00dfger\u00e4t S60 bietet einen au\u00dferordentlich geringen Verlust und Wiederholgenauigkeit beim Splei\u00dfen unterschiedlicher Fasertypen durch eine automatische Erkennung. Die Verwendung von 2 zus\u00e4tzlichen Motoren (6 Motoren insgesamt) optimiert die Kernzentrierung und sorgt f\u00fcr eine pr\u00e4zise Ausrichtung und f\u00fcr hervorragende Wiederholbarkeit mit jeder Art von Faser.<\/p>\n<p><strong>Optimiert f\u00fcr \u2013<\/strong> Trunkverbindungen, Datacenter, Telekommunikation, FTTH, und hohes Splei\u00df-Volumen.<br \/>\n<strong>Schnelle Splei\u00dfzeit &#8211;<\/strong> 6 Sekunden (Durchschnitt)<br \/>\n<strong>Vergr\u00f6\u00dferung und Aufl\u00f6sung &#8211;<\/strong> 400x<br \/>\n<strong>Touchscreen &#8211;<\/strong> 5-Zoll-Farb-LCD<br \/>\n<strong>Heizzeit &#8211;<\/strong> ca. 18 Sekunden<br \/>\n<strong>Batteriekapazit\u00e4t &#8211;<\/strong> 280 Splei\u00df-\/Heizzyklen<br \/>\n<strong>Datenspeicherung &#8211;<\/strong> 10.000 Ergebnisse<\/p>\n<p>&nbsp;<\/p>\n<p>&nbsp;<\/p>\n<p><img decoding=\"async\" class=\"alignnone wp-image-132082\" src=\"https:\/\/www.trend-networks.com\/wp-content\/uploads\/2024\/09\/s40-close-up-screen-website-600x572.png\" alt=\"\" width=\"363\" height=\"346\" title=\"\" srcset=\"https:\/\/www.trend-networks.com\/wp-content\/uploads\/2024\/09\/s40-close-up-screen-website-600x572.png 600w, https:\/\/www.trend-networks.com\/wp-content\/uploads\/2024\/09\/s40-close-up-screen-website-768x733.png 768w, https:\/\/www.trend-networks.com\/wp-content\/uploads\/2024\/09\/s40-close-up-screen-website.png 849w\" sizes=\"(max-width: 363px) 100vw, 363px\" \/><\/p>\n<h3><\/h3>\n<h3>S40 &#8211; Mantelzentriertes Fusionssplei\u00dfger\u00e4t<\/h3>\n<p>Das mantelzentrierte Fusionssplei\u00dfger\u00e4t S40 bietet eine \u00fcberragende Geschwindigkeit und Splei\u00dfleistung in faseroptischen Installationen, in denen Kabel \u00e4hnlicher Typen gesplei\u00dft werden. Die Verwendung von 4 Motoren f\u00fcr die pr\u00e4zise Ausrichtung des Mantels der Kabel sorgt f\u00fcr schnelles Splei\u00dfen und zuverl\u00e4ssige Leistung.<\/p>\n<p><strong>Optimiert f\u00fcr \u2013<\/strong> Fibre to the Home (FTTH), Enterprise- und Campusnetze.<br \/>\n<strong>Schnelle Splei\u00dfzeit &#8211;<\/strong> 7 Sekunden (Durchschnitt)<br \/>\n<strong>Vergr\u00f6\u00dferung und Aufl\u00f6sung &#8211;<\/strong> 320x<br \/>\n<strong>Touchscreen &#8211;<\/strong> 4,3-Zoll-Farb-LCD<br \/>\n<strong>Heizzeit &#8211;<\/strong> ca. 20 Sekunden<br \/>\n<strong>Battery Capacity &#8211;<\/strong> 240 splice\/heat cycles<br \/>\n<strong>Data storage &#8211;<\/strong> 8,000 results<\/p>\n<p>&nbsp;<\/p>\n<p><img decoding=\"async\" class=\"alignnone wp-image-133232 size-medium\" src=\"https:\/\/www.trend-networks.com\/wp-content\/uploads\/2024\/09\/Website_call-outs-DE-600x432.png\" alt=\"\" width=\"600\" height=\"432\" title=\"\" srcset=\"https:\/\/www.trend-networks.com\/wp-content\/uploads\/2024\/09\/Website_call-outs-DE-600x432.png 600w, https:\/\/www.trend-networks.com\/wp-content\/uploads\/2024\/09\/Website_call-outs-DE-1024x737.png 1024w, https:\/\/www.trend-networks.com\/wp-content\/uploads\/2024\/09\/Website_call-outs-DE-768x553.png 768w, https:\/\/www.trend-networks.com\/wp-content\/uploads\/2024\/09\/Website_call-outs-DE.png 1092w\" sizes=\"(max-width: 600px) 100vw, 600px\" \/><\/p>\n<p>&nbsp;<\/p>\n<p><img decoding=\"async\" class=\"alignnone wp-image-133222 \" src=\"https:\/\/www.trend-networks.com\/wp-content\/uploads\/2024\/09\/Saphire-Servicevertrag-600x156.png\" alt=\"\" width=\"419\" height=\"109\" title=\"\" srcset=\"https:\/\/www.trend-networks.com\/wp-content\/uploads\/2024\/09\/Saphire-Servicevertrag-600x156.png 600w, https:\/\/www.trend-networks.com\/wp-content\/uploads\/2024\/09\/Saphire-Servicevertrag-1024x267.png 1024w, https:\/\/www.trend-networks.com\/wp-content\/uploads\/2024\/09\/Saphire-Servicevertrag-768x200.png 768w, https:\/\/www.trend-networks.com\/wp-content\/uploads\/2024\/09\/Saphire-Servicevertrag-1536x400.png 1536w, https:\/\/www.trend-networks.com\/wp-content\/uploads\/2024\/09\/Saphire-Servicevertrag-2048x534.png 2048w\" sizes=\"(max-width: 419px) 100vw, 419px\" \/><\/p>\n<p>&nbsp;<\/p>\n<h3><strong>Vollst\u00e4ndiger Schutz f\u00fcr Ihr FiberMASTER Fusionssplei\u00dfger\u00e4t.<\/strong><\/h3>\n<p>Der Saphir Careplan wurde entwickelt, um Ausfallzeiten zu minimieren, die Betriebskosten zu senken und vor unvorhergesehenen Reparaturkosten zu sch\u00fctzen.<\/p>\n<p><strong>Kostenlose Reparaturen \u2013<\/strong> Sch\u00fctzen Sie sich vor unvorhergesehenen Betriebskosten<br \/>\n<strong>Kostenloses Leihger\u00e4t bei Reparaturen und Wartungen \u2013<\/strong> keine Ausfallzeiten<br \/>\n<strong>Kostenloser j\u00e4hrlicher Service &#8211;<\/strong> um maximale Splei\u00dfleistung und Konsistenz zu gew\u00e4hrleisten<br \/>\n<strong>Kostenlose Online-Schulungen und technischer Support \u2013<\/strong> Verbessern Sie die Effizienz<br \/>\n<strong>Kostenloser Versand \u2013<\/strong> Reduzieren Sie die Kosten<br \/>\n<strong>Kostenlos austauschbare Verschlei\u00dfteile \u2013<\/strong> Reduzieren Sie die Betriebskosten<\/p>\n<h3><\/h3>\n<h3>Zuverl\u00e4ssiger Support<\/h3>\n<p>Mit unserer Unternehmensphilosophie unter dem Motto \u201eDepend On Us\u201c stellen wir sicher, dass unsere Kunden jederzeit die ben\u00f6tigte Leistung und Unterst\u00fctzung erhalten, die Sie ben\u00f6tigen.<\/p>\n<p><strong>Technischer Support \u2013<\/strong> Technische Support Hotline, um eine schnelle L\u00f6sung zu gew\u00e4hrleisten<br \/>\n<strong>WhatsApp \u2013<\/strong> Holen Sie sich die Hilfe, die Sie brauchen<br \/>\n<strong>Schneller Service \u2013<\/strong> Regionale Servicezentren f\u00fcr schnelle Reparatur und Wartung<br \/>\n<strong>Kostenlose Online-Inhalte \u2013<\/strong> Bleiben Sie auf dem Laufenden mit unseren kostenlosen Webinaren und Online-Inhalte<\/p>\n","protected":false},"excerpt":{"rendered":"<h3>Die ultimative L\u00f6sung f\u00fcr schnelles und pr\u00e4zises Spleissen.<\/h3>\n<p>Die FiberMASTER S60 und S40 Fusionssplei\u00dfger\u00e4te sind unverzichtbar f\u00fcr die Herstellung zuverl\u00e4ssiger, langfristiger Glasfaserverbindungen und bieten eine \u00fcberragende Splei\u00dfleistung in nur 6 Sekunden. Mit einer hohen zuverl\u00e4ssigen Wiederholgenauigkeit ist Ihr letzter Splei\u00df genauso exakt wie Ihr erster.<\/p>\n<p><strong>Sicher vernetzt in den fr\u00fchling: top-angebote auf spleisstechnik und diagnose-tools f\u00fcr maximale ausfallsicherheit. <a href=\"https:\/\/www.trend-networks.com\/wp-content\/uploads\/2026\/04\/Spring-Savings_DE-2026.pdf\">Klicken Sie hier.<\/a><\/strong><\/p>\n<ul>\n<li>\n<div class=\"ewa-rteLine\">Mit einer 3-Jahres-Garantie<\/div>\n<\/li>\n<li class=\"ewa-rteLine\">Saphir Careplan verf\u00fcgbar, um Ausfallzeiten zu minimieren und unerwartete Service- oder Reparaturkosten zu vermeiden<\/li>\n<li class=\"ewa-rteLine\">Hervorragende Ergebnisse mit einem Splei\u00dfverlust von nur\u00a0 \u00a0 \u00a0 \u00a0 \u00a0 \u00a0 \u00a0 \u00a0 \u00a0 \u00a0ca. 0,01 dB<\/li>\n<li class=\"ewa-rteLine\">Technische Support Hotline, um eine schnelle L\u00f6sung zu gew\u00e4hrleisten<\/li>\n<\/ul>\n","protected":false},"featured_media":153109,"template":"","meta":{"_acf_changed":false,"inline_featured_image":false,"_glsr_average":0,"_glsr_ranking":0,"_glsr_reviews":0},"product_brand":[],"product_cat":[2935,492,2846],"product_tag":[2926],"woo-feed-brand":[],"class_list":{"0":"post-132184","1":"product","2":"type-product","3":"status-publish","4":"has-post-thumbnail","6":"product_cat-fusionsspleissgeraete","7":"product_cat-glasfaser-messgeraete","8":"product_cat-vorgestellten-aktionen","9":"product_tag-fibermaster-fusion-splicers-de","11":"first","12":"instock","13":"taxable","14":"shipping-taxable","15":"product-type-grouped","16":"add-to-wishlist-before_image"},"acf":[],"_links":{"self":[{"href":"https:\/\/www.trend-networks.com\/de\/wp-json\/wp\/v2\/product\/132184","targetHints":{"allow":["GET"]}}],"collection":[{"href":"https:\/\/www.trend-networks.com\/de\/wp-json\/wp\/v2\/product"}],"about":[{"href":"https:\/\/www.trend-networks.com\/de\/wp-json\/wp\/v2\/types\/product"}],"wp:featuredmedia":[{"embeddable":true,"href":"https:\/\/www.trend-networks.com\/de\/wp-json\/wp\/v2\/media\/153109"}],"wp:attachment":[{"href":"https:\/\/www.trend-networks.com\/de\/wp-json\/wp\/v2\/media?parent=132184"}],"wp:term":[{"taxonomy":"product_brand","embeddable":true,"href":"https:\/\/www.trend-networks.com\/de\/wp-json\/wp\/v2\/product_brand?post=132184"},{"taxonomy":"product_cat","embeddable":true,"href":"https:\/\/www.trend-networks.com\/de\/wp-json\/wp\/v2\/product_cat?post=132184"},{"taxonomy":"product_tag","embeddable":true,"href":"https:\/\/www.trend-networks.com\/de\/wp-json\/wp\/v2\/product_tag?post=132184"},{"taxonomy":"woo-feed-brand","embeddable":true,"href":"https:\/\/www.trend-networks.com\/de\/wp-json\/wp\/v2\/woo-feed-brand?post=132184"}],"curies":[{"name":"wp","href":"https:\/\/api.w.org\/{rel}","templated":true}]}}