{"id":129698,"date":"2024-07-24T15:10:26","date_gmt":"2024-07-24T14:10:26","guid":{"rendered":"https:\/\/www.trend-networks.com\/?post_type=product&#038;p=129698"},"modified":"2024-07-29T10:11:07","modified_gmt":"2024-07-29T09:11:07","slug":"lantek-faserinspektionsmikroskop","status":"publish","type":"product","link":"https:\/\/www.trend-networks.com\/de\/produkt\/lantek-faserinspektionsmikroskop\/","title":{"rendered":"LanTEK Faserinspektionsmikroskop"},"content":{"rendered":"","protected":false},"excerpt":{"rendered":"<table style=\"border-collapse: collapse; width: 833pt;\" width=\"1111\">\n<tbody>\n<tr style=\"height: 29.25pt;\">\n<td class=\"xl16\" style=\"width: 833pt; height: 29.25pt;\" width=\"1111\" height=\"39\">Faserinspektionsmikroskop mit USB Anschluss f\u00fcr die LanTEK IV Serie. Enth\u00e4lt VideoProbe Tips mit 2,5mm und 1,25mm f\u00fcr die Inspektion von Steckern. die nicht in einem Panel\/Kupplung\/Bulkhead installiert sind.<\/td>\n<\/tr>\n<\/tbody>\n<\/table>\n","protected":false},"featured_media":129715,"template":"","meta":{"_acf_changed":false,"inline_featured_image":false,"_glsr_average":0,"_glsr_ranking":0,"_glsr_reviews":0},"product_brand":[],"product_cat":[459],"product_tag":[2823],"woo-feed-brand":[],"class_list":{"0":"post-129698","1":"product","2":"type-product","3":"status-publish","4":"has-post-thumbnail","6":"product_cat-zubehor","7":"product_tag-lantek-iv-s-de","9":"first","10":"instock","11":"taxable","12":"shipping-taxable","13":"purchasable","14":"product-type-simple","15":"add-to-wishlist-before_image"},"acf":[],"_links":{"self":[{"href":"https:\/\/www.trend-networks.com\/de\/wp-json\/wp\/v2\/product\/129698","targetHints":{"allow":["GET"]}}],"collection":[{"href":"https:\/\/www.trend-networks.com\/de\/wp-json\/wp\/v2\/product"}],"about":[{"href":"https:\/\/www.trend-networks.com\/de\/wp-json\/wp\/v2\/types\/product"}],"wp:featuredmedia":[{"embeddable":true,"href":"https:\/\/www.trend-networks.com\/de\/wp-json\/wp\/v2\/media\/129715"}],"wp:attachment":[{"href":"https:\/\/www.trend-networks.com\/de\/wp-json\/wp\/v2\/media?parent=129698"}],"wp:term":[{"taxonomy":"product_brand","embeddable":true,"href":"https:\/\/www.trend-networks.com\/de\/wp-json\/wp\/v2\/product_brand?post=129698"},{"taxonomy":"product_cat","embeddable":true,"href":"https:\/\/www.trend-networks.com\/de\/wp-json\/wp\/v2\/product_cat?post=129698"},{"taxonomy":"product_tag","embeddable":true,"href":"https:\/\/www.trend-networks.com\/de\/wp-json\/wp\/v2\/product_tag?post=129698"},{"taxonomy":"woo-feed-brand","embeddable":true,"href":"https:\/\/www.trend-networks.com\/de\/wp-json\/wp\/v2\/woo-feed-brand?post=129698"}],"curies":[{"name":"wp","href":"https:\/\/api.w.org\/{rel}","templated":true}]}}