{"id":67515,"date":"2021-05-26T09:44:23","date_gmt":"2021-05-26T08:44:23","guid":{"rendered":"https:\/\/www.trend-networks.com\/learning-hub\/articles\/"},"modified":"2021-08-24T12:10:18","modified_gmt":"2021-08-24T11:10:18","slug":"articles","status":"publish","type":"page","link":"https:\/\/www.trend-networks.com\/de\/wissens-hub\/articles\/","title":{"rendered":"Articles"},"content":{"rendered":"\n<h1 class=\"wp-block-heading\">Articles<\/h1>\n\n\n\n        <\/div>\n    <\/div>\n<\/section>\n\n<section   class=\"in__latest-navigation fullwidth-menu\">\n    <div class=\"menu-learning-hub-menu-de-container\"><ul id=\"menu-learning-hub-menu-de\" class=\"menu\"><li id=\"menu-item-67539\" class=\"menu-item menu-item-type-post_type menu-item-object-page menu-item-67539\"><a href=\"https:\/\/www.trend-networks.com\/de\/wissens-hub\/videos\/\">Videos<\/a><\/li>\n<li id=\"menu-item-67538\" class=\"menu-item menu-item-type-post_type menu-item-object-page menu-item-67538\"><a href=\"https:\/\/www.trend-networks.com\/de\/wissens-hub\/white-papers\/\">White papers<\/a><\/li>\n<li id=\"menu-item-67540\" class=\"menu-item menu-item-type-post_type menu-item-object-page menu-item-67540\"><a href=\"https:\/\/www.trend-networks.com\/de\/wissens-hub\/articles\/\">Articles<\/a><\/li>\n<\/ul><\/div><\/section>\n\n<section class=\"grid-container section\">\n    <div class=\"grid-x\">\n        <div class=\"small-12 medium-12 large-12 cell inner-content\">\n\n\n\n\n<section  class=\"trend-downloads-hub\">\n    <div id=\"downloads-filter-results\" class=\"grid-x\">\n        <div class=\"in__sidebar-title\">\n            <button id=\"in__section_download_sidebar_toggle\"><h3>Filter<\/h3><\/button>\n        <\/div>\n        <div id=\"sidebar\" class=\"cell large-3\">\n            <div id=\"in__sidebar-title\">\n                <h3>Filter<\/h3>                <p><button id=\"in__section_download_sidebar_close\">Close<\/button><\/p>\n            <\/div>\n            <div class=\"in__filter-sidebar\">\n                <form action=\"\" method=\"get\" class=\"alm-filters-container\"><div class=\"alm-filter open\"><div class=\"alm-filter--title\"><h3>Produkt<\/h3><\/div><ul><li><input type=\"radio\" value=\"\" name=\"product_tag\" id=\"all_products\"\/><label for=\"all_products\">All<\/label><\/li><li class=\"alm-filter--checkbox\"><input type=\"radio\" id=\"article\" name=\"product_tag\" value=\"article\"  data-pr-id=\"2828\" data-pr-count=\"1\"\/><label for=\"article\" class=\"\">article<\/label><\/li><li class=\"alm-filter--checkbox\"><input type=\"radio\" id=\"fibermaster-de\" name=\"product_tag\" value=\"fibermaster-de\"  data-pr-id=\"1050\" data-pr-count=\"1\"\/><label for=\"fibermaster-de\" class=\"\">FiberMASTER Testers<\/label><\/li><li class=\"alm-filter--checkbox\"><input type=\"radio\" id=\"fibertek-iii-de\" name=\"product_tag\" value=\"fibertek-iii-de\"  data-pr-id=\"1064\" data-pr-count=\"1\"\/><label for=\"fibertek-iii-de\" class=\"\">FiberTEK III<\/label><\/li><li class=\"alm-filter--checkbox\"><input type=\"radio\" id=\"lantek-iii-de\" name=\"product_tag\" value=\"lantek-iii-de\"  data-pr-id=\"1063\" data-pr-count=\"1\"\/><label for=\"lantek-iii-de\" class=\"\">LanTEK III<\/label><\/li><li class=\"alm-filter--checkbox\"><input type=\"radio\" id=\"lantek-iv-s-de\" name=\"product_tag\" value=\"lantek-iv-s-de\"  data-pr-id=\"2817\" data-pr-count=\"1\"\/><label for=\"lantek-iv-s-de\" class=\"\">LanTEK IV-S<\/label><\/li><li class=\"alm-filter--checkbox\"><input type=\"radio\" id=\"navitek-nt-de\" name=\"product_tag\" value=\"navitek-nt-de\"  data-pr-id=\"1111\" data-pr-count=\"1\"\/><label for=\"navitek-nt-de\" class=\"\">NaviTEK NT<\/label><\/li><li class=\"alm-filter--checkbox\"><input type=\"radio\" id=\"poe-pro-de\" name=\"product_tag\" value=\"poe-pro-de\"  data-pr-id=\"2331\" data-pr-count=\"2\"\/><label for=\"poe-pro-de\" class=\"\">PoE Pro<\/label><\/li><li class=\"alm-filter--checkbox\"><input type=\"radio\" id=\"signaltek-10g-de\" name=\"product_tag\" value=\"signaltek-10g-de\"  data-pr-id=\"2742\" data-pr-count=\"2\"\/><label for=\"signaltek-10g-de\" class=\"\">SignalTEK 10G<\/label><\/li><li class=\"alm-filter--checkbox\"><input type=\"radio\" id=\"signaltek-nt-de\" name=\"product_tag\" value=\"signaltek-nt-de\"  data-pr-id=\"1276\" data-pr-count=\"1\"\/><label for=\"signaltek-nt-de\" class=\"\">SignalTEK NT<\/label><\/li><li class=\"alm-filter--checkbox\"><input type=\"radio\" id=\"vdv-ii-de\" name=\"product_tag\" value=\"vdv-ii-de\"  data-pr-id=\"1060\" data-pr-count=\"1\"\/><label for=\"vdv-ii-de\" class=\"\">VDV II<\/label><\/li><\/ul><\/div><div class=\"alm-filter open\"><div class=\"alm-filter--title\"><h3>Sprache<\/h3><\/div><ul><li class=\"reset-field\"><input type=\"radio\" value=\"\" name=\"language\" id=\"all_lang\"\/><label for=\"all_lang\">All<\/label><\/li><li class=\"alm-filter--checkbox\"><input type=\"radio\" name=\"language\" id=\"american-english\" value=\"american-english\" \/><label for=\"american-english\" class=\"\">American (English)<\/label><\/li><li class=\"alm-filter--checkbox\"><input type=\"radio\" name=\"language\" id=\"australia\" value=\"australia\" \/><label for=\"australia\" class=\"\">Australia<\/label><\/li><li class=\"alm-filter--checkbox\"><input type=\"radio\" name=\"language\" id=\"australian-english\" value=\"australian-english\" \/><label for=\"australian-english\" class=\"\">Australian (English)<\/label><\/li><li class=\"alm-filter--checkbox\"><input type=\"radio\" name=\"language\" id=\"canada\" value=\"canada\" \/><label for=\"canada\" class=\"\">Canada<\/label><\/li><li class=\"alm-filter--checkbox\"><input type=\"radio\" name=\"language\" id=\"canadian-english\" value=\"canadian-english\" \/><label for=\"canadian-english\" class=\"\">Canadian (English)<\/label><\/li><li class=\"alm-filter--checkbox\"><input type=\"radio\" name=\"language\" id=\"chinese\" value=\"chinese\" \/><label for=\"chinese\" class=\"\">Chinese<\/label><\/li><li class=\"alm-filter--checkbox\"><input type=\"radio\" name=\"language\" id=\"english\" value=\"english\" \/><label for=\"english\" class=\"\">English<\/label><\/li><li class=\"alm-filter--checkbox\"><input type=\"radio\" name=\"language\" id=\"french\" value=\"french\" \/><label for=\"french\" class=\"\">French<\/label><\/li><li class=\"alm-filter--checkbox\"><input type=\"radio\" name=\"language\" id=\"german\" value=\"german\" checked=\"checked\"\/><label for=\"german\" class=\"\">German<\/label><\/li><li class=\"alm-filter--checkbox\"><input type=\"radio\" name=\"language\" id=\"spanish\" value=\"spanish\" \/><label for=\"spanish\" class=\"\">Spanish<\/label><\/li><li class=\"alm-filter--checkbox\"><input type=\"radio\" name=\"language\" id=\"united-kingdom\" value=\"united-kingdom\" \/><label for=\"united-kingdom\" class=\"\">United kingdom<\/label><\/li><li class=\"alm-filter--checkbox\"><input type=\"radio\" name=\"language\" id=\"united-states\" value=\"united-states\" \/><label for=\"united-states\" class=\"\">United States<\/label><\/li><\/ul><\/div><div><button type=\"button\" value=\"Reset\" class=\"btn blue in__reset-download-filters\">Reset<\/button><\/div><\/form>\t\t\t<\/div>\n        <\/div>\n        <div class=\"cell large-9\">\n            <!--H\u00c4UFIGE ST\u00d6RUNGEN IN POE-INSTALLATIONEN UND DEREN BEHEBUNG--><!--NEUER ETHERNET-TESTER SIGNALTEK 10G ERM\u00d6GLICHT GR\u00d6SSERE BANDBREITE UND VERMEIDET AUSFALLZEITEN--><!--POWER OVER ETHERNET WICHTIGES \u00dcBER KLASSE, TYP UND LEISTUNG--><!--SECHS FRAGEN, DIE SIE SICH BEI DER AUSWAHL IHRES N\u00c4CHSTEN TONGENERATORS MIT INDUKTIVEM EMPF\u00c4NGER STELLEN SOLLTEN--><!--UNTERST\u00dcTZT MEINE ALTE INFRASTRUKTUR MULTIGIG-ANWENDUNGEN? ZWEI KONTROLLM\u00d6GLICHKEITEN.--><!--WELCHE VORTEILE BIETEN IHNEN DIE KABELTESTER VON TREND NETWORKS BEI AUDIO-VIDEO-INSTALLATIONEN--><div class=\"in__document-grid\"><ul class=\"alm-paging-content\"><li class=\"in__download-grid-item no-img article \"><a href=\"https:\/\/www.trend-networks.com\/de\/haufige-storungen-in-poe-installationen-und-deren-behebung\"  title=\"H\u00c4UFIGE ST\u00d6RUNGEN IN POE-INSTALLATIONEN UND DEREN BEHEBUNG\" target=\"_blank\" aria-label=\"H\u00c4UFIGE ST\u00d6RUNGEN IN POE-INSTALLATIONEN UND DEREN BEHEBUNG\"><div class=\"in__download-grid-item-thumb article \" ><\/div><h3 class=\"in__download-grid-item-title\">H\u00c4UFIGE ST\u00d6RUNGEN IN POE-INSTALLATIONEN UND DEREN BEHEBUNG<\/h3><div class=\"\"><span>View  Article <\/span><\/div><\/a><\/li><li class=\"in__download-grid-item no-img article \"><a href=\"https:\/\/www.trend-networks.com\/de\/neuer-ethernet-tester-signaltek-10g-ermoglicht-grossere-bandbreite-und-vermeidet-ausfallzeiten\"  title=\"NEUER ETHERNET-TESTER SIGNALTEK 10G ERM\u00d6GLICHT GR\u00d6SSERE BANDBREITE UND VERMEIDET AUSFALLZEITEN\" target=\"_blank\" aria-label=\"NEUER ETHERNET-TESTER SIGNALTEK 10G ERM\u00d6GLICHT GR\u00d6SSERE BANDBREITE UND VERMEIDET AUSFALLZEITEN\"><div class=\"in__download-grid-item-thumb article \" ><\/div><h3 class=\"in__download-grid-item-title\">NEUER ETHERNET-TESTER SIGNALTEK 10G ERM\u00d6GLICHT GR\u00d6SSERE BANDBREITE UND VERMEIDET AUSFALLZEITEN<\/h3><div class=\"\"><span>View  Article <\/span><\/div><\/a><\/li><li class=\"in__download-grid-item no-img article \"><a href=\"https:\/\/www.trend-networks.com\/de\/power-over-ethernet-wichtiges-uber-klasse-typ-und-leistung\"  title=\"POWER OVER ETHERNET WICHTIGES \u00dcBER KLASSE, TYP UND LEISTUNG\" target=\"_blank\" aria-label=\"POWER OVER ETHERNET WICHTIGES \u00dcBER KLASSE, TYP UND LEISTUNG\"><div class=\"in__download-grid-item-thumb article \" ><\/div><h3 class=\"in__download-grid-item-title\">POWER OVER ETHERNET WICHTIGES \u00dcBER KLASSE, TYP UND LEISTUNG<\/h3><div class=\"\"><span>View  Article <\/span><\/div><\/a><\/li><li class=\"in__download-grid-item no-img article \"><a href=\"https:\/\/www.trend-networks.com\/de\/sechs-fragen-die-sie-sich-bei-der-auswahl-ihres-nachsten-tongenerators-mit-induktivem-empfanger-stellen-sollten\"  title=\"SECHS FRAGEN, DIE SIE SICH BEI DER AUSWAHL IHRES N\u00c4CHSTEN TONGENERATORS MIT INDUKTIVEM EMPF\u00c4NGER STELLEN SOLLTEN\" target=\"_blank\" aria-label=\"SECHS FRAGEN, DIE SIE SICH BEI DER AUSWAHL IHRES N\u00c4CHSTEN TONGENERATORS MIT INDUKTIVEM EMPF\u00c4NGER STELLEN SOLLTEN\"><div class=\"in__download-grid-item-thumb article \" ><\/div><h3 class=\"in__download-grid-item-title\">SECHS FRAGEN, DIE SIE SICH BEI DER AUSWAHL IHRES N\u00c4CHSTEN TONGENERATORS MIT INDUKTIVEM EMPF\u00c4NGER STELLEN SOLLTEN<\/h3><div class=\"\"><span>View  Article <\/span><\/div><\/a><\/li><li class=\"in__download-grid-item no-img article \"><a href=\"https:\/\/www.trend-networks.com\/de\/unterstutzt-meine-alte-infrastruktur-multigig-anwendungen-zwei-kontrollmoglichkeiten\"  title=\"UNTERST\u00dcTZT MEINE ALTE INFRASTRUKTUR MULTIGIG-ANWENDUNGEN? ZWEI KONTROLLM\u00d6GLICHKEITEN.\" target=\"_blank\" aria-label=\"UNTERST\u00dcTZT MEINE ALTE INFRASTRUKTUR MULTIGIG-ANWENDUNGEN? ZWEI KONTROLLM\u00d6GLICHKEITEN.\"><div class=\"in__download-grid-item-thumb article \" ><\/div><h3 class=\"in__download-grid-item-title\">UNTERST\u00dcTZT MEINE ALTE INFRASTRUKTUR MULTIGIG-ANWENDUNGEN? ZWEI KONTROLLM\u00d6GLICHKEITEN.<\/h3><div class=\"\"><span>View  Article <\/span><\/div><\/a><\/li><li class=\"in__download-grid-item no-img article \"><a href=\"https:\/\/www.trend-networks.com\/de\/welche-vorteile-bieten-ihnen-die-kabeltester-von-trend-networks-bei-audio-video-installationen\"  title=\"WELCHE VORTEILE BIETEN IHNEN DIE KABELTESTER VON TREND NETWORKS BEI AUDIO-VIDEO-INSTALLATIONEN\" target=\"_blank\" aria-label=\"WELCHE VORTEILE BIETEN IHNEN DIE KABELTESTER VON TREND NETWORKS BEI AUDIO-VIDEO-INSTALLATIONEN\"><div class=\"in__download-grid-item-thumb article \" ><\/div><h3 class=\"in__download-grid-item-title\">WELCHE VORTEILE BIETEN IHNEN DIE KABELTESTER VON TREND NETWORKS BEI AUDIO-VIDEO-INSTALLATIONEN<\/h3><div class=\"\"><span>View  Article <\/span><\/div><\/a><\/li><\/ul><\/div>        <\/div>\n    <\/div>\n<\/section>\n\n\n<div class=\"wp-block-group\"><div class=\"wp-block-group__inner-container is-layout-flow wp-block-group-is-layout-flow\">\n<div style=\"height:60px\" aria-hidden=\"true\" class=\"wp-block-spacer\"><\/div>\n\n\n\n\n\n<h2 class=\"has-text-align-center in__fullwidth-tag-line wp-block-heading\">UNSERE VERSPRECHEN<\/h2>\n\n\n\n<p class=\"has-text-align-center has-trend-dark-blue-color has-text-color\"><strong>Lifetime Support Promise<\/strong> \u2013  Wir werden die Ger\u00e4te, die Sie von uns erwerben, \u00fcber die gesamte Einsatzdauer kalibrieren und reparieren.*<\/p>\n\n\n\n<p class=\"has-text-align-center has-trend-dark-blue-color has-text-color\"><strong>Depend On Our Data<\/strong> \u2013  Die TREND AnyWARE Cloud ist die einzige Cloudsoftware die sowohl Zertifizierungs- als auch Bandbreitentestergebnisse zur Reporterstellung verwalten kann.<\/p>\n\n\n\n<p class=\"has-text-align-center has-trend-dark-blue-color has-text-color\"><strong>Rapid Service<\/strong> \u2013  Wenn wir eine technische Supportanfrage nicht sofort entgegennehmen k\u00f6nnen, werden wir uns bem\u00fchen, Sie innerhalb von zwei Gesch\u00e4ftsstunden zur\u00fcckzurufen.*<\/p>\n\n\n\n<div style=\"height:30px\" aria-hidden=\"true\" class=\"wp-block-spacer\"><\/div>\n\n\n\n<div class=\"wp-block-buttons is-content-justification-center is-layout-flex wp-block-buttons-is-layout-flex\">\n<div class=\"wp-block-button\"><a class=\"wp-block-button__link\" href=\"https:\/\/www.trend-networks.com\/de\/unser-versprechen\/\">Mehr erfahren<\/a><\/div>\n<\/div>\n\n\n\n<p><\/p>\n<\/div><\/div>\n\n\n\n        <\/div>\n    <\/div>\n<\/section>\n\n<section class=\"in__cta-test4less learning-hub-cta trend-standard-block fadein slideup\">\n\n    \n    \n    <div class=\"grid-container\">\n        <div class=\"grid-x\">\n                            \n                                                            \n                    \n                                                            <div class=\"cell medium-6 padded \" style=\"background-image:url(https:\/\/www.trend-networks.com\/wp-content\/uploads\/2019\/03\/test4less-background.jpg);\">\n                                                <p style=\"font-size: 18px; font-weight: bold; color: #73797d; text-align: left;\">BEN\u00d6TIGEN SIE 3 ODER MEHR KABELZERTIFIZIERER?<\/p>\n<h1>SPAREN SIE BIS ZU 57 % MIT<\/h1>\n                                                <img decoding=\"async\" src=\"https:\/\/www.trend-networks.com\/wp-content\/uploads\/2019\/06\/test4less-logo-homepage-2.png\" alt=\"\" title=\"\">                                                                        <div class=\"button-wrap\"><a class=\"button button-one\" href=\"https:\/\/www.trend-networks.com\/de\/test4less\/\" target=\"_self\">Mehr erfahren<\/a><\/div>                    <\/div>\n                    \n                \n                                                            \n                    \n                                                            <div class=\"cell medium-6 padded \" style=\"background-image:url(https:\/\/www.trend-networks.com\/wp-content\/uploads\/2021\/03\/Used-Testers-DE.png);\">\n                                                <h2>Vorf\u00fchrger\u00e4te &#8211; Abverkauf<\/h2>\n                                                                                                                        <div class=\"button-wrap\"><a class=\"button button-one\" href=\"\/de\/produkt-kategorie\/used-testers-de\/\" target=\"_self\">Mehr erfahren<\/a><\/div>                    <\/div>\n                    \n                   \n                    <\/div>\n    <\/div>\n\n<\/section>\n\n<section class=\"grid-container section\">\n    <div class=\"grid-x\">\n        <div class=\"small-12 medium-12 large-12 cell inner-content\">\n\n\n\n        <\/div>\n    <\/div>\n<\/section>\n\n<section id=\"trend-about-latest\" class=\"in__cta-footer trend-standard-block fadein slideup\">\n\n    \n    \n    <div class=\"grid-container fluid\">\n        <div class=\"grid-x\">\n                            \n                                                            \n                    \n                                                            <div class=\"cell medium-6 padded \" style=\"background-color:#f5f5f5;\">\n                                                <h2>UNTERNEHMEN TREND Networks<\/h2>\n                                                                                                                        <div class=\"button-wrap\"><a class=\"button button-one\" href=\"https:\/\/www.trend-networks.com\/de\/uber-trend-networks\/\" target=\"_self\">MEHR LESEN<\/a><\/div>                    <\/div>\n                    \n                \n                                                            \n                    \n                                                            <div class=\"cell medium-6 padded  background-dark\" style=\"background-color:#1c408c;\">\n                                                <h2>Aktuelle Artikel<\/h2>\n                                                                                                                        <div class=\"button-wrap\"><a class=\"button button-one\" href=\"https:\/\/www.trend-networks.com\/de\/neuigkeiten\/\" target=\"_self\">Mehr lesen<\/a><\/div>                    <\/div>\n                    \n                   \n                    <\/div>\n    <\/div>\n\n<\/section>\n\n<section class=\"grid-container section\">\n    <div class=\"grid-x\">\n        <div class=\"small-12 medium-12 large-12 cell inner-content\">\n","protected":false},"excerpt":{"rendered":"<p>Articles<\/p>\n","protected":false},"author":1,"featured_media":0,"parent":67457,"menu_order":4,"comment_status":"closed","ping_status":"closed","template":"","meta":{"_acf_changed":false,"inline_featured_image":false,"_glsr_average":0,"_glsr_ranking":0,"_glsr_reviews":0,"footnotes":""},"class_list":["post-67515","page","type-page","status-publish","hentry"],"acf":[],"_links":{"self":[{"href":"https:\/\/www.trend-networks.com\/de\/wp-json\/wp\/v2\/pages\/67515","targetHints":{"allow":["GET"]}}],"collection":[{"href":"https:\/\/www.trend-networks.com\/de\/wp-json\/wp\/v2\/pages"}],"about":[{"href":"https:\/\/www.trend-networks.com\/de\/wp-json\/wp\/v2\/types\/page"}],"author":[{"embeddable":true,"href":"https:\/\/www.trend-networks.com\/de\/wp-json\/wp\/v2\/users\/1"}],"replies":[{"embeddable":true,"href":"https:\/\/www.trend-networks.com\/de\/wp-json\/wp\/v2\/comments?post=67515"}],"version-history":[{"count":0,"href":"https:\/\/www.trend-networks.com\/de\/wp-json\/wp\/v2\/pages\/67515\/revisions"}],"up":[{"embeddable":true,"href":"https:\/\/www.trend-networks.com\/de\/wp-json\/wp\/v2\/pages\/67457"}],"wp:attachment":[{"href":"https:\/\/www.trend-networks.com\/de\/wp-json\/wp\/v2\/media?parent=67515"}],"curies":[{"name":"wp","href":"https:\/\/api.w.org\/{rel}","templated":true}]}}