{"id":67470,"date":"2021-05-26T09:52:04","date_gmt":"2021-05-26T08:52:04","guid":{"rendered":"https:\/\/www.trend-networks.com\/learning-hub\/white-papers\/"},"modified":"2021-08-24T10:59:45","modified_gmt":"2021-08-24T09:59:45","slug":"white-papers","status":"publish","type":"page","link":"https:\/\/www.trend-networks.com\/de\/wissens-hub\/white-papers\/","title":{"rendered":"White papers"},"content":{"rendered":"\n<h1 class=\"wp-block-heading\">Whitepapers<\/h1>\n\n\n\n        <\/div>\n    <\/div>\n<\/section>\n\n<section   class=\"in__latest-navigation fullwidth-menu\">\n    <div class=\"menu-learning-hub-menu-de-container\"><ul id=\"menu-learning-hub-menu-de\" class=\"menu\"><li id=\"menu-item-67539\" class=\"menu-item menu-item-type-post_type menu-item-object-page menu-item-67539\"><a href=\"https:\/\/www.trend-networks.com\/de\/wissens-hub\/videos\/\">Videos<\/a><\/li>\n<li id=\"menu-item-67538\" class=\"menu-item menu-item-type-post_type menu-item-object-page menu-item-67538\"><a href=\"https:\/\/www.trend-networks.com\/de\/wissens-hub\/white-papers\/\">White papers<\/a><\/li>\n<li id=\"menu-item-67540\" class=\"menu-item menu-item-type-post_type menu-item-object-page menu-item-67540\"><a href=\"https:\/\/www.trend-networks.com\/de\/wissens-hub\/articles\/\">Articles<\/a><\/li>\n<\/ul><\/div><\/section>\n\n<section class=\"grid-container section\">\n    <div class=\"grid-x\">\n        <div class=\"small-12 medium-12 large-12 cell inner-content\">\n\n\n\n\n<section  class=\"trend-downloads-hub\">\n    <div id=\"downloads-filter-results\" class=\"grid-x\">\n        <div class=\"in__sidebar-title\">\n            <button id=\"in__section_download_sidebar_toggle\"><h3>Filter<\/h3><\/button>\n        <\/div>\n        <div id=\"sidebar\" class=\"cell large-3\">\n            <div id=\"in__sidebar-title\">\n                <h3>Filter<\/h3>                <p><button id=\"in__section_download_sidebar_close\">Close<\/button><\/p>\n            <\/div>\n            <div class=\"in__filter-sidebar\">\n                <form action=\"\" method=\"get\" class=\"alm-filters-container\"><div class=\"alm-filter open\"><div class=\"alm-filter--title\"><h3>Produkt<\/h3><\/div><ul><li><input type=\"radio\" value=\"\" name=\"product_tag\" id=\"all_products\"\/><label for=\"all_products\">All<\/label><\/li><\/ul><\/div><div class=\"alm-filter open\"><div class=\"alm-filter--title\"><h3>Sprache<\/h3><\/div><ul><li class=\"reset-field\"><input type=\"radio\" value=\"\" name=\"language\" id=\"all_lang\"\/><label for=\"all_lang\">All<\/label><\/li><li class=\"alm-filter--checkbox\"><input type=\"radio\" name=\"language\" id=\"american-english\" value=\"american-english\" \/><label for=\"american-english\" class=\"\">American (English)<\/label><\/li><li class=\"alm-filter--checkbox\"><input type=\"radio\" name=\"language\" id=\"australia\" value=\"australia\" \/><label for=\"australia\" class=\"\">Australia<\/label><\/li><li class=\"alm-filter--checkbox\"><input type=\"radio\" name=\"language\" id=\"australian-english\" value=\"australian-english\" \/><label for=\"australian-english\" class=\"\">Australian (English)<\/label><\/li><li class=\"alm-filter--checkbox\"><input type=\"radio\" name=\"language\" id=\"canada\" value=\"canada\" \/><label for=\"canada\" class=\"\">Canada<\/label><\/li><li class=\"alm-filter--checkbox\"><input type=\"radio\" name=\"language\" id=\"canadian-english\" value=\"canadian-english\" \/><label for=\"canadian-english\" class=\"\">Canadian (English)<\/label><\/li><li class=\"alm-filter--checkbox\"><input type=\"radio\" name=\"language\" id=\"chinese\" value=\"chinese\" \/><label for=\"chinese\" class=\"\">Chinese<\/label><\/li><li class=\"alm-filter--checkbox\"><input type=\"radio\" name=\"language\" id=\"english\" value=\"english\" \/><label for=\"english\" class=\"\">English<\/label><\/li><li class=\"alm-filter--checkbox\"><input type=\"radio\" name=\"language\" id=\"french\" value=\"french\" \/><label for=\"french\" class=\"\">French<\/label><\/li><li class=\"alm-filter--checkbox\"><input type=\"radio\" name=\"language\" id=\"german\" value=\"german\" checked=\"checked\"\/><label for=\"german\" class=\"\">German<\/label><\/li><li class=\"alm-filter--checkbox\"><input type=\"radio\" name=\"language\" id=\"spanish\" value=\"spanish\" \/><label for=\"spanish\" class=\"\">Spanish<\/label><\/li><li class=\"alm-filter--checkbox\"><input type=\"radio\" name=\"language\" id=\"united-kingdom\" value=\"united-kingdom\" \/><label for=\"united-kingdom\" class=\"\">United kingdom<\/label><\/li><li class=\"alm-filter--checkbox\"><input type=\"radio\" name=\"language\" id=\"united-states\" value=\"united-states\" \/><label for=\"united-states\" class=\"\">United States<\/label><\/li><\/ul><\/div><div><button type=\"button\" value=\"Reset\" class=\"btn blue in__reset-download-filters\">Reset<\/button><\/div><\/form>\t\t\t<\/div>\n        <\/div>\n        <div class=\"cell large-9\">\n            <!--Daten Transmission Tests im Vergleich zu Qualifizierungstests--><!--Einsatz-von-Transmission-Testern-in-lokalen-Netzwerken--><!--Einsatz-von-Transmission-Testern-in-lokalen-Netzwerken--><!--Fehlerdiagnose in immer komplexeren-LAN-Netzen--><!--Netzwerk-Testpraxis auch f\u00fcr CCTV--><!--Test4Less-F\u00fcnf-Handicaps-f\u00fcr-Netzwerkinstallateure--><!--Vor welchen Herausforderungen stehen die Kabelinstallateure von heute--><!--Wissenswertes zur Zertifizierung von MPTL \u00dcbertragungsstrecken--><!--Worauf es bei Kabelzertifizierern wirklich ankommt!--><div class=\"in__document-grid\"><ul class=\"alm-paging-content\"><li class=\"in__download-grid-item  whitepaper \"><a href=\"https:\/\/www.trend-networks.com\/de\/learninghub-videos\/daten-transmission-tests-im-vergleich-zu-qualifizierungstests\/\"  title=\"Daten Transmission Tests im Vergleich zu Qualifizierungstests\" target=\"\" aria-label=\"Daten Transmission Tests im Vergleich zu Qualifizierungstests\"><div class=\"in__download-grid-item-thumb whitepaper \" ><\/div><h3 class=\"in__download-grid-item-title\">Daten Transmission Tests im Vergleich zu Qualifizierungstests<\/h3><div class=\"\"><span>View  Whitepaper <\/span><\/div><\/a><\/li><li class=\"in__download-grid-item  whitepaper \"><a href=\"https:\/\/www.trend-networks.com\/de\/learninghub-videos\/einsatz-von-transmission-testern-in-lokalen-netzwerken-2\/\"  title=\"Einsatz-von-Transmission-Testern-in-lokalen-Netzwerken\" target=\"\" aria-label=\"Einsatz-von-Transmission-Testern-in-lokalen-Netzwerken\"><div class=\"in__download-grid-item-thumb whitepaper \" ><\/div><h3 class=\"in__download-grid-item-title\">Einsatz-von-Transmission-Testern-in-lokalen-Netzwerken<\/h3><div class=\"\"><span>View  Whitepaper <\/span><\/div><\/a><\/li><li class=\"in__download-grid-item  whitepaper \"><a href=\"https:\/\/www.trend-networks.com\/de\/learninghub-videos\/einsatz-von-transmission-testern-in-lokalen-netzwerken\/\"  title=\"Einsatz-von-Transmission-Testern-in-lokalen-Netzwerken\" target=\"\" aria-label=\"Einsatz-von-Transmission-Testern-in-lokalen-Netzwerken\"><div class=\"in__download-grid-item-thumb whitepaper \" ><\/div><h3 class=\"in__download-grid-item-title\">Einsatz-von-Transmission-Testern-in-lokalen-Netzwerken<\/h3><div class=\"\"><span>View  Whitepaper <\/span><\/div><\/a><\/li><li class=\"in__download-grid-item  whitepaper \"><a href=\"https:\/\/www.trend-networks.com\/de\/learninghub-videos\/fehlerdiagnose-in-immer-komplexeren-lan-netzen\/\"  title=\"Fehlerdiagnose in immer komplexeren-LAN-Netzen\" target=\"\" aria-label=\"Fehlerdiagnose in immer komplexeren-LAN-Netzen\"><div class=\"in__download-grid-item-thumb whitepaper \" ><\/div><h3 class=\"in__download-grid-item-title\">Fehlerdiagnose in immer komplexeren-LAN-Netzen<\/h3><div class=\"\"><span>View  Whitepaper <\/span><\/div><\/a><\/li><li class=\"in__download-grid-item  whitepaper \"><a href=\"https:\/\/www.trend-networks.com\/de\/learninghub-videos\/netzwerk-testpraxis-auch-fuer-cctv\/\"  title=\"Netzwerk-Testpraxis auch f\u00fcr CCTV\" target=\"\" aria-label=\"Netzwerk-Testpraxis auch f\u00fcr CCTV\"><div class=\"in__download-grid-item-thumb whitepaper \" ><\/div><h3 class=\"in__download-grid-item-title\">Netzwerk-Testpraxis auch f\u00fcr CCTV<\/h3><div class=\"\"><span>View  Whitepaper <\/span><\/div><\/a><\/li><li class=\"in__download-grid-item  whitepaper \"><a href=\"https:\/\/www.trend-networks.com\/de\/learninghub-videos\/test4less-fuenf-handicaps-fuer-netzwerkinstallateure\/\"  title=\"Test4Less-F\u00fcnf-Handicaps-f\u00fcr-Netzwerkinstallateure\" target=\"\" aria-label=\"Test4Less-F\u00fcnf-Handicaps-f\u00fcr-Netzwerkinstallateure\"><div class=\"in__download-grid-item-thumb whitepaper \" ><\/div><h3 class=\"in__download-grid-item-title\">Test4Less-F\u00fcnf-Handicaps-f\u00fcr-Netzwerkinstallateure<\/h3><div class=\"\"><span>View  Whitepaper <\/span><\/div><\/a><\/li><li class=\"in__download-grid-item  whitepaper \"><a href=\"https:\/\/www.trend-networks.com\/de\/learninghub-videos\/vor-welchen-herausforderungen-stehen-die-kabelinstallateure-von-heute\/\"  title=\"Vor welchen Herausforderungen stehen die Kabelinstallateure von heute\" target=\"\" aria-label=\"Vor welchen Herausforderungen stehen die Kabelinstallateure von heute\"><div class=\"in__download-grid-item-thumb whitepaper \" ><\/div><h3 class=\"in__download-grid-item-title\">Vor welchen Herausforderungen stehen die Kabelinstallateure von heute<\/h3><div class=\"\"><span>View  Whitepaper <\/span><\/div><\/a><\/li><li class=\"in__download-grid-item  whitepaper \"><a href=\"https:\/\/www.trend-networks.com\/de\/learninghub-videos\/warum-zertifizierer-beim-test-von-lan-verkabelungen-die-erste-wahl-sein-sollten\/\"  title=\"Wissenswertes zur Zertifizierung von MPTL \u00dcbertragungsstrecken\" target=\"\" aria-label=\"Wissenswertes zur Zertifizierung von MPTL \u00dcbertragungsstrecken\"><div class=\"in__download-grid-item-thumb whitepaper \" ><\/div><h3 class=\"in__download-grid-item-title\">Wissenswertes zur Zertifizierung von MPTL \u00dcbertragungsstrecken<\/h3><div class=\"\"><span>View  Whitepaper <\/span><\/div><\/a><\/li><li class=\"in__download-grid-item  whitepaper \"><a href=\"https:\/\/www.trend-networks.com\/de\/learninghub-videos\/worauf-es-bei-kabelzertifizierern-wirklich-ankommt\/\"  title=\"Worauf es bei Kabelzertifizierern wirklich ankommt!\" target=\"\" aria-label=\"Worauf es bei Kabelzertifizierern wirklich ankommt!\"><div class=\"in__download-grid-item-thumb whitepaper \" ><\/div><h3 class=\"in__download-grid-item-title\">Worauf es bei Kabelzertifizierern wirklich ankommt!<\/h3><div class=\"\"><span>View  Whitepaper <\/span><\/div><\/a><\/li><\/ul><\/div>        <\/div>\n    <\/div>\n<\/section>\n\n\n<div class=\"wp-block-group\"><div class=\"wp-block-group__inner-container is-layout-flow wp-block-group-is-layout-flow\">\n<div style=\"height:60px\" aria-hidden=\"true\" class=\"wp-block-spacer\"><\/div>\n\n\n\n\n\n<h2 class=\"has-text-align-center in__fullwidth-tag-line wp-block-heading\">UNSERE VERSPRECHEN<\/h2>\n\n\n\n<p class=\"has-text-align-center has-trend-dark-blue-color has-text-color\"><strong>Lifetime Support Promise<\/strong> \u2013  Wir werden die Ger\u00e4te, die Sie von uns erwerben, \u00fcber die gesamte Einsatzdauer kalibrieren und reparieren.*<\/p>\n\n\n\n<p class=\"has-text-align-center has-trend-dark-blue-color has-text-color\"><strong>Depend On Our Data<\/strong> \u2013  Die TREND AnyWARE Cloud ist die einzige Cloudsoftware die sowohl Zertifizierungs- als auch Bandbreitentestergebnisse zur Reporterstellung verwalten kann.<\/p>\n\n\n\n<p class=\"has-text-align-center has-trend-dark-blue-color has-text-color\"><strong>Rapid Service<\/strong> \u2013  Wenn wir eine technische Supportanfrage nicht sofort entgegennehmen k\u00f6nnen, werden wir uns bem\u00fchen, Sie innerhalb von zwei Gesch\u00e4ftsstunden zur\u00fcckzurufen.*<\/p>\n\n\n\n<div style=\"height:30px\" aria-hidden=\"true\" class=\"wp-block-spacer\"><\/div>\n\n\n\n<div class=\"wp-block-buttons is-content-justification-center is-layout-flex wp-block-buttons-is-layout-flex\">\n<div class=\"wp-block-button\"><a class=\"wp-block-button__link\" href=\"https:\/\/www.trend-networks.com\/de\/unser-versprechen\/\">Mehr erfahren<\/a><\/div>\n<\/div>\n\n\n\n<p><\/p>\n<\/div><\/div>\n\n\n\n        <\/div>\n    <\/div>\n<\/section>\n\n<section class=\"in__cta-test4less learning-hub-cta trend-standard-block fadein slideup\">\n\n    \n    \n    <div class=\"grid-container\">\n        <div class=\"grid-x\">\n                            \n                                                            \n                    \n                                                            <div class=\"cell medium-6 padded \" style=\"background-image:url(https:\/\/www.trend-networks.com\/wp-content\/uploads\/2019\/03\/test4less-background.jpg);\">\n                                                <p style=\"font-size: 18px; font-weight: bold; color: #73797d; text-align: left;\">BEN\u00d6TIGEN SIE 3 ODER MEHR KABELZERTIFIZIERER?<\/p>\n<h1>SPAREN SIE BIS ZU 57 % MIT<\/h1>\n                                                <img decoding=\"async\" src=\"https:\/\/www.trend-networks.com\/wp-content\/uploads\/2019\/06\/test4less-logo-homepage-2.png\" alt=\"\" title=\"\">                                                                        <div class=\"button-wrap\"><a class=\"button button-one\" href=\"https:\/\/www.trend-networks.com\/de\/test4less\/\" target=\"_self\">Mehr erfahren<\/a><\/div>                    <\/div>\n                    \n                \n                                                            \n                    \n                                                            <div class=\"cell medium-6 padded \" style=\"background-image:url(https:\/\/www.trend-networks.com\/wp-content\/uploads\/2021\/03\/Used-Testers-DE.png);\">\n                                                <h2>Vorf\u00fchrger\u00e4te &#8211; Abverkauf<\/h2>\n                                                                                                                        <div class=\"button-wrap\"><a class=\"button button-one\" href=\"\/de\/produkt-kategorie\/used-testers-de\/\" target=\"_self\">Mehr erfahren<\/a><\/div>                    <\/div>\n                    \n                   \n                    <\/div>\n    <\/div>\n\n<\/section>\n\n<section class=\"grid-container section\">\n    <div class=\"grid-x\">\n        <div class=\"small-12 medium-12 large-12 cell inner-content\">\n\n\n\n        <\/div>\n    <\/div>\n<\/section>\n\n<section id=\"trend-about-latest\" class=\"in__cta-footer trend-standard-block fadein slideup\">\n\n    \n    \n    <div class=\"grid-container fluid\">\n        <div class=\"grid-x\">\n                            \n                                                            \n                    \n                                                            <div class=\"cell medium-6 padded \" style=\"background-color:#f5f5f5;\">\n                                                <h2>UNTERNEHMEN TREND Networks<\/h2>\n                                                                                                                        <div class=\"button-wrap\"><a class=\"button button-one\" href=\"https:\/\/www.trend-networks.com\/de\/uber-trend-networks\/\" target=\"_self\">MEHR LESEN<\/a><\/div>                    <\/div>\n                    \n                \n                                                            \n                    \n                                                            <div class=\"cell medium-6 padded  background-dark\" style=\"background-color:#1c408c;\">\n                                                <h2>Aktuelle Artikel<\/h2>\n                                                                                                                        <div class=\"button-wrap\"><a class=\"button button-one\" href=\"https:\/\/www.trend-networks.com\/de\/neuigkeiten\/\" target=\"_self\">Mehr lesen<\/a><\/div>                    <\/div>\n                    \n                   \n                    <\/div>\n    <\/div>\n\n<\/section>\n\n<section class=\"grid-container section\">\n    <div class=\"grid-x\">\n        <div class=\"small-12 medium-12 large-12 cell inner-content\">\n","protected":false},"excerpt":{"rendered":"<p>Whitepapers<\/p>\n","protected":false},"author":1,"featured_media":0,"parent":67457,"menu_order":2,"comment_status":"closed","ping_status":"closed","template":"","meta":{"_acf_changed":false,"inline_featured_image":false,"_glsr_average":0,"_glsr_ranking":0,"_glsr_reviews":0,"footnotes":""},"class_list":["post-67470","page","type-page","status-publish","hentry"],"acf":[],"_links":{"self":[{"href":"https:\/\/www.trend-networks.com\/de\/wp-json\/wp\/v2\/pages\/67470","targetHints":{"allow":["GET"]}}],"collection":[{"href":"https:\/\/www.trend-networks.com\/de\/wp-json\/wp\/v2\/pages"}],"about":[{"href":"https:\/\/www.trend-networks.com\/de\/wp-json\/wp\/v2\/types\/page"}],"author":[{"embeddable":true,"href":"https:\/\/www.trend-networks.com\/de\/wp-json\/wp\/v2\/users\/1"}],"replies":[{"embeddable":true,"href":"https:\/\/www.trend-networks.com\/de\/wp-json\/wp\/v2\/comments?post=67470"}],"version-history":[{"count":0,"href":"https:\/\/www.trend-networks.com\/de\/wp-json\/wp\/v2\/pages\/67470\/revisions"}],"up":[{"embeddable":true,"href":"https:\/\/www.trend-networks.com\/de\/wp-json\/wp\/v2\/pages\/67457"}],"wp:attachment":[{"href":"https:\/\/www.trend-networks.com\/de\/wp-json\/wp\/v2\/media?parent=67470"}],"curies":[{"name":"wp","href":"https:\/\/api.w.org\/{rel}","templated":true}]}}