{"id":65939,"date":"2021-03-24T12:03:23","date_gmt":"2021-03-24T12:03:23","guid":{"rendered":"https:\/\/www.trend-networks.com\/our-promise\/"},"modified":"2021-08-24T12:45:28","modified_gmt":"2021-08-24T11:45:28","slug":"unser-versprechen","status":"publish","type":"page","link":"https:\/\/www.trend-networks.com\/de\/unser-versprechen\/","title":{"rendered":"Unser Versprechen"},"content":{"rendered":"\n        <\/div>\n    <\/div>\n<\/section>\n\n<section class=\"our-promise-header trend-standard-block fadein slideup background-image background-dark\" style=\"background-image:url(https:\/\/www.trend-networks.com\/wp-content\/uploads\/2021\/03\/promise-header.jpg);\">\n\n    \n    \n    <div class=\"grid-container\">\n        <div class=\"grid-x\">\n                            \n                                                            \n                    \n                                                            <div class=\"cell medium-6\">\n                                                <h1>UNSER VERSPRECHEN<\/h1>\n<h2>AUF UNS K\u00d6NNEN SIE SICH VERLASSEN!<\/h2>\n<p>Wir bei TREND Networks wissen, dass Sie sich sicher sein m\u00fcssen, dass Ihre Pr\u00fcf- und Messtechnik f\u00fcr Datenkabel und Netzwerke auch unter extremen Einsatzbedingungen schnelle und pr\u00e4zise Ergebnisse liefert.<\/p>\n                                                                                                                                            <\/div>\n                    \n                   \n                    <\/div>\n    <\/div>\n\n<\/section>\n\n<section class=\"grid-container section\">\n    <div class=\"grid-x\">\n        <div class=\"small-12 medium-12 large-12 cell inner-content\">\n\n\n\n        <\/div>\n    <\/div>\n<\/section>\n\n<section class=\"our-promise-subhead trend-standard-block fadein slideup padded background-colour\" style=\"background-color:#f5f5f5;\">\n\n    \n    \n    <div class=\"grid-container\">\n        <div class=\"grid-x\">\n                            \n                                                            \n                    \n                                                            <div class=\"cell medium-12\">\n                                                <p>IM UNTERSCHIED ZU ANDEREN ANBIETERN K\u00d6NNEN SIE SICH BEI TREND NETWORKS IMMER:<\/p>\n                                                                                                                                            <\/div>\n                    \n                   \n                    <\/div>\n    <\/div>\n\n<\/section>\n\n<section class=\"grid-container section\">\n    <div class=\"grid-x\">\n        <div class=\"small-12 medium-12 large-12 cell inner-content\">\n\n\n\n        <\/div>\n    <\/div>\n<\/section>\n\n<section class=\"promise-row trend-standard-block fadein slideup padded\">\n\n    \n    \n    <div class=\"grid-container\">\n        <div class=\"grid-x\">\n                            \n                                                            \n                    \n                                                            <div class=\"cell medium-3\">\n                                                                                                <img decoding=\"async\" src=\"https:\/\/www.trend-networks.com\/wp-content\/uploads\/2021\/03\/promise-icons-equipment.png\" alt=\"\" title=\"\">                                                                                            <\/div>\n                    \n                \n                                                            \n                    \n                                                            <div class=\"cell auto\">\n                                                <h3>AUF UNSERE TESTER VERLASSEN!<\/h3>\n<p>Unser \u201eLifetime Support Promise\u201c bedeutet, dass wir die Kabel- und Netzwerk-Tester, die Sie von uns erwerben, weiterhin \u00fcber die gesamte Einsatzdauer kalibrieren und reparieren werden. Falls wir jemals nicht in der Lage sein sollten, f\u00fcr \u00e4ltere Produkte die ben\u00f6tigten Ersatzteile zu beschaffen, werden wir Ihnen auf den entsprechenden Tester der neuesten Generation einen Rabatt von bis zu 30 %* anbieten.<\/p>\n                                                                                                                                            <\/div>\n                    \n                   \n                    <\/div>\n    <\/div>\n\n<\/section>\n\n<section class=\"grid-container section\">\n    <div class=\"grid-x\">\n        <div class=\"small-12 medium-12 large-12 cell inner-content\">\n\n\n\n        <\/div>\n    <\/div>\n<\/section>\n\n<section class=\"promise-row trend-standard-block fadein slideup padded background-colour\" style=\"background-color:#f5f5f5;\">\n\n    \n    \n    <div class=\"grid-container\">\n        <div class=\"grid-x\">\n                            \n                                                            \n                    \n                                                            <div class=\"cell medium-3\">\n                                                                                                <img decoding=\"async\" src=\"https:\/\/www.trend-networks.com\/wp-content\/uploads\/2021\/03\/promise-icons-data.png\" alt=\"\" title=\"\">                                                                                            <\/div>\n                    \n                \n                                                            \n                    \n                                                            <div class=\"cell auto\">\n                                                <h3>AUF UNSERE DATEN VERLASSEN!<\/h3>\n<p>Das TREND AnyWARE Cloud \u00d6kosystem stellt als einziges Tester f\u00fcr die Zertifizierung von Kabeln, f\u00fcr die Fehlerdiagnose in aktiven Netzen sowie f\u00fcr Bandbreitentests zur Verf\u00fcgung. Auch wenn Ihr Gesch\u00e4ft w\u00e4chst oder die Technologie sich \u00e4ndert, k\u00f6nnen Sie sich jederzeit auf die TREND AnyWARE Cloud verlassen.<\/p>\n                                                                                                                                            <\/div>\n                    \n                   \n                    <\/div>\n    <\/div>\n\n<\/section>\n\n<section class=\"grid-container section\">\n    <div class=\"grid-x\">\n        <div class=\"small-12 medium-12 large-12 cell inner-content\">\n\n\n\n        <\/div>\n    <\/div>\n<\/section>\n\n<section class=\"promise-row trend-standard-block fadein slideup padded\">\n\n    \n    \n    <div class=\"grid-container\">\n        <div class=\"grid-x\">\n                            \n                                                            \n                    \n                                                            <div class=\"cell medium-3\">\n                                                                                                <img decoding=\"async\" src=\"https:\/\/www.trend-networks.com\/wp-content\/uploads\/2021\/03\/promise-icons-support.png\" alt=\"\" title=\"\">                                                                                            <\/div>\n                    \n                \n                                                            \n                    \n                                                            <div class=\"cell auto\">\n                                                <h3>AUF UNSEREN SUPPORT VERLASSEN!<\/h3>\n<p>Mit unserem \u201eRapid Resolution\u201c-Service versprechen wir Ihnen, dass wir Sie bei ALLEN technischen Supportanfragen innerhalb von zwei Gesch\u00e4ftsstunden** zur\u00fcckrufen werden, sollten wir Ihren Anruf einmal nicht sofort entgegen k\u00f6nnen. Unsere beispiellose \u201eRemote Troubleshooter\u201c-Technologie erm\u00f6glicht den sofortigen weltweiten Fernzugriff auf Ihre Tester, um Probleme m\u00f6glichst schnell zu beheben und die Arbeitsproduktivit\u00e4t Ihrer Mitarbeiter zu steigern.<\/p>\n                                                                                                                                            <\/div>\n                    \n                   \n                    <\/div>\n    <\/div>\n\n<\/section>\n\n<section class=\"grid-container section\">\n    <div class=\"grid-x\">\n        <div class=\"small-12 medium-12 large-12 cell inner-content\">\n\n\n\n        <\/div>\n    <\/div>\n<\/section>\n\n<section class=\"depend-on-us trend-standard-block fadein slideup padded background-colour background-dark\" style=\"background-color:#1c408c;\">\n\n    \n    \n    <div class=\"grid-container\">\n        <div class=\"grid-x\">\n                            \n                                                            \n                    \n                                                            <div class=\"cell medium-12\">\n                                                <p style=\"text-align: center;\">Mit unserer Unternehmensphilosophie unter dem Motto \u201eDepend On Us\u201c geben wir unseren Kunden das kompromisslose Versprechen, dass sie von uns auch unter den schwierigsten Bedingungen stets die ben\u00f6tigte Leistung und Hilfe erhalten.<\/p>\n<p style=\"text-align: center;\">Getreu dem Motto \u201eDepend On Us\u201c erleichtern wir Ihnen die Arbeit und informieren Sie umfassend, damit Sie jeden Tag produktiver werden.<\/p>\n<p style=\"text-align: center; font-size: 12px; line-height: 1.3em;\">* Produkte, die im Lifetime Support Promise enthalten sind \u2013 SignalTEK II, SignalTEK II FO, SignalTEK CT, SignalTEK NT, SignalTEK 10G, LanTEK II, LanTEK III, LanTEK IV, FiberTEK FDX, FiberTEK III, FiberTEK IV, LanXPLORER Pro, NaviTEK II, NaviTEK NT und NaviTEK IE. Ausf\u00fchrliche Informationen finden Sie in den Allgemeinen Gesch\u00e4ftsbedingungen.<br \/>\n** Verf\u00fcgbar in Regionen, in denen wir technischen Support anbieten; Europa, USA und Kanada nur w\u00e4hrend der Gesch\u00e4ftszeiten. Zu den Sprachen geh\u00f6ren Englisch, Franz\u00f6sisch und Deutsch. Ausf\u00fchrliche Informationen finden Sie in den Allgemeinen Gesch\u00e4ftsbedingungen.<\/p>\n                                                                                                                                            <\/div>\n                    \n                   \n                    <\/div>\n    <\/div>\n\n<\/section>\n\n<section class=\"grid-container section\">\n    <div class=\"grid-x\">\n        <div class=\"small-12 medium-12 large-12 cell inner-content\">\n\n\n\n        <\/div>\n    <\/div>\n<\/section>\n\n<section id=\"trend-about-latest\" class=\"in__cta-footer trend-standard-block fadein slideup\">\n\n    \n    \n    <div class=\"grid-container fluid\">\n        <div class=\"grid-x\">\n                            \n                                                            \n                    \n                                                            <div class=\"cell medium-6 padded \" style=\"background-color:#f5f5f5;\">\n                                                <h2>UNTERNEHMEN TREND Networks<\/h2>\n                                                                                                                        <div class=\"button-wrap\"><a class=\"button button-one\" href=\"https:\/\/www.trend-networks.com\/de\/uber-trend-networks\/\" target=\"_self\">MEHR LESEN<\/a><\/div>                    <\/div>\n                    \n                \n                                                            \n                    \n                                                            <div class=\"cell medium-6 padded  background-dark\" style=\"background-color:#1c408c;\">\n                                                <h2>Aktuelle Artikel<\/h2>\n                                                                                                                        <div class=\"button-wrap\"><a class=\"button button-one\" href=\"https:\/\/www.trend-networks.com\/de\/neuigkeiten\/\" target=\"_self\">Mehr lesen<\/a><\/div>                    <\/div>\n                    \n                   \n                    <\/div>\n    <\/div>\n\n<\/section>\n\n<section class=\"grid-container section\">\n    <div class=\"grid-x\">\n        <div class=\"small-12 medium-12 large-12 cell inner-content\">\n","protected":false},"excerpt":{"rendered":"","protected":false},"author":1,"featured_media":0,"parent":0,"menu_order":4,"comment_status":"closed","ping_status":"closed","template":"","meta":{"_acf_changed":false,"inline_featured_image":false,"_glsr_average":0,"_glsr_ranking":0,"_glsr_reviews":0,"footnotes":""},"class_list":["post-65939","page","type-page","status-publish","hentry"],"acf":[],"_links":{"self":[{"href":"https:\/\/www.trend-networks.com\/de\/wp-json\/wp\/v2\/pages\/65939","targetHints":{"allow":["GET"]}}],"collection":[{"href":"https:\/\/www.trend-networks.com\/de\/wp-json\/wp\/v2\/pages"}],"about":[{"href":"https:\/\/www.trend-networks.com\/de\/wp-json\/wp\/v2\/types\/page"}],"author":[{"embeddable":true,"href":"https:\/\/www.trend-networks.com\/de\/wp-json\/wp\/v2\/users\/1"}],"replies":[{"embeddable":true,"href":"https:\/\/www.trend-networks.com\/de\/wp-json\/wp\/v2\/comments?post=65939"}],"version-history":[{"count":0,"href":"https:\/\/www.trend-networks.com\/de\/wp-json\/wp\/v2\/pages\/65939\/revisions"}],"wp:attachment":[{"href":"https:\/\/www.trend-networks.com\/de\/wp-json\/wp\/v2\/media?parent=65939"}],"curies":[{"name":"wp","href":"https:\/\/api.w.org\/{rel}","templated":true}]}}