{"id":48969,"date":"2019-06-10T11:18:56","date_gmt":"2019-06-10T10:18:56","guid":{"rendered":"https:\/\/www.trend-networks.com\/?page_id=48969"},"modified":"2021-08-24T14:38:17","modified_gmt":"2021-08-24T13:38:17","slug":"mobile-app-ideal-anyware","status":"publish","type":"page","link":"https:\/\/www.trend-networks.com\/de\/mobile-app-ideal-anyware\/","title":{"rendered":"MOBILE APP &#8211; TREND ANYWARE\u2122"},"content":{"rendered":"\n<div style=\"height:50px\" aria-hidden=\"true\" class=\"wp-block-spacer\"><\/div>\n\n\n\n<div class=\"wp-block-columns in__t4l-product is-layout-flex wp-container-core-columns-is-layout-9d6595d7 wp-block-columns-is-layout-flex\">\n<div class=\"wp-block-column is-layout-flow wp-block-column-is-layout-flow\">\n<p class=\"has-text-align-left\" style=\"font-size:18px\"><strong><strong>Mit TREND AnyWARE\u2122 k\u00f6nnen Sie Messberichte von Datenleitungs- und Netzwerktestern m\u00fchelos an Kollegen und Kunden \u00fcbermitteln.<\/strong><\/strong><\/p>\n\n\n\n<h1 class=\"has-trend-dark-blue-color has-text-color wp-block-heading\">DER KOSTENLOSEN APP <img decoding=\"async\" width=\"214\" height=\"57\" class=\" wp-image-49142 alignnone\" style=\"vertical-align: middle;\" src=\"https:\/\/www.trend-networks.com\/wp-content\/uploads\/2019\/06\/anyware_logo1.jpg\" alt=\"\" title=\"\"><\/h1>\n\n\n\n<p class=\"has-text-align-left has-trend-dark-blue-color has-text-color\"><strong><strong>Die App verbindet sich \u00fcber WLAN mit Ihrem Kabel- oder Netzwerktester von TREND und \u00fcbertr\u00e4gt die Berichte auf Ihr Mobilger\u00e4t.<\/strong>tester using Wi-Fi and transfers test reports to your mobile device.<\/strong><\/p>\n\n\n\n<ul class=\"wp-block-list\"><li>Direkte Anzeige von PDF-Testberichten auf dem Mobilger\u00e4t<\/li><li>Weiterleitung der Testbereichte (PDF\/CSV) \u00fcber das bevorzugte \u00dcbertragungsverfahren (E-Mail, FTP, Cloud-Speicher, u.a.)<\/li><li>Kompatibel f\u00fcr Android und Apple (iOS) Mobilger\u00e4ten<\/li><li>Option zum Ausw\u00e4hlen spezifischer Projekte oder Testergebnisse in den Projekten<\/li><\/ul>\n\n\n\n<div class=\"wp-block-buttons is-layout-flex wp-block-buttons-is-layout-flex\">\n<div class=\"wp-block-button\"><a class=\"wp-block-button__link\" href=\"https:\/\/www.trend-networks.com\/de\/kontakt\/\">KONTAKT<\/a><\/div>\n<\/div>\n<\/div>\n\n\n\n<div class=\"wp-block-column is-layout-flow wp-block-column-is-layout-flow\">\n<div class=\"wp-block-image\"><figure class=\"aligncenter size-full\"><img decoding=\"async\" width=\"474\" height=\"338\" src=\"https:\/\/www.trend-networks.com\/wp-content\/uploads\/2019\/06\/anyware_mobile.jpg\" alt=\"\" class=\"wp-image-49036\" title=\"\" srcset=\"https:\/\/www.trend-networks.com\/wp-content\/uploads\/2019\/06\/anyware_mobile.jpg 474w, https:\/\/www.trend-networks.com\/wp-content\/uploads\/2019\/06\/anyware_mobile-400x284.jpg 400w\" sizes=\"(max-width: 474px) 100vw, 474px\" \/><\/figure><\/div>\n<\/div>\n<\/div>\n\n\n\n<div style=\"height:60px\" aria-hidden=\"true\" class=\"wp-block-spacer\"><\/div>\n\n\n\n<div class=\"wp-block-columns in__t4l-product is-layout-flex wp-container-core-columns-is-layout-9d6595d7 wp-block-columns-is-layout-flex\">\n<div class=\"wp-block-column is-layout-flow wp-block-column-is-layout-flow\">\n<figure class=\"wp-block-image size-full\"><img decoding=\"async\" width=\"474\" height=\"338\" src=\"https:\/\/www.trend-networks.com\/wp-content\/uploads\/2019\/06\/anyware_report.jpg\" alt=\"\" class=\"wp-image-49052\" title=\"\" srcset=\"https:\/\/www.trend-networks.com\/wp-content\/uploads\/2019\/06\/anyware_report.jpg 474w, https:\/\/www.trend-networks.com\/wp-content\/uploads\/2019\/06\/anyware_report-400x284.jpg 400w\" sizes=\"(max-width: 474px) 100vw, 474px\" \/><\/figure>\n<\/div>\n\n\n\n<div class=\"wp-block-column is-layout-flow wp-block-column-is-layout-flow\">\n<h2 class=\"has-trend-dark-blue-color has-text-color wp-block-heading\">TREND AnyWARE app<\/h2>\n\n\n\n<ul class=\"wp-block-list\"><li>Die App verbindet sich \u00fcber WLAN mit Ihrem Kabel- oder Netzwerktester von TREND und \u00fcbertr\u00e4gt die Berichte auf Ihr Mobilger\u00e4t. Anschlie\u00dfend k\u00f6nnen Sie die PDF-Berichte anzeigen lassen und \u00fcber die von Ihnen bevorzugte Methode, wie E-Mail oder eine File-Sharing-App, weiterleiten.<\/li><li>Da der Tester als Wi-Fi Hotspot fungiert, werden die Schwierigkeiten sich mit einem lokalen Wi-Fi-Netzwerk zu verbinden umgangen, um ein hervorragende Benutzerfreundlichkeit zu erreichen.<\/li><\/ul>\n<\/div>\n<\/div>\n\n\n\n<div style=\"height:60px\" aria-hidden=\"true\" class=\"wp-block-spacer\"><\/div>\n\n\n\n<div class=\"wp-block-columns in__t4l-product is-layout-flex wp-container-core-columns-is-layout-9d6595d7 wp-block-columns-is-layout-flex\">\n<div class=\"wp-block-column is-layout-flow wp-block-column-is-layout-flow\">\n<ul class=\"wp-block-list\"><li>Auf diese Weise sind Kabelinstallateure und IT-Techniker in der Lage, schwierige Probleme gemeinsam mit Kollegen, die nicht mit vor Ort sind, zu kl\u00e4ren, sowie die Produktivit\u00e4t zu erh\u00f6hen und Ausfallzeiten weitestgehend zu verringern. Auch k\u00f6nnen sie nach Abschluss der Arbeiten den Messbericht sofort als Leistungsnachweis an den Kunden schicken.<\/li><li>Die TREND AnyWARE App kann mit den Modellen SignalTEK CT, SignalTEK NT, NaviTEK NT, LanXPLORER Pro und LanTEK III eingesetzt werden.<\/li><li>Der LanTEK III unterst\u00fctzt die TREND AnyWARE App. Allerdings werden auf dem Mobilger\u00e4t keine PDF-Berichte angezeigt. Die App wird verwendet, um Testdaten an das B\u00fcro zu \u00fcbermitteln. Dort k\u00f6nnen dann mit der kostenlosen IDEAL Data Center (IDC) Management-Software die ben\u00f6tigten PDF-Berichte erstellt werden.<\/li><li>Hinweise zur Benutzung der App entnehmen Sie bitte der Kurzbedienungsanleitung oder dem Handbuch Ihres TREND Testers.<\/li><\/ul>\n\n\n\n<div class=\"wp-block-buttons is-layout-flex wp-block-buttons-is-layout-flex\">\n<div class=\"wp-block-button\"><a class=\"wp-block-button__link\" href=\"https:\/\/www.trend-networks.com\/de\/kontakt\/\">KONTAKT<\/a><\/div>\n<\/div>\n<\/div>\n\n\n\n<div class=\"wp-block-column is-layout-flow wp-block-column-is-layout-flow\">\n<div class=\"wp-block-image\"><figure class=\"aligncenter size-full\"><img decoding=\"async\" width=\"474\" height=\"338\" src=\"https:\/\/www.trend-networks.com\/wp-content\/uploads\/2019\/06\/anyware_report_on_mobile.jpg\" alt=\"\" class=\"wp-image-49060\" title=\"\" srcset=\"https:\/\/www.trend-networks.com\/wp-content\/uploads\/2019\/06\/anyware_report_on_mobile.jpg 474w, https:\/\/www.trend-networks.com\/wp-content\/uploads\/2019\/06\/anyware_report_on_mobile-400x284.jpg 400w\" sizes=\"(max-width: 474px) 100vw, 474px\" \/><\/figure><\/div>\n<\/div>\n<\/div>\n\n\n\n<div style=\"height:60px\" aria-hidden=\"true\" class=\"wp-block-spacer\"><\/div>\n\n\n\n<div class=\"wp-block-columns in__t4l-product is-layout-flex wp-container-core-columns-is-layout-9d6595d7 wp-block-columns-is-layout-flex\">\n<div class=\"wp-block-column is-layout-flow wp-block-column-is-layout-flow\">\n<figure class=\"wp-block-image size-full\"><img decoding=\"async\" width=\"600\" height=\"489\" src=\"https:\/\/www.trend-networks.com\/wp-content\/uploads\/2019\/06\/stnt_de_page3_features.jpg\" alt=\"\" class=\"wp-image-49464\" title=\"\"><\/figure>\n<\/div>\n\n\n\n<div class=\"wp-block-column is-layout-flow wp-block-column-is-layout-flow\">\n<h2 class=\"has-trend-dark-blue-color has-text-color wp-block-heading\">LEISTUNGSMERKMALE<\/h2>\n\n\n\n<ul class=\"wp-block-list\"><li>Auswahl von Jobs oder individuellen Tests<\/li><li>Selektieren der Testberichte nach PASS (Bestanden), FAIL (Nicht Bestanden) oder alle Tests<\/li><li>Anzeige von PDF-Berichten<\/li><li>Weiterleitung der Testbereichte (PDF\/CSV) \u00fcber das bevorzugte \u00dcbertragungsverfahren (E-Mail, FTP, Cloud-Speicher, u.a.)<\/li><li>Kompatibel f\u00fcr Android und Apple (iOS) Mobilger\u00e4ten<\/li><li>Sichere Kontrolle der eigenen Daten, da diese nicht in einer fremden Cloud gespeichert wird<\/li><\/ul>\n<\/div>\n<\/div>\n\n\n\n<div style=\"height:60px\" aria-hidden=\"true\" class=\"wp-block-spacer\"><\/div>\n\n\n\n<div class=\"wp-block-columns is-layout-flex wp-container-core-columns-is-layout-9d6595d7 wp-block-columns-is-layout-flex\">\n<div class=\"wp-block-column is-layout-flow wp-block-column-is-layout-flow\">\n<h2 class=\"has-trend-dark-blue-color has-text-color wp-block-heading\"><strong>APP STORES<\/strong><\/h2>\n\n\n\n<figure class=\"wp-block-image size-full\"><img decoding=\"async\" width=\"384\" height=\"163\" src=\"https:\/\/www.trend-networks.com\/wp-content\/uploads\/2019\/06\/downloadapp_enjpg1.jpg\" alt=\"\" class=\"wp-image-49150\" title=\"\"><\/figure>\n<\/div>\n\n\n\n<div class=\"wp-block-column is-layout-flow wp-block-column-is-layout-flow\">\n<h2 class=\"wp-block-heading\">Apple App Store<\/h2>\n\n\n\n<p>Zum Herunterladen der Apple-Version der TREND AnyWARE App besuchen Sie bitte den iTunes App Store und lassen nach \u201eTREND AnyWARE\u201c suchen.<\/p>\n\n\n\n<p><a href=\"https:\/\/apps.apple.com\/us\/app\/trend-anyware\/id1497737587\" target=\"_blank\" rel=\"noreferrer noopener\">https:\/\/apps.apple.com\/us\/app\/trend-anyware\/id1497737587<\/a><\/p>\n\n\n\n<h2 class=\"wp-block-heading\">Google App Store<\/h2>\n\n\n\n<p>Zum Herunterladen der Android-Version der TREND AnyWARE App besuchen Sie bitte den Google Play Store und lassen nach \u201eTREND AnyWARE\u201c suchen.<\/p>\n\n\n\n<p><a href=\"https:\/\/play.google.com\/store\/apps\/details?id=com.idealindustries&amp;hl=en_GB\" target=\"_blank\" rel=\"noreferrer noopener\">https:\/\/play.google.com\/store\/apps\/details?id=com.idealindustries&amp;hl=en_GB<\/a><\/p>\n\n\n\n<div class=\"wp-block-buttons is-layout-flex wp-block-buttons-is-layout-flex\">\n<div class=\"wp-block-button\"><a class=\"wp-block-button__link\" href=\"https:\/\/www.trend-networks.com\/de\/support\/\">Support<\/a><\/div>\n<\/div>\n<\/div>\n<\/div>\n\n\n\n<div style=\"height:60px\" aria-hidden=\"true\" class=\"wp-block-spacer\"><\/div>\n\n\n\n<h2 class=\"has-trend-dark-blue-color has-text-color wp-block-heading\">H\u00c4UFIG GESTELLTE FRAGEN<\/h2>\n\n\n\n<p><strong>F: Welche Betriebssysteme werden unterst\u00fctzt?<\/strong><\/p>\n\n\n\n<p>A: IOS 7.x und 8.x sowie Android 4.x und 5.x<\/p>\n\n\n\n<p><strong>F: Wie viele Mobilger\u00e4te k\u00f6nnen gleichzeitig mit dem Tester verbunden sein?<\/strong><\/p>\n\n\n\n<p>A: Es kann immer nur ein Nutzer mit dem Tester verbunden sein. Wenn Sie den Tester mit einem anderen Ger\u00e4t verbinden m\u00f6chten, muss er neu gestartet werden<\/p>\n\n\n\n<p><strong>F: Warum kann ich auf der Live-Registerkarte meines Mobilger\u00e4tes keine detaillierten Testergebnisse anzeigen lassen?<\/strong><\/p>\n\n\n\n<p>A: Sie m\u00fcssen die Testergebnisse erst in Ihr Mobilger\u00e4t herunterladen, bevor Sie diese anzeigen lassen k\u00f6nnen<\/p>\n\n\n\n<p><strong>F: Die TREND AnyWARE App findet meinen Tester nicht. Woran liegt das?<\/strong><\/p>\n\n\n\n<p>A: Bitte \u00fcberpr\u00fcfen ob:<\/p>\n\n\n\n<p>1.&nbsp;der Tester eingeschaltet ist.<\/p>\n\n\n\n<p>2.&nbsp;der USB-WLAN-Adapter an den USB-Anschluss des Testers angeschlossen ist.<\/p>\n\n\n\n<p>3.&nbsp;die WLAN-Funktion auf dem Tester aktiviert ist. Wenn das WLAN aktiviert ist, werden die Statuszeile am oberen Bildschirmrand blau dargestellt und ein WLAN-Symbol eingeblendet. Die WLAN-Funktion kann im Job-Bildschirm aktiviert werden. Auch nach dem Einschalten des Testers ist das WLAN immer 5 Minuten lang eingeschaltet.<\/p>\n\n\n\n<p>4. in der TREND AnyWARE App die Meldung \u201eTester nicht gefunden. Zum Aktualisieren herunterziehen.\u201c angezeigt wird. In diesem Fall ist Ihr Mobilger\u00e4t nicht mit dem Tester verbunden. Tippen Sie \u201eWLAN wechseln\u201c an, vergewissern Sie sich, dass das WLAN eingeschaltet ist und w\u00e4hlen Sie den WLAN-Zugangspunkt \u201eTRENDX-XXXXXX\u201c aus.<\/p>\n\n\n\n<p>5.&nbsp;das WLAN-Passwort auf dem Mobilger\u00e4t mit dem Tester \u00fcbereinstimmt. Um das Passwort auf dem Tester anzuzeigen, dr\u00fccken Sie SETUP|BERICHTE. Bitte beachten Sie, dass die genaue Vorgehensweise je nach Tester unterschiedlich sein kann. Bitte lesen Sie im Handbuch nach.<\/p>\n\n\n\n<p><strong>F: Wie kann ich die Testergebnisse von meinem Mobilger\u00e4t weiterleiten?<\/strong><\/p>\n\n\n\n<p>A: Nachdem Sie die Testergebnisse auf Ihr Mobilger\u00e4t heruntergeladen haben, k\u00f6nnen Sie diese per E-Mail oder eine andere Methode zur Datei\u00fcbermittlung weiterleiten.<\/p>\n\n\n\n<p><strong>F: Warum kann ich auf meinem Mobilger\u00e4t keine Berichte anzeigen lassen?<\/strong><\/p>\n\n\n\n<p>A: Auf einem Mobilger\u00e4t k\u00f6nnen die Berichte nur dann angezeigt werden, wenn sie heruntergeladen wurden und eine PDF-Betrachtungssoftware bzw. eine entsprechende App installiert ist.<\/p>\n\n\n\n<p><strong>F: Ist die TREND AnyWARE App kostenlos?<\/strong><\/p>\n\n\n\n<p>A: Ja<\/p>\n\n\n\n<p><strong>F: Welche USB WLAN-Adapter kann ich verwenden?<\/strong><\/p>\n\n\n\n<p>A: Edimax EW-7811Un<\/p>\n\n\n\n<p><strong>F: Ich habe die Testberichte weitergeleitet. Warum k\u00f6nnen die Empf\u00e4nger die Berichte auf ihrem Mobilger\u00e4t nicht anzeigen lassen?<\/strong><\/p>\n\n\n\n<p>A: Die TREND AnyWARE App komprimiert die Testberichte vor dem Versenden zu Zip-Dateien. Daher m\u00fcssen die Empf\u00e4nger die Dateien entpacken (dekomprimieren), bevor sie die PDF-Dateien anzeigen lassen k\u00f6nnen<\/p>\n\n\n\n<p><strong>F: Welche USB WLAN-Adapter sind kompatibel?<\/strong><\/p>\n\n\n\n<p>A: Nur der USB-WLAN-Adapter \u201eEdimax EW-7811Un\u201c ist f\u00fcr die TREND AnyWARE App zugelassen und kompatibel. Dieser Adapter geh\u00f6rt zum Lieferumfang der Kits SignalTEK NT (R156003) und SignalTEK CT (R156004).<\/p>\n\n\n\n<p><strong>F: Kann ich cloudbasierte Datei\u00fcbermittlungsdienste nutzen?<\/strong><\/p>\n\n\n\n<p>A: Ja. Auf Ihrem Mobilger\u00e4t k\u00f6nnen Sie jeden beliebigen Datei\u00fcbermittlungsdienst, der Dateianh\u00e4nge \u00fcbertr\u00e4gt, nutzen<\/p>\n\n\n\n<p><strong>F: Kann ich den Tester mit einem WLAN-Netz verbinden?<\/strong><\/p>\n\n\n\n<p>A: Nein. Der Tester funktioniert nur als WLAN-Zugangspunkt, an den Sie Ihr Mobilger\u00e4t anschlie\u00dfen k\u00f6nnen<\/p>\n\n\n\n<p><strong>F: Kann ich den Testbericht \u00fcber WLAN direkt auf meinen PC herunterladen?<\/strong><\/p>\n\n\n\n<p>A: Nein. Der Tester funktioniert nur als WLAN-Zugangspunkt, an den Sie Ihr Mobilger\u00e4t anschlie\u00dfen k\u00f6nnen<\/p>\n\n\n\n<p><strong>F: Kann ich meinen SignalTEK II auf diese Funktion aktualisieren?<\/strong><\/p>\n\n\n\n<p>A: Ja. Gehen Sie hierzu auf&nbsp;<a href=\"https:\/\/www.trend-networks.com\/\">www.trend-networks.com<\/a>, klicken Sie auf \u201eSupport\u201c und laden Sie die neueste Software herunter. Weiterhin m\u00fcssten Sie den USB-WLAN-Adapter \u201eEdimax EW-7811Un\u201c erwerben<\/p>\n\n\n\n<p><strong>F: Unterst\u00fctzen weitere Tester von TREND die TREND AnyWARE App?<\/strong><\/p>\n\n\n\n<p>A: Die TREND AnyWARE App wird nur vom SignalTEK CT und vom SignalTEK NT unterst\u00fctzt<\/p>\n\n\n\n<p><strong>F: Muss ich die Konfigurationseinstellungen meines Mobiltelefons ver\u00e4ndern?<\/strong><\/p>\n\n\n\n<p>A: &nbsp;Bitte vergewissern Sie sich, dass die Standortermittlung aktiviert ist, da die TREND ANYWARE\u2122 App ansonsten daran gehindert wird, nach bekannten Ger\u00e4ten zu suchen. Vor der Installation der TREND ANYWARE\u2122 App muss die Standortermittlung aktiviert sein.<\/p>\n\n\n\n<p><strong>F: Ich kann keine Testergebnisse in mein Mobiltelefon hochladen. Wie muss ich vorgehen?<\/strong><\/p>\n\n\n\n<p>A: Bitte pr\u00fcfen Sie die Daten im Cache-Speicher. Wenn der Cache voll ist, werden keine Ergebnisse in das Mobiltelefon mehr hochgeladen. Bitte vergewissern Sie sich, dass der Speicher leer ist.<\/p>\n\n\n\n<div style=\"height:40px\" aria-hidden=\"true\" class=\"wp-block-spacer\"><\/div>\n\n\n\n        <\/div>\n    <\/div>\n<\/section>\n\n<section id=\"trend-about-latest\" class=\"in__cta-footer trend-standard-block fadein slideup\">\n\n    \n    \n    <div class=\"grid-container fluid\">\n        <div class=\"grid-x\">\n                            \n                                                            \n                    \n                                                            <div class=\"cell medium-6 padded \" style=\"background-color:#f5f5f5;\">\n                                                <h2>UNTERNEHMEN TREND Networks<\/h2>\n                                                                                                                        <div class=\"button-wrap\"><a class=\"button button-one\" href=\"https:\/\/www.trend-networks.com\/de\/uber-trend-networks\/\" target=\"_self\">MEHR LESEN<\/a><\/div>                    <\/div>\n                    \n                \n                                                            \n                    \n                                                            <div class=\"cell medium-6 padded  background-dark\" style=\"background-color:#1c408c;\">\n                                                <h2>Aktuelle Artikel<\/h2>\n                                                                                                                        <div class=\"button-wrap\"><a class=\"button button-one\" href=\"https:\/\/www.trend-networks.com\/de\/neuigkeiten\/\" target=\"_self\">Mehr lesen<\/a><\/div>                    <\/div>\n                    \n                   \n                    <\/div>\n    <\/div>\n\n<\/section>\n\n<section class=\"grid-container section\">\n    <div class=\"grid-x\">\n        <div class=\"small-12 medium-12 large-12 cell inner-content\">\n","protected":false},"excerpt":{"rendered":"<p>Mit TREND AnyWARE\u2122 k\u00f6nnen Sie Messberichte von Datenleitungs- und Netzwerktestern m\u00fchelos an Kollegen und Kunden&nbsp;&#8230;<\/p>\n","protected":false},"author":1,"featured_media":0,"parent":0,"menu_order":89,"comment_status":"closed","ping_status":"closed","template":"","meta":{"_acf_changed":false,"inline_featured_image":false,"_glsr_average":0,"_glsr_ranking":0,"_glsr_reviews":0,"footnotes":""},"class_list":["post-48969","page","type-page","status-publish","hentry"],"acf":[],"_links":{"self":[{"href":"https:\/\/www.trend-networks.com\/de\/wp-json\/wp\/v2\/pages\/48969","targetHints":{"allow":["GET"]}}],"collection":[{"href":"https:\/\/www.trend-networks.com\/de\/wp-json\/wp\/v2\/pages"}],"about":[{"href":"https:\/\/www.trend-networks.com\/de\/wp-json\/wp\/v2\/types\/page"}],"author":[{"embeddable":true,"href":"https:\/\/www.trend-networks.com\/de\/wp-json\/wp\/v2\/users\/1"}],"replies":[{"embeddable":true,"href":"https:\/\/www.trend-networks.com\/de\/wp-json\/wp\/v2\/comments?post=48969"}],"version-history":[{"count":0,"href":"https:\/\/www.trend-networks.com\/de\/wp-json\/wp\/v2\/pages\/48969\/revisions"}],"wp:attachment":[{"href":"https:\/\/www.trend-networks.com\/de\/wp-json\/wp\/v2\/media?parent=48969"}],"curies":[{"name":"wp","href":"https:\/\/api.w.org\/{rel}","templated":true}]}}