{"id":44,"date":"2019-02-18T11:43:36","date_gmt":"2019-02-18T11:43:36","guid":{"rendered":"https:\/\/www.trend-networks.com\/german-homepage\/"},"modified":"2026-04-01T11:48:57","modified_gmt":"2026-04-01T10:48:57","slug":"home","status":"publish","type":"page","link":"https:\/\/www.trend-networks.com\/de\/","title":{"rendered":"Home"},"content":{"rendered":"            <\/div>\n        <\/div>\n    <\/section>\n    \n    <section class=\"trend-slider-block\">\n        <div class=\"inner owl-carousel\">\n    \n        \n        \n        \n        <div class=\"carousel-slide text-circle webinar no-desktop-text button-right\">\n\n            <a role=\"link\" href=\"https:\/\/www.trend-networks.com\/de\/springsavings\/\" target=\"_self\">\n                                            <div class=\"desktop-image\">\n                    <img data-src=\"https:\/\/www.trend-networks.com\/wp-content\/uploads\/2026\/04\/Spring-Summer-1400x600-Banner-DE.jpg\" class=\"no-lazy owl-lazy\"\/>\n                <\/div>\n            \n                                            <div class=\"mobile-image\">\n                    <img data-src=\"https:\/\/www.trend-networks.com\/wp-content\/uploads\/2026\/04\/Spring-Summer-725x600-Mobile-Banner-All-Languages.jpg\" class=\"no-lazy owl-lazy\" \/>\n                <\/div>\n            \n            \n            <div class=\"grid-container\">\n                <div class=\"grid-x\">\n                    <div class=\"cell text-content\">\n                        <h2>SICHER VERNETZT IN DEN FR\u00dcHLING: TOP-ANGEBOTE AUF SPLEI\u00dfTECHNIK UND DIAGNOSE-TOOLS F\u00dcR MAXIMALE AUSFALLSICHERHEIT.<\/h2>\n                        <div class=\"text-button\"><p class=\"button\">KLICKEN SIE HIER<p><\/div>                    <\/div>\n                <\/div>\n            <\/div>\n\n            <\/a>\n        <\/div>\n\n        \n    \n        \n        \n        \n        <div class=\"carousel-slide text-circle webinar no-desktop-text button-left\">\n\n            <a role=\"link\" href=\"https:\/\/www.trend-networks.com\/de\/produkt\/signaltek-qt-cable-qualification-series\/\" target=\"_self\">\n                                            <div class=\"desktop-image\">\n                    <img data-src=\"https:\/\/www.trend-networks.com\/wp-content\/uploads\/2025\/09\/SignalTEK-QT-1400x600-Banner-DE.jpg\" class=\"no-lazy owl-lazy\"\/>\n                <\/div>\n            \n                                            <div class=\"mobile-image\">\n                    <img data-src=\"https:\/\/www.trend-networks.com\/wp-content\/uploads\/2025\/07\/SignalTEK-QT-725x600-Mobile-Banner.jpg\" class=\"no-lazy owl-lazy\" \/>\n                <\/div>\n            \n            \n            <div class=\"grid-container\">\n                <div class=\"grid-x\">\n                    <div class=\"cell text-content\">\n                        <h2>NEU &#8211; SignalTEK QT-Serie 10-Gigabit-Qualifizierungstester<\/h2>\n                        <div class=\"text-button\"><p class=\"button\">KLICKEN SIE HIER<p><\/div>                    <\/div>\n                <\/div>\n            <\/div>\n\n            <\/a>\n        <\/div>\n\n        \n    \n        \n        \n        \n        <div class=\"carousel-slide text-circle webinars no-desktop-text\">\n\n            <a role=\"link\" href=\"https:\/\/www.trend-networks.com\/de\/trend-anyware-cloud\/\" target=\"_self\">\n                                            <div class=\"desktop-image\">\n                    <img data-src=\"https:\/\/www.trend-networks.com\/wp-content\/uploads\/2025\/04\/AnyWARE-Cloud-Connected-Testers-DE-1400x600-1.jpg\" class=\"no-lazy owl-lazy\"\/>\n                <\/div>\n            \n                                            <div class=\"mobile-image\">\n                    <img data-src=\"https:\/\/www.trend-networks.com\/wp-content\/uploads\/2025\/04\/AnyWARE-Cloud-Connected-Testers-Universal-750x600-1.jpg\" class=\"no-lazy owl-lazy\" \/>\n                <\/div>\n            \n            \n            <div class=\"grid-container\">\n                <div class=\"grid-x\">\n                    <div class=\"cell text-content\">\n                        <h3>CLOUD CONNECTED TESTGER\u00c4TE, AUF DIE SIE SICH VERLASSEN K\u00d6NNEN<\/h3>\n                        <div class=\"text-button\"><p class=\"button\">TREND Anyware Cloud<p><\/div>                    <\/div>\n                <\/div>\n            <\/div>\n\n            <\/a>\n        <\/div>\n\n        \n    \n        \n        \n        \n        <div class=\"carousel-slide text-right webinar no-desktop-text button-right\">\n\n            <a role=\"link\" href=\"https:\/\/www.trend-networks.com\/de\/produkt\/fibermaster-fusion-splicer-series-new\/\" target=\"_self\">\n                                            <div class=\"desktop-image\">\n                    <img data-src=\"https:\/\/www.trend-networks.com\/wp-content\/uploads\/2024\/10\/1400x600-DE-1.jpg\" class=\"no-lazy owl-lazy\"\/>\n                <\/div>\n            \n                                            <div class=\"mobile-image\">\n                    <img data-src=\"https:\/\/www.trend-networks.com\/wp-content\/uploads\/2024\/10\/725x600-FS-Mobile.jpg\" class=\"no-lazy owl-lazy\" \/>\n                <\/div>\n            \n            \n            <div class=\"grid-container\">\n                <div class=\"grid-x\">\n                    <div class=\"cell text-content\">\n                        <h2>FiberMASTER<\/h2>\n<h3>Fusionssplei\u00dfger\u00e4te-Serie<\/h3>\n<p>DIE ULTIMATIVE L\u00d6SUNG F\u00dcR SCHNELLES UND PR\u00c4ZISES SPLEISSEN<\/p>\n                        <div class=\"text-button\"><p class=\"button\">KLICKEN SIE HIER<p><\/div>                    <\/div>\n                <\/div>\n            <\/div>\n\n            <\/a>\n        <\/div>\n\n        \n    \n        \n        \n        \n        <div class=\"carousel-slide text-left vdv2 no-desktop-text button-left\">\n\n            <a role=\"link\" href=\"https:\/\/www.trend-networks.com\/de\/produkt\/vdv-ii-series\/\" target=\"_self\">\n                                            <div class=\"desktop-image\">\n                    <img data-src=\"https:\/\/www.trend-networks.com\/wp-content\/uploads\/2024\/07\/1400x600-VDV-II-DE.jpg\" class=\"no-lazy owl-lazy\"\/>\n                <\/div>\n            \n                                            <div class=\"mobile-image\">\n                    <img data-src=\"https:\/\/www.trend-networks.com\/wp-content\/uploads\/2023\/06\/VDV-II-mobile.jpg\" class=\"no-lazy owl-lazy\" \/>\n                <\/div>\n            \n            \n            <div class=\"grid-container\">\n                <div class=\"grid-x\">\n                    <div class=\"cell text-content\">\n                        <h2>VDV II<\/h2>\n<h3>TEST. UPLOAD. REPORT.<\/h3>\n<p>Der ultimative Kabelverifizierer f\u00fcr Sprach-, Daten- und Videokabel<\/p>\n                        <div class=\"text-button\"><p class=\"button\">KLICKEN SIE HIER<p><\/div>                    <\/div>\n                <\/div>\n            <\/div>\n\n            <\/a>\n        <\/div>\n\n        \n    \n        \n        \n        \n        <div class=\"carousel-slide text-left webinars no-desktop-text \">\n\n            <a role=\"link\" href=\"https:\/\/www.gotostage.com\/channel\/26033b849c354e84bf4a23cf79bb8c75\" target=\"_blank\" rel=\"noopener\">\n                                            <div class=\"desktop-image\">\n                    <img data-src=\"https:\/\/www.trend-networks.com\/wp-content\/uploads\/2025\/02\/1400x600-NEW-Webinar-Banner-DE.jpg\" class=\"no-lazy owl-lazy\"\/>\n                <\/div>\n            \n                                            <div class=\"mobile-image\">\n                    <img data-src=\"https:\/\/www.trend-networks.com\/wp-content\/uploads\/2025\/02\/725x600-NEW-Mobile-Webinar-Banner-DE.jpg\" class=\"no-lazy owl-lazy\" \/>\n                <\/div>\n            \n            \n            <div class=\"grid-container\">\n                <div class=\"grid-x\">\n                    <div class=\"cell text-content\">\n                        <h2>LERNEN SIE VON DEN EXPERTEN DER BRANCHE UND VERBESSERN SIE IHR NETZWERKWISSEN<\/h2>\n<h3>EINF\u00dcHRUNG IN EINE SERIE DIE, DIE GRUNDLAGEN DER AKTIVEN NETZWERK\u00dcBERPR\u00dcFUNG UND FEHLERBEHEBUNG BEHANDELT<\/h3>\n<p>KOSTENFREIE WEBINARE<\/p>\n                        <div class=\"text-button\"><p class=\"button\"><p><\/div>                    <\/div>\n                <\/div>\n            <\/div>\n\n            <\/a>\n        <\/div>\n\n        \n    \n            <\/div>\n\n    <!--<div class=\"progress-bar\" role=\"progressbar\" aria-valuemin=\"0\" aria-valuemax=\"100\"><\/div>-->\n\n    <\/section>\n\n        <section class=\"grid-container section\">\n        <div class=\"grid-x\">\n            <div class=\"small-12 medium-12 large-12 cell inner-content\">\n    \n\n\n<div class=\"wp-block-group home-text-image fadein\"><div class=\"wp-block-group__inner-container is-layout-constrained wp-block-group-is-layout-constrained\">\n<div class=\"wp-block-columns is-layout-flex wp-container-core-columns-is-layout-9d6595d7 wp-block-columns-is-layout-flex\">\n<div class=\"wp-block-column is-layout-flow wp-block-column-is-layout-flow\">\n<h2 class=\"wp-block-heading\">Auf uns k\u00f6nnen sie sich verlassen!<\/h2>\n\n\n\n<p>Auf Grundlage seiner jahrzehntelangen Erfahrung kennt das bew\u00e4hrte Team von TREND Networks (vormals IDEAL Networks) die Herausforderungen, mit denen Kabelinstallateure, Netzwerktechniker und Systemintegratoren auf der ganzen Welt Tag f\u00fcr Tag konfrontiert sind. Daher unterst\u00fctzen wir unsere Kunden mit einer umfassenden Palette innovativer Pr\u00fcf- und Messtechnik f\u00fcr Datenkabel und Netzwerke, die auch unter extremen Einsatzbedingungen schnelle und pr\u00e4zise Ergebnisse liefert.<\/p>\n\n\n\n<p>Mit unserer Unternehmensphilosophie unter dem Motto \u201eDepend On Us\u201c geben wir unseren Kunden das kompromisslose Versprechen, dass sie von uns jederzeit die ben\u00f6tigte Leistung und Unterst\u00fctzung erhalten werden.&nbsp;<a href=\"https:\/\/www.trend-networks.com\/de\/unser-versprechen\/\">Hier erfahren Sie mehr \u00fcber unser Versprechen<\/a>.<\/p>\n\n\n\n<p>Mit unserem Hauptsitz in Gro\u00dfbritannien und internationalen Niederlassungen sowie einem erfahrenen globalen Team produzieren und liefern wir ein breites Spektrum branchenf\u00fchrender und zuverl\u00e4ssiger Pr\u00fcf- und Messtechnik, die unseren Kunden die Arbeit erleichtert. Dazu geh\u00f6ren unter anderem Kabelzertifizierer, Kabelqualifizierer, Tester f\u00fcr Kupferkabel, Glasfaserkabel, aktive Netze, PoE, CCTV-Kameras und Industrial-Ethernet sowie Netzwerk-Transmission- und Bandbreiten-Tester.<\/p>\n\n\n\n<p>Mit unserem technischen Support, Training und Kundendienst, den Kalibrierungs- und Beratungsleistungen sowie den breitgef\u00e4cherten informativen Ressourcen k\u00f6nnen sich unsere Kunden darauf verlassen, dass TREND Networks ihnen jederzeit zur Seite stehen wird, damit sie Tag f\u00fcr Tag produktiver arbeiten k\u00f6nnen.<\/p>\n\n\n\n<div class=\"wp-block-buttons is-layout-flex wp-block-buttons-is-layout-flex\">\n<div class=\"wp-block-button\"><a class=\"wp-block-button__link wp-element-button\" href=\"https:\/\/www.trend-networks.com\/de\/uber-trend-networks\/\">Mehr erfahren<\/a><\/div>\n<\/div>\n<\/div>\n\n\n\n<div class=\"wp-block-column is-layout-flow wp-block-column-is-layout-flow\">\n<figure class=\"wp-block-image size-large\"><img decoding=\"async\" width=\"1024\" height=\"640\" src=\"https:\/\/www.trend-networks.com\/wp-content\/uploads\/2025\/08\/Montage_2025-1024x640.png\" alt=\"Montage_\" class=\"wp-image-144085\" title=\"\" srcset=\"https:\/\/www.trend-networks.com\/wp-content\/uploads\/2025\/08\/Montage_2025-1024x640.png 1024w, https:\/\/www.trend-networks.com\/wp-content\/uploads\/2025\/08\/Montage_2025-600x375.png 600w, https:\/\/www.trend-networks.com\/wp-content\/uploads\/2025\/08\/Montage_2025-768x480.png 768w, https:\/\/www.trend-networks.com\/wp-content\/uploads\/2025\/08\/Montage_2025-1536x960.png 1536w, https:\/\/www.trend-networks.com\/wp-content\/uploads\/2025\/08\/Montage_2025.png 2000w\" sizes=\"(max-width: 1024px) 100vw, 1024px\" \/><\/figure>\n<\/div>\n<\/div>\n<\/div><\/div>\n\n\n<section id=\"trend_homepage-categories\"><h2 class=\"fadein\">Kategorien<\/h2><ul><li class=\"fadein\"><a href=\"https:\/\/www.trend-networks.com\/de\/produkt-kategorie\/feature-bundles-de\/\" title=\"View all Feature Bundles products\"><img decoding=\"async\" src=\"\/wp-content\/themes\/trend-networks\/assets\/images\/trend-logotype.svg\" alt=\"Category: Feature Bundles\" title=\"\"><span>Feature Bundles<\/span><\/a><\/li><li class=\"fadein\"><a href=\"https:\/\/www.trend-networks.com\/de\/produkt-kategorie\/fusionsspleissgeraete\/\" title=\"View all Fusionssplei\u00dfger\u00e4te products\"><img decoding=\"async\" src=\"https:\/\/www.trend-networks.com\/wp-content\/uploads\/2024\/10\/Fusion-Splicers.png\" alt=\"Category: Fusionssplei\u00dfger\u00e4te\" title=\"\"><span>Fusionssplei\u00dfger\u00e4te<\/span><\/a><\/li><li class=\"fadein\"><a href=\"https:\/\/www.trend-networks.com\/de\/produkt-kategorie\/kupfer-messgeraete\/\" title=\"View all Kupfer Messger\u00e4te products\"><img decoding=\"async\" src=\"https:\/\/www.trend-networks.com\/wp-content\/uploads\/2024\/07\/Copper.png\" alt=\"Category: Kupfer Messger\u00e4te\" title=\"\"><span>Kupfer Messger\u00e4te<\/span><\/a><\/li><li class=\"fadein\"><a href=\"https:\/\/www.trend-networks.com\/de\/produkt-kategorie\/glasfaser-messgeraete\/\" title=\"View all Glasfaser Messger\u00e4te products\"><img decoding=\"async\" src=\"https:\/\/www.trend-networks.com\/wp-content\/uploads\/2024\/07\/Fibre.png\" alt=\"Category: Glasfaser Messger\u00e4te\" title=\"\"><span>Glasfaser Messger\u00e4te<\/span><\/a><\/li><li class=\"fadein\"><a href=\"https:\/\/www.trend-networks.com\/de\/produkt-kategorie\/cctv-lan-netzwerk-industrie\/\" title=\"View all CCTV, LAN-Netzwerk und Industrie products\"><img decoding=\"async\" src=\"https:\/\/www.trend-networks.com\/wp-content\/uploads\/2024\/07\/CCTV.png\" alt=\"Category: CCTV, LAN-Netzwerk und Industrie\" title=\"\"><span>CCTV, LAN-Netzwerk und Industrie<\/span><\/a><\/li><li class=\"fadein\"><a href=\"https:\/\/www.trend-networks.com\/de\/produkt-kategorie\/netzwerk-messgeraete\/\" title=\"View all Netzwerk-Messger\u00e4te products\"><img decoding=\"async\" src=\"https:\/\/www.trend-networks.com\/wp-content\/uploads\/2024\/07\/Network.png\" alt=\"Category: Netzwerk-Messger\u00e4te\" title=\"\"><span>Netzwerk-Messger\u00e4te<\/span><\/a><\/li><li class=\"fadein\"><a href=\"https:\/\/www.trend-networks.com\/de\/produkt-kategorie\/used-testers-de\/\" title=\"View all Vorf\u00fchr-\/Gebrauchtger\u00e4te products\"><img decoding=\"async\" src=\"https:\/\/www.trend-networks.com\/wp-content\/uploads\/2024\/07\/Renewed.png\" alt=\"Category: Vorf\u00fchr-\/Gebrauchtger\u00e4te\" title=\"\"><span>Vorf\u00fchr-\/Gebrauchtger\u00e4te<\/span><\/a><\/li><li class=\"fadein\"><a href=\"https:\/\/www.trend-networks.com\/de\/produkt-kategorie\/zubehor\/\" title=\"View all Zubeh\u00f6r products\"><img decoding=\"async\" src=\"https:\/\/www.trend-networks.com\/wp-content\/uploads\/2024\/07\/Accessories.png\" alt=\"Category: Zubeh\u00f6r\" title=\"\"><span>Zubeh\u00f6r<\/span><\/a><\/li><\/ul><\/section>\n\n\n\n<div id=\"trend_trusted-by\" class=\"wp-block-group fadein\"><div class=\"wp-block-group__inner-container is-layout-constrained wp-block-group-is-layout-constrained\">\n<h2 class=\"wp-block-heading\">Vertrauen von<\/h2>\n\n\n\n<figure class=\"wp-block-gallery has-nested-images columns-5 is-cropped wp-block-gallery-1 is-layout-flex wp-block-gallery-is-layout-flex\">\n<figure class=\"wp-block-image size-large\"><img decoding=\"async\" width=\"300\" height=\"200\" data-id=\"129278\" src=\"https:\/\/www.trend-networks.com\/wp-content\/uploads\/2024\/07\/Trusted-by-ABC.png\" alt=\"\" class=\"wp-image-129278\" title=\"\"><\/figure>\n\n\n\n<figure class=\"wp-block-image size-large\"><img decoding=\"async\" width=\"300\" height=\"200\" data-id=\"129287\" src=\"https:\/\/www.trend-networks.com\/wp-content\/uploads\/2024\/07\/Trusted-by-Amazon.png\" alt=\"\" class=\"wp-image-129287\" title=\"\"><\/figure>\n\n\n\n<figure class=\"wp-block-image size-large\"><img decoding=\"async\" width=\"300\" height=\"200\" data-id=\"129296\" src=\"https:\/\/www.trend-networks.com\/wp-content\/uploads\/2024\/07\/Trusted-by-Audi.png\" alt=\"\" class=\"wp-image-129296\" title=\"\"><\/figure>\n\n\n\n<figure class=\"wp-block-image size-large\"><img decoding=\"async\" width=\"300\" height=\"200\" data-id=\"129305\" src=\"https:\/\/www.trend-networks.com\/wp-content\/uploads\/2024\/07\/Trusted-by-BMW.png\" alt=\"\" class=\"wp-image-129305\" title=\"\"><\/figure>\n\n\n\n<figure class=\"wp-block-image size-large\"><img decoding=\"async\" width=\"300\" height=\"200\" data-id=\"129314\" src=\"https:\/\/www.trend-networks.com\/wp-content\/uploads\/2024\/07\/Trusted-by-Disney.png\" alt=\"\" class=\"wp-image-129314\" title=\"\"><\/figure>\n\n\n\n<figure class=\"wp-block-image size-large\"><img decoding=\"async\" width=\"300\" height=\"200\" data-id=\"129323\" src=\"https:\/\/www.trend-networks.com\/wp-content\/uploads\/2024\/07\/Trusted-by-NHS.png\" alt=\"\" class=\"wp-image-129323\" title=\"\"><\/figure>\n\n\n\n<figure class=\"wp-block-image size-large\"><img decoding=\"async\" width=\"300\" height=\"200\" data-id=\"129332\" src=\"https:\/\/www.trend-networks.com\/wp-content\/uploads\/2024\/07\/Trusted-by-SpaceX.png\" alt=\"\" class=\"wp-image-129332\" title=\"\"><\/figure>\n\n\n\n<figure class=\"wp-block-image size-large\"><img decoding=\"async\" width=\"300\" height=\"200\" data-id=\"129341\" src=\"https:\/\/www.trend-networks.com\/wp-content\/uploads\/2024\/07\/Trusted-by-Virgin-Media.png\" alt=\"\" class=\"wp-image-129341\" title=\"\"><\/figure>\n<\/figure>\n<\/div><\/div>\n\n\n<section id=\"in__product-section-related-articles\"><h2><a href=\"https:\/\/www.trend-networks.com\/latest\/\">Aktuelle Artikel<\/a><\/h2><div class=\"in__article-carousel owl-carousel\"><div class=\"in__article-item\">\n\t\t\t\t\t<a href=\"https:\/\/www.trend-networks.com\/de\/sicher-vernetzt-in-den-fruehling-unsere-top-angebote-2026\/\" title=\"View Sicher vernetzt in den Fr\u00fchling: Unsere Top-Angebote 2026\">\n\t\t\t\t\t\t<div class=\"in__article-item-image\">\n\t\t\t\t\t\t\t<img class=\"carousel-img no-lazy owl-lazy\" data-src=\"https:\/\/www.trend-networks.com\/wp-content\/uploads\/2026\/04\/900x900-SS-DE-002.jpg\" alt=\"\"\/>\n\t\t\t\t\t\t<\/div>\n                        <div class=\"in__article-item-text\">\n    \t\t\t\t\t\t<div class=\"in__column-container small-device-keep-columns\">\n    \t\t\t\t\t\t\t<div class=\"in__article-post-date in__column-1-2\">\n    \t\t\t\t\t\t\t\t2 April 2026\n    \t\t\t\t\t\t\t<\/div>\n    \t\t\t\t\t\t\t<div class=\"in__article-post-cat in__column-1-2\">\n    \t\t\t\t\t\t\t\tNeuigkeiten\n    \t\t\t\t\t\t\t<\/div>\n    \t\t\t\t\t\t<\/div>\n    \t\t\t\t\t\t<h3>Sicher vernetzt in den Fr\u00fchling: Unsere Top-Angebote 2026<\/h3>\n                        <\/div>\n\t\t\t\t\t<\/a>\n\t\t\t\t<\/div><div class=\"in__article-item\">\n\t\t\t\t\t<a href=\"https:\/\/www.trend-networks.com\/de\/messbare-exzellenz-fuer-die-vernetzte-welt-trend-networks-auf-der-lightbuilding-2026\/\" title=\"View Messbare Exzellenz f\u00fcr die vernetzte Welt: TREND Networks auf der Light+Building 2026\">\n\t\t\t\t\t\t<div class=\"in__article-item-image\">\n\t\t\t\t\t\t\t<img class=\"carousel-img no-lazy owl-lazy\" data-src=\"https:\/\/www.trend-networks.com\/wp-content\/uploads\/2026\/02\/Light-Building-2026-Giveaway-Banner-2.1-1024x439.jpg\" alt=\"\"\/>\n\t\t\t\t\t\t<\/div>\n                        <div class=\"in__article-item-text\">\n    \t\t\t\t\t\t<div class=\"in__column-container small-device-keep-columns\">\n    \t\t\t\t\t\t\t<div class=\"in__article-post-date in__column-1-2\">\n    \t\t\t\t\t\t\t\t9 Februar 2026\n    \t\t\t\t\t\t\t<\/div>\n    \t\t\t\t\t\t\t<div class=\"in__article-post-cat in__column-1-2\">\n    \t\t\t\t\t\t\t\tNeuigkeiten\n    \t\t\t\t\t\t\t<\/div>\n    \t\t\t\t\t\t<\/div>\n    \t\t\t\t\t\t<h3>Messbare Exzellenz f\u00fcr die vernetzte Welt: TREND Networks auf der Light+Building 2026<\/h3>\n                        <\/div>\n\t\t\t\t\t<\/a>\n\t\t\t\t<\/div><div class=\"in__article-item\">\n\t\t\t\t\t<a href=\"https:\/\/www.trend-networks.com\/de\/signaltek-qt-one-tool-to-simplify-network-qualification\/\" title=\"View SignalTEK QT \u2013 Ein Testger\u00e4t, das die\u00a0\">\n\t\t\t\t\t\t<div class=\"in__article-item-image\">\n\t\t\t\t\t\t\t<img class=\"carousel-img no-lazy owl-lazy\" data-src=\"https:\/\/www.trend-networks.com\/wp-content\/uploads\/2025\/10\/2627-0870-1-1024x683.jpg\" alt=\"\"\/>\n\t\t\t\t\t\t<\/div>\n                        <div class=\"in__article-item-text\">\n    \t\t\t\t\t\t<div class=\"in__column-container small-device-keep-columns\">\n    \t\t\t\t\t\t\t<div class=\"in__article-post-date in__column-1-2\">\n    \t\t\t\t\t\t\t\t14 Oktober 2025\n    \t\t\t\t\t\t\t<\/div>\n    \t\t\t\t\t\t\t<div class=\"in__article-post-cat in__column-1-2\">\n    \t\t\t\t\t\t\t\tNeuigkeiten\n    \t\t\t\t\t\t\t<\/div>\n    \t\t\t\t\t\t<\/div>\n    \t\t\t\t\t\t<h3>SignalTEK QT \u2013 Ein Testger\u00e4t, das die\u00a0<\/h3>\n                        <\/div>\n\t\t\t\t\t<\/a>\n\t\t\t\t<\/div><div class=\"in__article-item\">\n\t\t\t\t\t<a href=\"https:\/\/www.trend-networks.com\/de\/depend-on-us-rewards-is-back-with-even-bigger-value\/\" title=\"View Die Depend On Us Jahresendaktion ist zur\u00fcck: Schneller Testen \u2013 Smarter Splei\u00dfen \u2013 MEHRWERT SICHERN\u00a0\">\n\t\t\t\t\t\t<div class=\"in__article-item-image\">\n\t\t\t\t\t\t\t<img class=\"carousel-img no-lazy owl-lazy\" data-src=\"https:\/\/www.trend-networks.com\/wp-content\/uploads\/2025\/10\/DOUR-1400x600-MC-Banner-EN-1-1024x439.jpg\" alt=\"\"\/>\n\t\t\t\t\t\t<\/div>\n                        <div class=\"in__article-item-text\">\n    \t\t\t\t\t\t<div class=\"in__column-container small-device-keep-columns\">\n    \t\t\t\t\t\t\t<div class=\"in__article-post-date in__column-1-2\">\n    \t\t\t\t\t\t\t\t1 Oktober 2025\n    \t\t\t\t\t\t\t<\/div>\n    \t\t\t\t\t\t\t<div class=\"in__article-post-cat in__column-1-2\">\n    \t\t\t\t\t\t\t\tNeuigkeiten\n    \t\t\t\t\t\t\t<\/div>\n    \t\t\t\t\t\t<\/div>\n    \t\t\t\t\t\t<h3>Die Depend On Us Jahresendaktion ist zur\u00fcck: Schneller Testen \u2013 Smarter Splei\u00dfen \u2013 MEHRWERT SICHERN\u00a0<\/h3>\n                        <\/div>\n\t\t\t\t\t<\/a>\n\t\t\t\t<\/div><\/section> <!--\/.in__article-carousel -->\n\n\n\n        <\/div>\n    <\/div>\n<\/section>\n\n<section id=\"trend-about-latest\" class=\"in__cta-footer trend-standard-block fadein slideup\">\n\n    \n    \n    <div class=\"grid-container fluid\">\n        <div class=\"grid-x\">\n                            \n                                                            \n                    \n                                                            <div class=\"cell medium-6 padded \" style=\"background-color:#f5f5f5;\">\n                                                <h2>UNTERNEHMEN TREND Networks<\/h2>\n                                                                                                                        <div class=\"button-wrap\"><a class=\"button button-one\" href=\"https:\/\/www.trend-networks.com\/de\/uber-trend-networks\/\" target=\"_self\">MEHR LESEN<\/a><\/div>                    <\/div>\n                    \n                \n                                                            \n                    \n                                                            <div class=\"cell medium-6 padded  background-dark\" style=\"background-color:#1c408c;\">\n                                                <h2>Aktuelle Artikel<\/h2>\n                                                                                                                        <div class=\"button-wrap\"><a class=\"button button-one\" href=\"https:\/\/www.trend-networks.com\/de\/neuigkeiten\/\" target=\"_self\">Mehr lesen<\/a><\/div>                    <\/div>\n                    \n                   \n                    <\/div>\n    <\/div>\n\n<\/section>\n\n<section class=\"grid-container section\">\n    <div class=\"grid-x\">\n        <div class=\"small-12 medium-12 large-12 cell inner-content\">\n","protected":false},"excerpt":{"rendered":"","protected":false},"author":1,"featured_media":0,"parent":0,"menu_order":364,"comment_status":"closed","ping_status":"closed","template":"","meta":{"_acf_changed":false,"inline_featured_image":false,"_glsr_average":0,"_glsr_ranking":0,"_glsr_reviews":0,"footnotes":""},"class_list":["post-44","page","type-page","status-publish","hentry"],"acf":[],"_links":{"self":[{"href":"https:\/\/www.trend-networks.com\/de\/wp-json\/wp\/v2\/pages\/44","targetHints":{"allow":["GET"]}}],"collection":[{"href":"https:\/\/www.trend-networks.com\/de\/wp-json\/wp\/v2\/pages"}],"about":[{"href":"https:\/\/www.trend-networks.com\/de\/wp-json\/wp\/v2\/types\/page"}],"author":[{"embeddable":true,"href":"https:\/\/www.trend-networks.com\/de\/wp-json\/wp\/v2\/users\/1"}],"replies":[{"embeddable":true,"href":"https:\/\/www.trend-networks.com\/de\/wp-json\/wp\/v2\/comments?post=44"}],"version-history":[{"count":152,"href":"https:\/\/www.trend-networks.com\/de\/wp-json\/wp\/v2\/pages\/44\/revisions"}],"predecessor-version":[{"id":153016,"href":"https:\/\/www.trend-networks.com\/de\/wp-json\/wp\/v2\/pages\/44\/revisions\/153016"}],"wp:attachment":[{"href":"https:\/\/www.trend-networks.com\/de\/wp-json\/wp\/v2\/media?parent=44"}],"curies":[{"name":"wp","href":"https:\/\/api.w.org\/{rel}","templated":true}]}}