{"id":34355,"date":"2019-04-04T18:19:29","date_gmt":"2019-04-04T17:19:29","guid":{"rendered":"https:\/\/www.trend-networks.com\/support\/superseded-products\/"},"modified":"2022-03-10T11:28:56","modified_gmt":"2022-03-10T11:28:56","slug":"superseded-products","status":"publish","type":"page","link":"https:\/\/www.trend-networks.com\/de\/support\/superseded-products\/","title":{"rendered":"ABGEK\u00dcNDIGTE PRODUKTE"},"content":{"rendered":"\n<h1 class=\"wp-block-heading\">ABGEK\u00dcNDIGTE PRODUKTE<\/h1>\n\n\n\n<p>Hier finden Sie eine Liste der k\u00fcrzlich abgek\u00fcndigten Produkte mit den verf\u00fcgbaren Alternativen.<\/p>\n\n\n\n<figure class=\"wp-block-table\"><table><tbody><tr><td><strong>Abgek\u00fcndigtes Produkt<\/strong><\/td><td><strong>Alternative<\/strong><\/td><\/tr><tr><td>&nbsp;MC2+&nbsp;<\/td><td>&nbsp;Abgek\u00fcndigtes Produkt<\/td><\/tr><tr><td>&nbsp;FiberTEK FDX (33-990-FA04)&nbsp;<\/td><td>&nbsp;<a href=\"https:\/\/www.trend-networks.com\/de\/produkt\/fibertek-iii-series\/\">FiberTEK III (R164007)<\/a><\/td><\/tr><tr><td>&nbsp;FiberTEK FDX (33-990-FA03)&nbsp;<\/td><td>&nbsp;<a href=\"https:\/\/www.trend-networks.com\/de\/produkt\/fibertek-iii-series\/\">FiberTEK III (R164006)<\/a><\/td><\/tr><tr><td>&nbsp;FiberTEK FDX (33-990-FA01)&nbsp;<\/td><td><a href=\"https:\/\/www.trend-networks.com\/de\/produkt\/fibertek-iii-series\/\">&nbsp;FiberTEK III (R164005)<\/a><\/td><\/tr><tr><td>&nbsp;LanTEK II (33-993)&nbsp;<\/td><td>&nbsp;<a href=\"https:\/\/www.trend-networks.com\/de\/produkt\/lantek-iii-series\/\">LanTEK III (R164002\/R161004)<\/a><\/td><\/tr><tr><td>&nbsp;LanTEK II (33-992)&nbsp;<\/td><td><a href=\"https:\/\/www.trend-networks.com\/de\/produkt\/lantek-iii-series\/\">&nbsp;LanTEK III (R164001\/R161003)<\/a><\/td><\/tr><tr><td>&nbsp;LanTEK II (33-991)&nbsp;<\/td><td>&nbsp;Abgek\u00fcndigtes Produkt<\/td><\/tr><tr><td>&nbsp;NaviTEK II Pro (R151002)&nbsp;<\/td><td><a href=\"https:\/\/www.trend-networks.com\/product\/navitek-nt\/\">&nbsp;NaviTEK NT Pro (R151004)<\/a><\/td><\/tr><tr><td>&nbsp;NaviTEK II Plus (R151000)&nbsp;<\/td><td><a href=\"https:\/\/www.trend-networks.com\/product\/navitek-nt\/\">&nbsp;NaviTEK NT Plus (R151003)<\/a><\/td><\/tr><tr><td>&nbsp;NaviTEK II (R153000)&nbsp;<\/td><td><a href=\"https:\/\/www.trend-networks.com\/product\/navitek-nt\/\">&nbsp;NaviTEK NT (R153001)<\/a><\/td><\/tr><tr><td>&nbsp;SignalTEK II (R156000)&nbsp;<\/td><td>&nbsp;SignalTEK NT (R156003)<\/td><\/tr><tr><td>&nbsp;SignalTEK II (R156000)&nbsp;<\/td><td>&nbsp;SignalTEK NT (R156003)<\/td><\/tr><tr><td>&nbsp;SignalTEK II FO (R156001)&nbsp;<\/td><td>&nbsp;SignalTEK NT (R156003)<\/td><\/tr><tr><td>&nbsp;SignalTEK CT (R156002)&nbsp;<\/td><td>&nbsp;SignalTEK CT (R156004)<\/td><\/tr><tr><td>&nbsp;FiberTEK FDX MM LSR (33-990-FA02)&nbsp;<\/td><td>&nbsp;FiberTEK FDX MM LED (33-990-FA01)<\/td><\/tr><tr><td>&nbsp;FiberTEK FDX MM LSR\/SM (33-990-FA05)&nbsp;<\/td><td>&nbsp;FiberTEK FDX SM LSR (33-990-FA03) oder FiberTEK FDX MM LED\/SM (33-990-FA04)<\/td><\/tr><tr><td>&nbsp;LanXPLORER (R150002)&nbsp;<\/td><td>&nbsp;LanXPLORER Pro (R150001)<\/td><\/tr><tr><td>&nbsp;LanXPLORER Plus&nbsp; (R150004)<\/td><td>&nbsp;LanXPLORER Pro (R150001)<\/td><\/tr><tr><td>&nbsp;VDV&nbsp;<\/td><td><a href=\"https:\/\/www.trend-networks.com\/de\/produkt\/vdv-ii-series\/\">&nbsp;VDV II<\/a><\/td><\/tr><tr><td>&nbsp;IENet Pro&nbsp;<\/td><td>&nbsp;Abgek\u00fcndigtes Produkt<\/td><\/tr><tr><td>&nbsp;SignalTEK&nbsp;I<\/td><td>&nbsp;SignalTEK II FO<\/td><\/tr><tr><td>&nbsp;MultiPRO GbE<\/td><td><a href=\"https:\/\/www.trend-networks.com\/de\/produkt\/unipro-mgig1-series\/\">&nbsp;UniPRO MGig1<\/a><\/td><\/tr><tr><td>&nbsp;MultiPRO SDH<\/td><td>&nbsp;Abgek\u00fcndigtes Produkt<\/td><\/tr><tr><td>&nbsp;MultiPRO Copper<\/td><td>&nbsp;Abgek\u00fcndigtes Produkt<\/td><\/tr><tr><td>&nbsp;MultiPRO ADSL\/VDSL<\/td><td>&nbsp;MC2+<\/td><\/tr><tr><td>&nbsp;UniPRO GbE<\/td><td><a href=\"https:\/\/www.trend-networks.com\/de\/produkt\/unipro-mgig1-series\/\">&nbsp;UniPRO MGig1<\/a><\/td><\/tr><tr><td>&nbsp;UniPRO VOIP<\/td><td>&nbsp;LanXPLORER Pro<\/td><\/tr><tr><td>&nbsp;Aurora Presto<\/td><td>&nbsp;Abgek\u00fcndigtes Produkt<\/td><\/tr><tr><td>&nbsp;Aurora Sonata<\/td><td>&nbsp;Abgek\u00fcndigtes Produkt<\/td><\/tr><tr><td>&nbsp;Optical Multimeter<\/td><td>&nbsp;FiberMASTER<\/td><\/tr><tr><td>&nbsp;Optical Power Meter<\/td><td>&nbsp;FiberMASTER<\/td><\/tr><tr><td>&nbsp;Optical Light Source<\/td><td>&nbsp;FiberMASTER<\/td><\/tr><\/tbody><\/table><\/figure>\n\n\n\n        <\/div>\n    <\/div>\n<\/section>\n\n<section class=\"learning-hub-cta trend-standard-block fadein slideup\">\n\n    \n    \n    <div class=\"grid-container fluid\">\n        <div class=\"grid-x\">\n                            \n                                                            \n                    \n                                                            <div class=\"cell medium-6 padded \" style=\"background-image:url(https:\/\/www.trend-networks.com\/wp-content\/uploads\/2021\/05\/Trend-Network-Learning-Hub.png);\">\n                                                <h1 class=\"trend-learning-hub\"><span class=\"trend\">TREND<\/span><span class=\"learning\">Wissens<\/span> <span class=\"hub\">Hub<\/span><\/h1>\n<p class=\"subhead\">Videos, und Whitepapers und vieles mehr<\/p>\n                                                                                                                        <div class=\"button-wrap\"><a class=\"button button-one\" href=\"https:\/\/www.trend-networks.com\/de\/wissens-hub\/\" target=\"_self\">Erfahren Sie mehr<\/a><\/div>                    <\/div>\n                    \n                \n                                                            \n                    \n                                                            <div class=\"cell medium-6 padded \" style=\"background-image:url(https:\/\/www.trend-networks.com\/wp-content\/uploads\/2021\/06\/signaltek-homepage-cta-de.jpg);\">\n                                                <h2>SCHNELLE FEHLERBEHEBUNG MIT SIGNALTEK 10G<\/h2>\n                                                                                                                        <div class=\"button-wrap\"><a class=\"button button-one\" href=\"https:\/\/www.trend-networks.com\/de\/produkt\/signaltek-10g\/\" target=\"_self\">MEHR ERFAHREN<\/a><\/div>                    <\/div>\n                    \n                   \n                    <\/div>\n    <\/div>\n\n<\/section>\n\n<section class=\"grid-container section\">\n    <div class=\"grid-x\">\n        <div class=\"small-12 medium-12 large-12 cell inner-content\">\n\n\n\n        <\/div>\n    <\/div>\n<\/section>\n\n<section id=\"trend-about-latest\" class=\"in__cta-footer trend-standard-block fadein slideup\">\n\n    \n    \n    <div class=\"grid-container fluid\">\n        <div class=\"grid-x\">\n                            \n                                                            \n                    \n                                                            <div class=\"cell medium-6 padded \" style=\"background-color:#f5f5f5;\">\n                                                <h2>UNTERNEHMEN TREND Networks<\/h2>\n                                                                                                                        <div class=\"button-wrap\"><a class=\"button button-one\" href=\"https:\/\/www.trend-networks.com\/de\/uber-trend-networks\/\" target=\"_self\">MEHR LESEN<\/a><\/div>                    <\/div>\n                    \n                \n                                                            \n                    \n                                                            <div class=\"cell medium-6 padded  background-dark\" style=\"background-color:#1c408c;\">\n                                                <h2>Aktuelle Artikel<\/h2>\n                                                                                                                        <div class=\"button-wrap\"><a class=\"button button-one\" href=\"https:\/\/www.trend-networks.com\/de\/neuigkeiten\/\" target=\"_self\">Mehr lesen<\/a><\/div>                    <\/div>\n                    \n                   \n                    <\/div>\n    <\/div>\n\n<\/section>\n\n<section class=\"grid-container section\">\n    <div class=\"grid-x\">\n        <div class=\"small-12 medium-12 large-12 cell inner-content\">\n","protected":false},"excerpt":{"rendered":"<p>ABGEK\u00dcNDIGTE PRODUKTE Hier finden Sie eine Liste der k\u00fcrzlich abgek\u00fcndigten Produkte mit den verf\u00fcgbaren Alternativen.&nbsp;&#8230;<\/p>\n","protected":false},"author":1,"featured_media":0,"parent":34116,"menu_order":122,"comment_status":"closed","ping_status":"closed","template":"","meta":{"_acf_changed":false,"inline_featured_image":false,"_glsr_average":0,"_glsr_ranking":0,"_glsr_reviews":0,"footnotes":""},"class_list":["post-34355","page","type-page","status-publish","hentry"],"acf":[],"_links":{"self":[{"href":"https:\/\/www.trend-networks.com\/de\/wp-json\/wp\/v2\/pages\/34355","targetHints":{"allow":["GET"]}}],"collection":[{"href":"https:\/\/www.trend-networks.com\/de\/wp-json\/wp\/v2\/pages"}],"about":[{"href":"https:\/\/www.trend-networks.com\/de\/wp-json\/wp\/v2\/types\/page"}],"author":[{"embeddable":true,"href":"https:\/\/www.trend-networks.com\/de\/wp-json\/wp\/v2\/users\/1"}],"replies":[{"embeddable":true,"href":"https:\/\/www.trend-networks.com\/de\/wp-json\/wp\/v2\/comments?post=34355"}],"version-history":[{"count":1,"href":"https:\/\/www.trend-networks.com\/de\/wp-json\/wp\/v2\/pages\/34355\/revisions"}],"predecessor-version":[{"id":86944,"href":"https:\/\/www.trend-networks.com\/de\/wp-json\/wp\/v2\/pages\/34355\/revisions\/86944"}],"up":[{"embeddable":true,"href":"https:\/\/www.trend-networks.com\/de\/wp-json\/wp\/v2\/pages\/34116"}],"wp:attachment":[{"href":"https:\/\/www.trend-networks.com\/de\/wp-json\/wp\/v2\/media?parent=34355"}],"curies":[{"name":"wp","href":"https:\/\/api.w.org\/{rel}","templated":true}]}}