{"id":34328,"date":"2019-05-03T12:19:15","date_gmt":"2019-05-03T11:19:15","guid":{"rendered":"https:\/\/www.trend-networks.com\/support\/register-product\/"},"modified":"2022-03-10T10:10:57","modified_gmt":"2022-03-10T10:10:57","slug":"register-product","status":"publish","type":"page","link":"https:\/\/www.trend-networks.com\/de\/support\/register-product\/","title":{"rendered":"PRODUKTREGISTRIERUNG"},"content":{"rendered":"\n<h1 class=\"wp-block-heading\">PRODUKTREGISTRIERUNG<\/h1>\n\n\n\n<p>Vielen Dank f\u00fcr den Kauf unseres Produktes. Wir hoffen, dass es Ihnen viele Jahre lang gute Dienste leisten wird. Wir w\u00fcrden uns freuen, wenn Sie sich die Zeit nehmen und das gekaufte Produkt registrieren w\u00fcrden. Die Registrierung versetzt uns in die Lage, Ihnen wichtige Aktualisierungen und Service-Informationen zukommen zu lassen. Au\u00dferdem erleichtert sie Ihnen den Kontakt zum technischen Support. Wir respektieren Ihre Privatsph\u00e4re und versichern Ihnen, dass wir keine personengebundenen Daten an andere Unternehmen weitergeben werden.<\/p>\n\n\n\n<div style=\"height:60px\" aria-hidden=\"true\" class=\"wp-block-spacer\"><\/div>\n\n\n\n<form class=\"in__form\" method=\"post\">\n\t<fieldset>\n\t\t<legend>Your details<\/legend>\n\t\t\t\t<div class=\"in__column-container\">\n\t\t    <div class=\"in__column-1-2\">\n\t\t    \t<label for=\"firstname\" class=\"required-field\">Vorname<\/label>\n\t\t        <input name=\"firstname\" type=\"text\" placeholder=\"Vorname *\" required=\"required\">\n\t\t    <\/div>\n\t\t    <div class=\"in__column-1-2\">\n\t\t    \t<label for=\"lastname\" class=\"required-field\">Nachname<\/label>\n\t\t        <input name=\"lastname\" type=\"text\" placeholder=\"Nachname *\" required=\"required\">\n\t\t    <\/div>\n\t\t<\/div>\n\t\t<div class=\"in__column-container\">\n\t\t    <div class=\"in__column-1-2\" class=\"required-field\">\n\t\t    \t<label for=\"company\" class=\"required-field\">Name des Unternehmens<\/label>\n\t\t        <input name=\"company\" type=\"text\" placeholder=\"Name des Unternehmens *\" required=\"required\">\n\t\t    <\/div>\n\t\t    <div class=\"in__column-1-2\">\n\t\t    \t<label for=\"position\" class=\"required-field\">Position<\/label>\n\t\t        <input name=\"position\" type=\"text\" placeholder=\"Position *\" required=\"required\">\n\t\t    <\/div>\n\t\t<\/div>\n\t\t<div class=\"in__column-container\">\n\t\t    <div class=\"in__column-1-2\">\n\t\t    \t<label for=\"address\" class=\"required-field\">Adresse 1<\/label>\n\t\t        <input name=\"address\" type=\"text\" placeholder=\"Adresse 1 *\" required=\"required\">\n\t\t    <\/div>\n\t\t    <div class=\"in__column-1-2\">\n\t\t    \t<label for=\"address1\" class=\"required-field\">Adresse 2<\/label>\n\t\t        <input name=\"address1\" type=\"text\" placeholder=\"Adresse 2 *\" required=\"required\">\n\t\t    <\/div>\n\t\t<\/div>\n\t\t<div class=\"in__column-container\">\n\t\t    <div class=\"in__column-1-2\">\n\t\t    \t<label for=\"town\/city\" class=\"required-field\">Stadt<\/label>\n\t\t        <input class=\"join\" name=\"town\/city\" type=\"text\" placeholder=\"Stadt *\" required=\"required\">\n\t\t    <\/div>\n\t\t    <div class=\"in__column-1-2\">\n\t\t    \t\n\t\t\t\t\t\t\t\t<label for=\"county\" class=\"required-field\">Bundesland<\/label>\n\t\t        <input class=\"join\" name=\"state\" type=\"text\" placeholder=\"Bundesland *\" required=\"required\">\n\t\t\t\t\t\t    <\/div>\n\t\t<\/div>\n\t\t<div class=\"in__column-container\">\n\t\t\t<div class=\"in__column-1-2\">\n\t    \t\t<label for=\"postcode\" class=\"required-field\">PLZ<\/label>\n\t        \t<input name=\"postcode\" type=\"text\" placeholder=\"PLZ *\" required=\"required\">\n\t        <\/div>\n\t\t    <div class=\"in__column-1-2\">\n\t\t    \t\t    <div>\n\t    \t<label aria-label=\"Select Country\" for=\"country\" class=\"required-field\">Land<\/label>\n\t        <select name=\"country\" required=\"required\">\n\t        \t\t            <option value=\"\">Land *<\/option>\n\n\n\n\t            \n\t\t\t\t\t\t<option value=\"DE\">Deutschland<\/option>\n\n                        <option value=\"LU\">Luxembourg<\/option>\n\n                        <option value=\"AT\">\u00d6sterreich<\/option>\n\n                        <option value=\"CH\">Schweiz<\/option>\n\n\t            \t\t\t        <\/select>\n\t    <\/div>\t\t    <\/div>\n\t\t<\/div>\n\t    <div class=\"in__column-container\">\n\t        <div class=\"in__column-1-2\">\n\t        \t<label for=\"telephone\" class=\"required-field\">Telefonnummer<\/label>\n\t        \t<input name=\"telephone\" type=\"text\" placeholder=\"Telefonnummer *\" required=\"required\">\n\t        <\/div>\n\t    \t<div class=\"in__column-1-2\" class=\"required-field\">\n\t    \t\t<label for=\"email\" class=\"required-field\">Email-Anschrift<\/label>\n\t        \t<input name=\"email\" type=\"email\" placeholder=\"Email-Anschrift *\" required=\"required\">\n\t    \t<\/div>\n\t    <\/div>\n\t<\/fieldset>\n\t<fieldset>\n\t\t<legend>Produktdetails<\/legend>\n\t    <div>\n\t    \t<label for=\"product\" class=\"required-field\">Produkt<\/label>\n\t    \t\n        \n            <div>\n                \n                <select id=\"product\" name=\"product\">\n                   <option>-- W\u00e4hlen Sie das Produkt aus der Liste aus --<\/option>\n                   <option value=\"CCTV-KAMERATESTER SECURITEST IP\" data-grouped=\"\">CCTV-KAMERATESTER SECURITEST IP<\/option><option value=\"FIBERTEK IV GLASFASER-ZERTIFIZIERUNGSADAPTER F\u00fcR LANTEK IV-S\" data-grouped=\"1\">FIBERTEK IV Glasfaser-Zertifizierungsadapter f\u00fcr LanTEK IV-S<\/option><option value=\"FIBERMASTER \/ LICHTQUELLE  \u2013 NEU\" data-grouped=\"1\">FiberMASTER \/ Lichtquelle  \u2013 Neu<\/option><option value=\"FIBERMASTER FUSIONSSPLEI\u00dfGER\u00e4TE-SERIE\" data-grouped=\"1\">FiberMASTER Fusionssplei\u00dfger\u00e4te-Serie<\/option><option value=\"FIBERMASTER MID-RANGE OTDR - NEU\" data-grouped=\"1\">FiberMASTER Mid-range OTDR - Neu<\/option><option value=\"FIBERMASTER SERIES\" data-grouped=\"1\">FiberMASTER Series<\/option><option value=\"KIT AUS TONGENERATOR\/INDUKTIVER EMPF\u00c4NGER ZUR KABELLOKALISIERUNG\" data-grouped=\"1\">KIT AUS TONGENERATOR\/INDUKTIVER EMPF\u00c4NGER ZUR KABELLOKALISIERUNG<\/option><option value=\"LANTEK IV KABELZERTIFIZIERER\" data-grouped=\"1\">LanTEK IV Kabelzertifizierer<\/option><option value=\"LANXPLORER PRO INLINE-NETZWERKTESTER\" data-grouped=\"1\">LanXPLORER Pro Inline-Netzwerktester<\/option><option value=\"NAVITEK NT - NETZWERKTESTER\" data-grouped=\"1\">NaviTEK NT - Netzwerktester<\/option><option value=\"POE PRO DATENKABEL- UND POE-TESTER\" data-grouped=\"1\">POE PRO DATENKABEL- UND POE-TESTER<\/option><option value=\"SIGNALTEK 10G - ETHERNET KABEL- UND BANDBREITENTESTER\" data-grouped=\"1\">SIGNALTEK 10G - ETHERNET KABEL- UND BANDBREITENTESTER<\/option><option value=\"SIGNALTEK NT - NETZWERK TRANSMISSION-TESTER - AKTIV UND PASSIV\" data-grouped=\"1\">SIGNALTEK NT - Netzwerk Transmission-Tester - Aktiv und passiv<\/option><option value=\"SIGNALTEK QT-QUALIFIZIERUNGSTESTER-SERIE\" data-grouped=\"1\">SignalTEK QT-Qualifizierungstester-Serie<\/option><option value=\"UNIPRO MGIG1 SERIES\" data-grouped=\"1\">UniPRO MGig1 Series<\/option><option value=\"VDV II SERIES\" data-grouped=\"1\">VDV II Series<\/option>\n                <\/select>\n            <\/div>\n        \n        <!-- Array\n(\n    [0] => 29361\n    [1] => 29373\n    [2] => 143108\n    [3] => 29442\n    [4] => 61027\n    [5] => 46123\n    [6] => 32173\n    [7] => 29443\n    [8] => 85110\n    [9] => 69504\n    [10] => 54170\n    [11] => 29365\n    [12] => 79533\n    [13] => 79525\n    [14] => 132184\n)\n -->\n<!-- Array\n(\n    [0] => 29440\n)\n -->\t    <\/div>\n\t    <div class=\"in__column-container\">\n\t        <div class=\"in__column-1-2\">\n\t\t    \t<label for=\"productserialnumber\" class=\"required-field\">Seriennummer des Produktes<\/label>\n\t\t        <input name=\"productserialnumber\" type=\"text\" placeholder=\"Seriennummer des Produktes *\" required=\"required\"\/>\n\t\t    <\/div>\n\t\t    <div class=\"in__column-1-2 serialnoslash\">\n\t\t    \t\/\n\t\t    <\/div>\n\t        <div class=\"in__column-1-2\">\n\t        \t<label>&nbsp;<\/label>\n\t\t        <input name=\"productserialnumber2\" type=\"text\" placeholder=\"Seriennummer des Produktes *\" required=\"required\"\/>\n\t\t    <\/div>\t\t    \n\t    <\/div>\n\t    <div>\n\t    \t[datetimepicker]\t    \t<label for=\"date\" class=\"required-field\">Datum des Kaufs (tt-mm-jj)<\/label>\n\t        <input id=\"date\" name=\"date of purchase\" type=\"text\" placeholder=\"Datum des Kaufs (tt-mm-jj) *\" class=\"in__form-field-datepicker\" required=\"required\">\n\t        \t    <\/div>\n\t    <div>\n\t    \t<label for=\"where purchase\" class=\"required-field\">Wo haben Sie das Produkt gekauft?<\/label>\n\t        <input name=\"where purchase\" type=\"text\" placeholder=\"Wo haben Sie das Produkt gekauft? *\" required=\"required\">\n\t    <\/div>\n\t    <div>\n\t    \t<label for=\"where found\" class=\"required-field\">Wo haben Sie von neuen Produkten erfahren?<\/label>\n\t        <input name=\"where found\" type=\"text\" placeholder=\"Wo haben Sie von neuen Produkten erfahren? *\" required=\"required\">\n\t    <\/div>\n\t    <div>\n\t    \t<label for=\"main application\" class=\"required-field\">Hauptanwendungsbereich?<\/label>\n\t        <input name=\"main application\" type=\"text\" placeholder=\"Hauptanwendungsbereich? *\" required=\"required\">\n\t    <\/div>\n\t\t<div id=\"pot-field\" style=\"opacity:0;z-index:-1;pointer-events:none;position:absolute;height:0;width:0;\">\n\t<input name=\"business\" type=\"text\" id=\"business\" autocomplete=\"off\" tabindex=\"-1\">\n<\/div>\t    <div>\n\t    \t\t        <div style=\"display:flex;margin-bottom:1.5rem;\">\n\t            <label class=\"large-text inline\" for=\"keepme\">Bitte informieren Sie mich regelm\u00e4\u00dfig \u00fcber Neuigkeiten.<\/label><input name=\"keepme\" id=\"keepme\" value=\"yes\" type=\"checkbox\" class=\"in__form-stylised\">\n\t        <\/div>\t    <\/div> \n\t    <div>\n\t    \t<div class=\"g-recaptcha\" data-sitekey=\"6LfgrIQaAAAAAEeCo_3ch-CG0SNb9IAgi8dcx2RH\"><\/div>\t    <\/div>\n\t<\/fieldset>\n\t<div>\n\t    \t<input type=\"hidden\" name=\"message\" value=\"\">\n\t    \t<input type=\"hidden\" name=\"support type\" value=\"\">\n\n\t\t\t<input type=\"hidden\" name=\"handler\" value=\"productRegistration\"\/>\n\t\t\t<input type=\"hidden\" name=\"region_code\" value=\"de\"\/>\n\t\t\t<input type=\"hidden\" name=\"security\" value=\"c7a6e3be74\"\/>\n\n\t    \t<span><input type=\"submit\" class=\"btn yellow\" value=\"Submit\"><\/span>\n\t<\/div>\n\t\n<\/form>\n\n\n\n<div class=\"wp-block-group\"><div class=\"wp-block-group__inner-container is-layout-flow wp-block-group-is-layout-flow\">\n<div style=\"height:60px\" aria-hidden=\"true\" class=\"wp-block-spacer\"><\/div>\n\n\n\n\n\n<h2 class=\"has-text-align-center in__fullwidth-tag-line wp-block-heading\">UNSERE VERSPRECHEN<\/h2>\n\n\n\n<p class=\"has-text-align-center has-trend-dark-blue-color has-text-color\"><strong>Lifetime Support Promise<\/strong> \u2013  Wir werden die Ger\u00e4te, die Sie von uns erwerben, \u00fcber die gesamte Einsatzdauer kalibrieren und reparieren.*<\/p>\n\n\n\n<p class=\"has-text-align-center has-trend-dark-blue-color has-text-color\"><strong>Depend On Our Data<\/strong> \u2013  Die TREND AnyWARE Cloud ist die einzige Cloudsoftware die sowohl Zertifizierungs- als auch Bandbreitentestergebnisse zur Reporterstellung verwalten kann.<\/p>\n\n\n\n<p class=\"has-text-align-center has-trend-dark-blue-color has-text-color\"><strong>Rapid Service<\/strong> \u2013  Wenn wir eine technische Supportanfrage nicht sofort entgegennehmen k\u00f6nnen, werden wir uns bem\u00fchen, Sie innerhalb von zwei Gesch\u00e4ftsstunden zur\u00fcckzurufen.*<\/p>\n\n\n\n<div style=\"height:30px\" aria-hidden=\"true\" class=\"wp-block-spacer\"><\/div>\n\n\n\n<div class=\"wp-block-buttons is-content-justification-center is-layout-flex wp-block-buttons-is-layout-flex\">\n<div class=\"wp-block-button\"><a class=\"wp-block-button__link\" href=\"https:\/\/www.trend-networks.com\/de\/unser-versprechen\/\">Mehr erfahren<\/a><\/div>\n<\/div>\n\n\n\n<p><\/p>\n<\/div><\/div>\n\n\n\n        <\/div>\n    <\/div>\n<\/section>\n\n<section class=\"learning-hub-cta trend-standard-block fadein slideup\">\n\n    \n    \n    <div class=\"grid-container fluid\">\n        <div class=\"grid-x\">\n                            \n                                                            \n                    \n                                                            <div class=\"cell medium-6 padded \" style=\"background-image:url(https:\/\/www.trend-networks.com\/wp-content\/uploads\/2021\/05\/Trend-Network-Learning-Hub.png);\">\n                                                <h1 class=\"trend-learning-hub\"><span class=\"trend\">TREND<\/span><span class=\"learning\">Wissens<\/span> <span class=\"hub\">Hub<\/span><\/h1>\n<p class=\"subhead\">Videos, und Whitepapers und vieles mehr<\/p>\n                                                                                                                        <div class=\"button-wrap\"><a class=\"button button-one\" href=\"https:\/\/www.trend-networks.com\/de\/wissens-hub\/\" target=\"_self\">Erfahren Sie mehr<\/a><\/div>                    <\/div>\n                    \n                \n                                                            \n                    \n                                                            <div class=\"cell medium-6 padded \" style=\"background-image:url(https:\/\/www.trend-networks.com\/wp-content\/uploads\/2021\/06\/signaltek-homepage-cta-de.jpg);\">\n                                                <h2>SCHNELLE FEHLERBEHEBUNG MIT SIGNALTEK 10G<\/h2>\n                                                                                                                        <div class=\"button-wrap\"><a class=\"button button-one\" href=\"https:\/\/www.trend-networks.com\/de\/produkt\/signaltek-10g\/\" target=\"_self\">MEHR ERFAHREN<\/a><\/div>                    <\/div>\n                    \n                   \n                    <\/div>\n    <\/div>\n\n<\/section>\n\n<section class=\"grid-container section\">\n    <div class=\"grid-x\">\n        <div class=\"small-12 medium-12 large-12 cell inner-content\">\n\n\n\n        <\/div>\n    <\/div>\n<\/section>\n\n<section id=\"trend-about-latest\" class=\"in__cta-footer trend-standard-block fadein slideup\">\n\n    \n    \n    <div class=\"grid-container fluid\">\n        <div class=\"grid-x\">\n                            \n                                                            \n                    \n                                                            <div class=\"cell medium-6 padded \" style=\"background-color:#f5f5f5;\">\n                                                <h2>UNTERNEHMEN TREND Networks<\/h2>\n                                                                                                                        <div class=\"button-wrap\"><a class=\"button button-one\" href=\"https:\/\/www.trend-networks.com\/de\/uber-trend-networks\/\" target=\"_self\">MEHR LESEN<\/a><\/div>                    <\/div>\n                    \n                \n                                                            \n                    \n                                                            <div class=\"cell medium-6 padded  background-dark\" style=\"background-color:#1c408c;\">\n                                                <h2>Aktuelle Artikel<\/h2>\n                                                                                                                        <div class=\"button-wrap\"><a class=\"button button-one\" href=\"https:\/\/www.trend-networks.com\/de\/neuigkeiten\/\" target=\"_self\">Mehr lesen<\/a><\/div>                    <\/div>\n                    \n                   \n                    <\/div>\n    <\/div>\n\n<\/section>\n\n<section class=\"grid-container section\">\n    <div class=\"grid-x\">\n        <div class=\"small-12 medium-12 large-12 cell inner-content\">\n","protected":false},"excerpt":{"rendered":"<p>PRODUKTREGISTRIERUNG Vielen Dank f\u00fcr den Kauf unseres Produktes. Wir hoffen, dass es Ihnen viele Jahre&nbsp;&#8230;<\/p>\n","protected":false},"author":1,"featured_media":0,"parent":34116,"menu_order":107,"comment_status":"closed","ping_status":"closed","template":"","meta":{"_acf_changed":false,"inline_featured_image":false,"_glsr_average":0,"_glsr_ranking":0,"_glsr_reviews":0,"footnotes":""},"class_list":["post-34328","page","type-page","status-publish","hentry"],"acf":[],"_links":{"self":[{"href":"https:\/\/www.trend-networks.com\/de\/wp-json\/wp\/v2\/pages\/34328","targetHints":{"allow":["GET"]}}],"collection":[{"href":"https:\/\/www.trend-networks.com\/de\/wp-json\/wp\/v2\/pages"}],"about":[{"href":"https:\/\/www.trend-networks.com\/de\/wp-json\/wp\/v2\/types\/page"}],"author":[{"embeddable":true,"href":"https:\/\/www.trend-networks.com\/de\/wp-json\/wp\/v2\/users\/1"}],"replies":[{"embeddable":true,"href":"https:\/\/www.trend-networks.com\/de\/wp-json\/wp\/v2\/comments?post=34328"}],"version-history":[{"count":1,"href":"https:\/\/www.trend-networks.com\/de\/wp-json\/wp\/v2\/pages\/34328\/revisions"}],"predecessor-version":[{"id":86913,"href":"https:\/\/www.trend-networks.com\/de\/wp-json\/wp\/v2\/pages\/34328\/revisions\/86913"}],"up":[{"embeddable":true,"href":"https:\/\/www.trend-networks.com\/de\/wp-json\/wp\/v2\/pages\/34116"}],"wp:attachment":[{"href":"https:\/\/www.trend-networks.com\/de\/wp-json\/wp\/v2\/media?parent=34328"}],"curies":[{"name":"wp","href":"https:\/\/api.w.org\/{rel}","templated":true}]}}