{"id":34236,"date":"2019-04-02T09:29:39","date_gmt":"2019-04-02T08:29:39","guid":{"rendered":"https:\/\/www.trend-networks.com\/support\/downloads\/quick-reference-guides\/"},"modified":"2021-08-25T19:43:20","modified_gmt":"2021-08-25T18:43:20","slug":"kurzbedienungsanleitungen","status":"publish","type":"page","link":"https:\/\/www.trend-networks.com\/de\/support\/downloads\/kurzbedienungsanleitungen\/","title":{"rendered":"Kurzbedienungsanleitungen"},"content":{"rendered":"\n<h1 class=\"wp-block-heading\">Kurzbedienungsanleitungen<\/h1>\n\n\n<div class=\"login-logout-container\"><ul id=\"menu-login-logout-de\" class=\"in__menu-account-management\"><li id=\"menu-item-48793\" class=\"xoo-el-login-tgr in__icon-key in__icon-menu menu-item menu-item-type-custom menu-item-object-custom menu-item-48793\"><a>Login<\/a><\/li>\n<\/ul><\/div>\n\n\n\n        <\/div>\n    <\/div>\n<\/section>\n\n<section   class=\"in__latest-navigation fullwidth-menu\">\n    <div class=\"menu-downloads-section-menu-de-container\"><ul id=\"menu-downloads-section-menu-de\" class=\"menu\"><li id=\"menu-item-43793\" class=\"menu-item menu-item-type-post_type menu-item-object-page menu-item-43793\"><a href=\"https:\/\/www.trend-networks.com\/de\/support\/downloads\/\">Alle zeigen<\/a><\/li>\n<li id=\"menu-item-43796\" class=\"menu-item menu-item-type-post_type menu-item-object-page menu-item-43796\"><a href=\"https:\/\/www.trend-networks.com\/de\/support\/downloads\/kurzbedienungsanleitungen\/\">Kurzbedienungsanleitungen<\/a><\/li>\n<li id=\"menu-item-43797\" class=\"menu-item menu-item-type-post_type menu-item-object-page menu-item-43797\"><a href=\"https:\/\/www.trend-networks.com\/de\/support\/downloads\/software\/\">Software<\/a><\/li>\n<li id=\"menu-item-43798\" class=\"menu-item menu-item-type-post_type menu-item-object-page menu-item-43798\"><a href=\"https:\/\/www.trend-networks.com\/de\/support\/downloads\/produktbroschueren\/\">Produktbrosch\u00fcren<\/a><\/li>\n<\/ul><\/div><\/section>\n\n<section class=\"grid-container section\">\n    <div class=\"grid-x\">\n        <div class=\"small-12 medium-12 large-12 cell inner-content\">\n\n\n\n\n<section  class=\"trend-downloads-hub\">\n    <div id=\"downloads-filter-results\" class=\"grid-x\">\n        <div class=\"in__sidebar-title\">\n            <button id=\"in__section_download_sidebar_toggle\"><h3>Filter<\/h3><\/button>\n        <\/div>\n        <div id=\"sidebar\" class=\"cell large-3\">\n            <div id=\"in__sidebar-title\">\n                <h3>Filter<\/h3>                <p><button id=\"in__section_download_sidebar_close\">Close<\/button><\/p>\n            <\/div>\n            <div class=\"in__filter-sidebar\">\n                <div class=\"in__filter-sidebar\"><form action=\"\" method=\"get\" class=\"alm-filters-container\"><div class=\"alm-filter\"><div class=\"alm-filter--title\"><h3>Produkt<\/h3><\/div><ul><li><input type=\"radio\" value=\"\" name=\"product_tag\" id=\"all_products\"\/><label for=\"all_products\">All<\/label><\/li><li class=\"alm-filter--checkbox\"><input type=\"radio\" id=\"fibermaster-fusion-splicers-de\" name=\"product_tag\" value=\"fibermaster-fusion-splicers-de\"  data-pr-id=\"2919\" data-pr-count=\"1\"\/><label for=\"fibermaster-fusion-splicers-de\" class=\"\">FiberMASTER Fusion Splicers<\/label><\/li><li class=\"alm-filter--checkbox\"><input type=\"radio\" id=\"fibermaster-de\" name=\"product_tag\" value=\"fibermaster-de\"  data-pr-id=\"1050\" data-pr-count=\"1\"\/><label for=\"fibermaster-de\" class=\"\">FiberMASTER Testers<\/label><\/li><li class=\"alm-filter--checkbox\"><input type=\"radio\" id=\"fibertek-iii-de\" name=\"product_tag\" value=\"fibertek-iii-de\"  data-pr-id=\"1064\" data-pr-count=\"1\"\/><label for=\"fibertek-iii-de\" class=\"\">FiberTEK III<\/label><\/li><li class=\"alm-filter--checkbox\"><input type=\"radio\" id=\"lantek-iii-de\" name=\"product_tag\" value=\"lantek-iii-de\"  data-pr-id=\"1063\" data-pr-count=\"1\"\/><label for=\"lantek-iii-de\" class=\"\">LanTEK III<\/label><\/li><li class=\"alm-filter--checkbox\"><input type=\"radio\" id=\"lantek-iv-de\" name=\"product_tag\" value=\"lantek-iv-de\"  data-pr-id=\"2574\" data-pr-count=\"2\"\/><label for=\"lantek-iv-de\" class=\"\">LanTEK IV<\/label><\/li><li class=\"alm-filter--checkbox\"><input type=\"radio\" id=\"lantek-iv-s-de\" name=\"product_tag\" value=\"lantek-iv-s-de\"  data-pr-id=\"2817\" data-pr-count=\"2\"\/><label for=\"lantek-iv-s-de\" class=\"\">LanTEK IV-S<\/label><\/li><li class=\"alm-filter--checkbox\"><input type=\"radio\" id=\"navitek-ie-de\" name=\"product_tag\" value=\"navitek-ie-de\"  data-pr-id=\"1112\" data-pr-count=\"1\"\/><label for=\"navitek-ie-de\" class=\"\">NaviTEK IE<\/label><\/li><li class=\"alm-filter--checkbox\"><input type=\"radio\" id=\"navitek-nt-de\" name=\"product_tag\" value=\"navitek-nt-de\"  data-pr-id=\"1111\" data-pr-count=\"1\"\/><label for=\"navitek-nt-de\" class=\"\">NaviTEK NT<\/label><\/li><li class=\"alm-filter--checkbox\"><input type=\"radio\" id=\"securitest-ip-de\" name=\"product_tag\" value=\"securitest-ip-de\"  data-pr-id=\"1065\" data-pr-count=\"1\"\/><label for=\"securitest-ip-de\" class=\"\">SecuriTEST IP<\/label><\/li><li class=\"alm-filter--checkbox\"><input type=\"radio\" id=\"signaltek-ct-de\" name=\"product_tag\" value=\"signaltek-ct-de\"  data-pr-id=\"1056\" data-pr-count=\"1\"\/><label for=\"signaltek-ct-de\" class=\"\">SignalTEK CT<\/label><\/li><li class=\"alm-filter--checkbox\"><input type=\"radio\" id=\"signaltek-nt-de\" name=\"product_tag\" value=\"signaltek-nt-de\"  data-pr-id=\"1276\" data-pr-count=\"1\"\/><label for=\"signaltek-nt-de\" class=\"\">SignalTEK NT<\/label><\/li><li class=\"alm-filter--checkbox\"><input type=\"radio\" id=\"signaltek-qt-de\" name=\"product_tag\" value=\"signaltek-qt-de\"  data-pr-id=\"2949\" data-pr-count=\"1\"\/><label for=\"signaltek-qt-de\" class=\"\">SignalTEK QT<\/label><\/li><\/ul><\/div><div class=\"alm-filter\"><div class=\"alm-filter--title\"><h3>Sprache<\/h3><\/div><ul><li class=\"reset-field\"><input type=\"radio\" value=\"\" name=\"language\" id=\"all_lang\"\/><label for=\"all_lang\">All<\/label><\/li><li class=\"alm-filter--checkbox\"><input type=\"radio\" name=\"language\" id=\"amerikanisches-englisch\" value=\"amerikanisches-englisch\" \/><label for=\"amerikanisches-englisch\" class=\"\">Amerikanisches-Englisch<\/label><\/li><li class=\"alm-filter--checkbox\"><input type=\"radio\" name=\"language\" id=\"australia-english-de\" value=\"australia-english-de\" \/><label for=\"australia-english-de\" class=\"\">Australien-Englisch<\/label><\/li><li class=\"alm-filter--checkbox\"><input type=\"radio\" name=\"language\" id=\"chinesisch\" value=\"chinesisch\" \/><label for=\"chinesisch\" class=\"\">Chinesisch<\/label><\/li><li class=\"alm-filter--checkbox\"><input type=\"radio\" name=\"language\" id=\"danisch\" value=\"danisch\" \/><label for=\"danisch\" class=\"\">D\u00e4nisch<\/label><\/li><li class=\"alm-filter--checkbox\"><input type=\"radio\" name=\"language\" id=\"deutsch\" value=\"deutsch\" checked=\"checked\"\/><label for=\"deutsch\" class=\"\">Deutsch<\/label><\/li><li class=\"alm-filter--checkbox\"><input type=\"radio\" name=\"language\" id=\"englisch\" value=\"englisch\" \/><label for=\"englisch\" class=\"\">Englisch<\/label><\/li><li class=\"alm-filter--checkbox\"><input type=\"radio\" name=\"language\" id=\"finnisch\" value=\"finnisch\" \/><label for=\"finnisch\" class=\"\">Finnisch<\/label><\/li><li class=\"alm-filter--checkbox\"><input type=\"radio\" name=\"language\" id=\"franzosisch\" value=\"franzosisch\" \/><label for=\"franzosisch\" class=\"\">Franz\u00f6sisch<\/label><\/li><li class=\"alm-filter--checkbox\"><input type=\"radio\" name=\"language\" id=\"indisch-englisch\" value=\"indisch-englisch\" \/><label for=\"indisch-englisch\" class=\"\">Indisch-Englisch<\/label><\/li><li class=\"alm-filter--checkbox\"><input type=\"radio\" name=\"language\" id=\"italienisch\" value=\"italienisch\" \/><label for=\"italienisch\" class=\"\">Italienisch<\/label><\/li><li class=\"alm-filter--checkbox\"><input type=\"radio\" name=\"language\" id=\"canada-english-de\" value=\"canada-english-de\" \/><label for=\"canada-english-de\" class=\"\">Kanadisch-Englisch<\/label><\/li><li class=\"alm-filter--checkbox\"><input type=\"radio\" name=\"language\" id=\"niederlandisch\" value=\"niederlandisch\" \/><label for=\"niederlandisch\" class=\"\">Niederl\u00e4ndisch<\/label><\/li><li class=\"alm-filter--checkbox\"><input type=\"radio\" name=\"language\" id=\"norwegisch\" value=\"norwegisch\" \/><label for=\"norwegisch\" class=\"\">Norwegisch<\/label><\/li><li class=\"alm-filter--checkbox\"><input type=\"radio\" name=\"language\" id=\"polieren\" value=\"polieren\" \/><label for=\"polieren\" class=\"\">Polieren<\/label><\/li><li class=\"alm-filter--checkbox\"><input type=\"radio\" name=\"language\" id=\"portugiesisch\" value=\"portugiesisch\" \/><label for=\"portugiesisch\" class=\"\">Portugiesisch<\/label><\/li><li class=\"alm-filter--checkbox\"><input type=\"radio\" name=\"language\" id=\"russisch\" value=\"russisch\" \/><label for=\"russisch\" class=\"\">Russisch<\/label><\/li><li class=\"alm-filter--checkbox\"><input type=\"radio\" name=\"language\" id=\"schwedisch\" value=\"schwedisch\" \/><label for=\"schwedisch\" class=\"\">Schwedisch<\/label><\/li><li class=\"alm-filter--checkbox\"><input type=\"radio\" name=\"language\" id=\"spanisch\" value=\"spanisch\" \/><label for=\"spanisch\" class=\"\">Spanisch<\/label><\/li><\/ul><\/div><div><button type=\"button\" value=\"Reset\" class=\"btn blue in__reset-download-filters\">Reset<\/button><\/div><\/form><\/div>\t\t\t<\/div>\n        <\/div>\n        <div class=\"cell large-9\">\n            <!--FiberMASTER Fusion Splicer &#8211; Quick Reference Guide- DE--><!--FiberMASTER Quick Reference Guide &#8211; Multilanguage--><!--FiberTEK III LC Testing Quick Reference Guide &#8211; German--><!--LanTEK III Quick Reference Guide &#8211; German--><!--LanTEK IV Quick Reference Guide &#8211; Multilanguage--><!--LanTEK IV-S Quick Reference Guide &#8211; Multilanguage--><!--MPTL Quick Reference Guide for LanTEK IV &#8211; German--><!--NaviTEK IE Quick Reference Guide &#8211; German--><!--NaviTEK NT Plus &#038; Pro Quick Reference Guide &#8211; German--><!--SecuriTEST IP Quick Reference Guide &#8211; Multilanguage--><!--SignalTEK CT Quick Reference Guide &#8211; German--><!--SignalTEK NT Quick Reference Guide &#8211; German--><!--SignalTEK QT &#8211; QRG &#8211; German--><div class=\"in__document-grid\"><ul class=\"alm-paging-content\"><li class=\"in__download-grid-item no-img quick-reference-guide \"><a href=\"https:\/\/www.trend-networks.com\/wp-content\/uploads\/2025\/01\/FiberMASTER-Fusion-Splicer-Series-QRG-Web-File-DE.pdf\" download title=\"FiberMASTER Fusion Splicer &#8211; Quick Reference Guide- DE\" aria-label=\"FiberMASTER Fusion Splicer &#8211; Quick Reference Guide- DE\"><div class=\"in__download-grid-item-thumb quick-reference-guide \" ><\/div><h3 class=\"in__download-grid-item-title\">FiberMASTER Fusion Splicer &#8211; Quick Reference Guide- DE<\/h3><div class=\"in__download-grid-item-link\"><span>Herunterladen Quick Reference Guide <\/span><\/div><\/a><\/li><li class=\"in__download-grid-item no-img quick-reference-guide \"><a href=\"https:\/\/www.trend-networks.com\/wp-content\/uploads\/2021\/11\/FiberMASTER-QRG_Multilanguage.pdf\" download title=\"FiberMASTER Quick Reference Guide &#8211; Multilanguage\" aria-label=\"FiberMASTER Quick Reference Guide &#8211; Multilanguage\"><div class=\"in__download-grid-item-thumb quick-reference-guide \" ><\/div><h3 class=\"in__download-grid-item-title\">FiberMASTER Quick Reference Guide &#8211; Multilanguage<\/h3><div class=\"in__download-grid-item-link\"><span>Herunterladen Quick Reference Guide <\/span><\/div><\/a><\/li><li class=\"in__download-grid-item no-img quick-reference-guide \"><a href=\"https:\/\/www.trend-networks.com\/wp-content\/uploads\/2019\/04\/FiberTEK_III_LC_Testing_QRG_DE_rev4_HR.pdf\" download title=\"FiberTEK III LC Testing Quick Reference Guide &#8211; German\" aria-label=\"FiberTEK III LC Testing Quick Reference Guide &#8211; German\"><div class=\"in__download-grid-item-thumb quick-reference-guide \" ><\/div><h3 class=\"in__download-grid-item-title\">FiberTEK III LC Testing Quick Reference Guide &#8211; German<\/h3><div class=\"in__download-grid-item-link\"><span>Herunterladen Quick Reference Guide <\/span><\/div><\/a><\/li><li class=\"in__download-grid-item no-img quick-reference-guide \"><a href=\"https:\/\/www.trend-networks.com\/wp-content\/uploads\/2019\/04\/LanTEKIII_QRG_Z-fold_DE_rev4_HR.pdf\" download title=\"LanTEK III Quick Reference Guide &#8211; German\" aria-label=\"LanTEK III Quick Reference Guide &#8211; German\"><div class=\"in__download-grid-item-thumb quick-reference-guide \" ><\/div><h3 class=\"in__download-grid-item-title\">LanTEK III Quick Reference Guide &#8211; German<\/h3><div class=\"in__download-grid-item-link\"><span>Herunterladen Quick Reference Guide <\/span><\/div><\/a><\/li><li class=\"in__download-grid-item no-img quick-reference-guide \"><a href=\"https:\/\/www.trend-networks.com\/wp-content\/uploads\/2019\/12\/LanTEK-IV_Quick-Reference-Guide_Multilanguage_163819.-Rev-1..pdf\" download title=\"LanTEK IV Quick Reference Guide &#8211; Multilanguage\" aria-label=\"LanTEK IV Quick Reference Guide &#8211; Multilanguage\"><div class=\"in__download-grid-item-thumb quick-reference-guide \" ><\/div><h3 class=\"in__download-grid-item-title\">LanTEK IV Quick Reference Guide &#8211; Multilanguage<\/h3><div class=\"in__download-grid-item-link\"><span>Herunterladen Quick Reference Guide <\/span><\/div><\/a><\/li><li class=\"in__download-grid-item no-img quick-reference-guide \"><a href=\"https:\/\/www.trend-networks.com\/wp-content\/uploads\/2023\/09\/LanTEK_IV-S_QRG_Multilanguage_rev2.pdf\" download title=\"LanTEK IV-S Quick Reference Guide &#8211; Multilanguage\" aria-label=\"LanTEK IV-S Quick Reference Guide &#8211; Multilanguage\"><div class=\"in__download-grid-item-thumb quick-reference-guide \" ><\/div><h3 class=\"in__download-grid-item-title\">LanTEK IV-S Quick Reference Guide &#8211; Multilanguage<\/h3><div class=\"in__download-grid-item-link\"><span>Herunterladen Quick Reference Guide <\/span><\/div><\/a><\/li><li class=\"in__download-grid-item no-img quick-reference-guide \"><a href=\"https:\/\/www.trend-networks.com\/wp-content\/uploads\/2020\/01\/LanTEK-IV-MPTL-QRG_DE_163827.-Rev.-1.pdf\" download title=\"MPTL Quick Reference Guide for LanTEK IV &#8211; German\" aria-label=\"MPTL Quick Reference Guide for LanTEK IV &#8211; German\"><div class=\"in__download-grid-item-thumb quick-reference-guide \" ><\/div><h3 class=\"in__download-grid-item-title\">MPTL Quick Reference Guide for LanTEK IV &#8211; German<\/h3><div class=\"in__download-grid-item-link\"><span>Herunterladen Quick Reference Guide <\/span><\/div><\/a><\/li><li class=\"in__download-grid-item no-img quick-reference-guide \"><a href=\"https:\/\/www.trend-networks.com\/wp-content\/uploads\/2019\/04\/151893-NaviTEK-IE-QRG-German-Iss1.pdf\" download title=\"NaviTEK IE Quick Reference Guide &#8211; German\" aria-label=\"NaviTEK IE Quick Reference Guide &#8211; German\"><div class=\"in__download-grid-item-thumb quick-reference-guide \" ><\/div><h3 class=\"in__download-grid-item-title\">NaviTEK IE Quick Reference Guide &#8211; German<\/h3><div class=\"in__download-grid-item-link\"><span>Herunterladen Quick Reference Guide <\/span><\/div><\/a><\/li><li class=\"in__download-grid-item no-img quick-reference-guide \"><a href=\"https:\/\/www.trend-networks.com\/wp-content\/uploads\/2019\/04\/151885-NaviTEK-NT-Plus-and-Pro-QRG-German-Iss1.pdf\" download title=\"NaviTEK NT Plus &#038; Pro Quick Reference Guide &#8211; German\" aria-label=\"NaviTEK NT Plus &#038; Pro Quick Reference Guide &#8211; German\"><div class=\"in__download-grid-item-thumb quick-reference-guide \" ><\/div><h3 class=\"in__download-grid-item-title\">NaviTEK NT Plus &#038; Pro Quick Reference Guide &#8211; German<\/h3><div class=\"in__download-grid-item-link\"><span>Herunterladen Quick Reference Guide <\/span><\/div><\/a><\/li><li class=\"in__download-grid-item no-img quick-reference-guide \"><a href=\"https:\/\/www.trend-networks.com\/wp-content\/uploads\/2019\/05\/Securitest_IP_QRG_Multilanguage_171804_06.pdf\" download title=\"SecuriTEST IP Quick Reference Guide &#8211; Multilanguage\" aria-label=\"SecuriTEST IP Quick Reference Guide &#8211; Multilanguage\"><div class=\"in__download-grid-item-thumb quick-reference-guide \" ><\/div><h3 class=\"in__download-grid-item-title\">SecuriTEST IP Quick Reference Guide &#8211; Multilanguage<\/h3><div class=\"in__download-grid-item-link\"><span>Herunterladen Quick Reference Guide <\/span><\/div><\/a><\/li><li class=\"in__download-grid-item no-img quick-reference-guide \"><a href=\"https:\/\/www.trend-networks.com\/wp-content\/uploads\/2019\/04\/156842-SignalTEK-CT-QRG-German-Iss-3.pdf\" download title=\"SignalTEK CT Quick Reference Guide &#8211; German\" aria-label=\"SignalTEK CT Quick Reference Guide &#8211; German\"><div class=\"in__download-grid-item-thumb quick-reference-guide \" ><\/div><h3 class=\"in__download-grid-item-title\">SignalTEK CT Quick Reference Guide &#8211; German<\/h3><div class=\"in__download-grid-item-link\"><span>Herunterladen Quick Reference Guide <\/span><\/div><\/a><\/li><li class=\"in__download-grid-item no-img quick-reference-guide \"><a href=\"https:\/\/www.trend-networks.com\/wp-content\/uploads\/2019\/04\/156868-SignalTEK-NT-QRG-German-Iss-3.pdf\" download title=\"SignalTEK NT Quick Reference Guide &#8211; German\" aria-label=\"SignalTEK NT Quick Reference Guide &#8211; German\"><div class=\"in__download-grid-item-thumb quick-reference-guide \" ><\/div><h3 class=\"in__download-grid-item-title\">SignalTEK NT Quick Reference Guide &#8211; German<\/h3><div class=\"in__download-grid-item-link\"><span>Herunterladen Quick Reference Guide <\/span><\/div><\/a><\/li><li class=\"in__download-grid-item no-img quick-reference-guide \"><a href=\"https:\/\/www.trend-networks.com\/wp-content\/uploads\/2025\/09\/SignalTEK-QT-QRG-420x216_DE-Rev2-HRP.pdf\" download title=\"SignalTEK QT &#8211; QRG &#8211; German\" aria-label=\"SignalTEK QT &#8211; QRG &#8211; German\"><div class=\"in__download-grid-item-thumb quick-reference-guide \" ><\/div><h3 class=\"in__download-grid-item-title\">SignalTEK QT &#8211; QRG &#8211; German<\/h3><div class=\"in__download-grid-item-link\"><span>Herunterladen Quick Reference Guide <\/span><\/div><\/a><\/li><\/ul><\/div>        <\/div>\n    <\/div>\n<\/section>\n\n\n<div class=\"wp-block-group\"><div class=\"wp-block-group__inner-container is-layout-flow wp-block-group-is-layout-flow\">\n<div style=\"height:60px\" aria-hidden=\"true\" class=\"wp-block-spacer\"><\/div>\n\n\n\n\n\n<h2 class=\"has-text-align-center in__fullwidth-tag-line wp-block-heading\">UNSERE VERSPRECHEN<\/h2>\n\n\n\n<p class=\"has-text-align-center has-trend-dark-blue-color has-text-color\"><strong>Lifetime Support Promise<\/strong> \u2013  Wir werden die Ger\u00e4te, die Sie von uns erwerben, \u00fcber die gesamte Einsatzdauer kalibrieren und reparieren.*<\/p>\n\n\n\n<p class=\"has-text-align-center has-trend-dark-blue-color has-text-color\"><strong>Depend On Our Data<\/strong> \u2013  Die TREND AnyWARE Cloud ist die einzige Cloudsoftware die sowohl Zertifizierungs- als auch Bandbreitentestergebnisse zur Reporterstellung verwalten kann.<\/p>\n\n\n\n<p class=\"has-text-align-center has-trend-dark-blue-color has-text-color\"><strong>Rapid Service<\/strong> \u2013  Wenn wir eine technische Supportanfrage nicht sofort entgegennehmen k\u00f6nnen, werden wir uns bem\u00fchen, Sie innerhalb von zwei Gesch\u00e4ftsstunden zur\u00fcckzurufen.*<\/p>\n\n\n\n<div style=\"height:30px\" aria-hidden=\"true\" class=\"wp-block-spacer\"><\/div>\n\n\n\n<div class=\"wp-block-buttons is-content-justification-center is-layout-flex wp-block-buttons-is-layout-flex\">\n<div class=\"wp-block-button\"><a class=\"wp-block-button__link\" href=\"https:\/\/www.trend-networks.com\/de\/unser-versprechen\/\">Mehr erfahren<\/a><\/div>\n<\/div>\n\n\n\n<p><\/p>\n<\/div><\/div>\n\n\n\n        <\/div>\n    <\/div>\n<\/section>\n\n<section class=\"in__cta-test4less learning-hub-cta trend-standard-block fadein slideup\">\n\n    \n    \n    <div class=\"grid-container\">\n        <div class=\"grid-x\">\n                            \n                                                            \n                    \n                                                            <div class=\"cell medium-6 padded \" style=\"background-image:url(https:\/\/www.trend-networks.com\/wp-content\/uploads\/2019\/03\/test4less-background.jpg);\">\n                                                <p style=\"font-size: 18px; font-weight: bold; color: #73797d; text-align: left;\">BEN\u00d6TIGEN SIE 3 ODER MEHR KABELZERTIFIZIERER?<\/p>\n<h1>SPAREN SIE BIS ZU 57 % MIT<\/h1>\n                                                <img decoding=\"async\" src=\"https:\/\/www.trend-networks.com\/wp-content\/uploads\/2019\/06\/test4less-logo-homepage-2.png\" alt=\"\" title=\"\">                                                                        <div class=\"button-wrap\"><a class=\"button button-one\" href=\"https:\/\/www.trend-networks.com\/de\/test4less\/\" target=\"_self\">Mehr erfahren<\/a><\/div>                    <\/div>\n                    \n                \n                                                            \n                    \n                                                            <div class=\"cell medium-6 padded \" style=\"background-image:url(https:\/\/www.trend-networks.com\/wp-content\/uploads\/2021\/03\/Used-Testers-DE.png);\">\n                                                <h2>Vorf\u00fchrger\u00e4te &#8211; Abverkauf<\/h2>\n                                                                                                                        <div class=\"button-wrap\"><a class=\"button button-one\" href=\"\/de\/produkt-kategorie\/used-testers-de\/\" target=\"_self\">Mehr erfahren<\/a><\/div>                    <\/div>\n                    \n                   \n                    <\/div>\n    <\/div>\n\n<\/section>\n\n<section class=\"grid-container section\">\n    <div class=\"grid-x\">\n        <div class=\"small-12 medium-12 large-12 cell inner-content\">\n\n\n\n        <\/div>\n    <\/div>\n<\/section>\n\n<section id=\"trend-about-latest\" class=\"in__cta-footer trend-standard-block fadein slideup\">\n\n    \n    \n    <div class=\"grid-container fluid\">\n        <div class=\"grid-x\">\n                            \n                                                            \n                    \n                                                            <div class=\"cell medium-6 padded \" style=\"background-color:#f5f5f5;\">\n                                                <h2>UNTERNEHMEN TREND Networks<\/h2>\n                                                                                                                        <div class=\"button-wrap\"><a class=\"button button-one\" href=\"https:\/\/www.trend-networks.com\/de\/uber-trend-networks\/\" target=\"_self\">MEHR LESEN<\/a><\/div>                    <\/div>\n                    \n                \n                                                            \n                    \n                                                            <div class=\"cell medium-6 padded  background-dark\" style=\"background-color:#1c408c;\">\n                                                <h2>Aktuelle Artikel<\/h2>\n                                                                                                                        <div class=\"button-wrap\"><a class=\"button button-one\" href=\"https:\/\/www.trend-networks.com\/de\/neuigkeiten\/\" target=\"_self\">Mehr lesen<\/a><\/div>                    <\/div>\n                    \n                   \n                    <\/div>\n    <\/div>\n\n<\/section>\n\n<section class=\"grid-container section\">\n    <div class=\"grid-x\">\n        <div class=\"small-12 medium-12 large-12 cell inner-content\">\n","protected":false},"excerpt":{"rendered":"<p>Kurzbedienungsanleitungen<\/p>\n","protected":false},"author":1,"featured_media":0,"parent":34146,"menu_order":185,"comment_status":"closed","ping_status":"closed","template":"","meta":{"_acf_changed":false,"inline_featured_image":false,"_glsr_average":0,"_glsr_ranking":0,"_glsr_reviews":0,"footnotes":""},"class_list":["post-34236","page","type-page","status-publish","hentry"],"acf":[],"_links":{"self":[{"href":"https:\/\/www.trend-networks.com\/de\/wp-json\/wp\/v2\/pages\/34236","targetHints":{"allow":["GET"]}}],"collection":[{"href":"https:\/\/www.trend-networks.com\/de\/wp-json\/wp\/v2\/pages"}],"about":[{"href":"https:\/\/www.trend-networks.com\/de\/wp-json\/wp\/v2\/types\/page"}],"author":[{"embeddable":true,"href":"https:\/\/www.trend-networks.com\/de\/wp-json\/wp\/v2\/users\/1"}],"replies":[{"embeddable":true,"href":"https:\/\/www.trend-networks.com\/de\/wp-json\/wp\/v2\/comments?post=34236"}],"version-history":[{"count":0,"href":"https:\/\/www.trend-networks.com\/de\/wp-json\/wp\/v2\/pages\/34236\/revisions"}],"up":[{"embeddable":true,"href":"https:\/\/www.trend-networks.com\/de\/wp-json\/wp\/v2\/pages\/34146"}],"wp:attachment":[{"href":"https:\/\/www.trend-networks.com\/de\/wp-json\/wp\/v2\/media?parent=34236"}],"curies":[{"name":"wp","href":"https:\/\/api.w.org\/{rel}","templated":true}]}}