{"id":34010,"date":"2019-03-28T12:31:34","date_gmt":"2019-03-28T12:31:34","guid":{"rendered":"https:\/\/www.trend-networks.com\/latest\/press-coverage\/"},"modified":"2021-08-24T19:20:36","modified_gmt":"2021-08-24T18:20:36","slug":"aktuelles","status":"publish","type":"page","link":"https:\/\/www.trend-networks.com\/de\/neuigkeiten\/aktuelles\/","title":{"rendered":"Aktuelles"},"content":{"rendered":"\n<h1 class=\"wp-block-heading\">Aktuelles<\/h1>\n\n\n\n        <\/div>\n    <\/div>\n<\/section>\n\n<section   class=\"in__latest-navigation fullwidth-menu\">\n    <div class=\"menu-latest-section-menu-de-container\"><ul id=\"menu-latest-section-menu-de\" class=\"menu\"><li id=\"menu-item-46550\" class=\"menu-item menu-item-type-post_type menu-item-object-page menu-item-46550\"><a href=\"https:\/\/www.trend-networks.com\/de\/neuigkeiten\/\">Neuigkeiten<\/a><\/li>\n<li id=\"menu-item-54919\" class=\"menu-item menu-item-type-post_type menu-item-object-page menu-item-54919\"><a href=\"https:\/\/www.trend-networks.com\/de\/neuigkeiten\/neuesten-nachrichten\/\">Neuesten nachrichten<\/a><\/li>\n<li id=\"menu-item-43690\" class=\"menu-item menu-item-type-post_type menu-item-object-page menu-item-43690\"><a href=\"https:\/\/www.trend-networks.com\/de\/neuigkeiten\/aktuelles\/\">Aktuelles<\/a><\/li>\n<li id=\"menu-item-43692\" class=\"menu-item menu-item-type-post_type menu-item-object-page menu-item-43692\"><a href=\"https:\/\/www.trend-networks.com\/de\/neuigkeiten\/veranstaltungen\/\">Veranstaltungen<\/a><\/li>\n<li id=\"menu-item-43693\" class=\"menu-item menu-item-type-post_type menu-item-object-page menu-item-43693\"><a href=\"https:\/\/www.trend-networks.com\/de\/neuigkeiten\/videos\/\">Videos<\/a><\/li>\n<li id=\"menu-item-43694\" class=\"menu-item menu-item-type-post_type menu-item-object-page menu-item-43694\"><a href=\"https:\/\/www.trend-networks.com\/de\/neuigkeiten\/white-paper\/\">White paper<\/a><\/li>\n<\/ul><\/div><\/section>\n\n<section class=\"grid-container section\">\n    <div class=\"grid-x\">\n        <div class=\"small-12 medium-12 large-12 cell inner-content\">\n\n\n\n\n<section  class=\"trend-latest-articles\">\n    \n                                <div class=\"grid-x et_pb_ajax_pagination_container\">\n                            <article class=\"et_pb_post clearfix post-126783 post type-post status-publish format-standard has-post-thumbnail hentry category-press-coverage-de\">\n                    <a href=\"https:\/\/www.trend-networks.com\/de\/new-lantek-iv-s-cable-certifier-software-update-boosts-speed-and-simplicity\/\" class=\"entry-featured-image-url\">\n                        <img decoding=\"async\" width=\"600\" height=\"600\" src=\"https:\/\/www.trend-networks.com\/wp-content\/uploads\/2024\/04\/LanTEK-IV-S_09-600x600.jpg\" class=\"attachment-medium size-medium wp-post-image\" alt=\"\" srcset=\"https:\/\/www.trend-networks.com\/wp-content\/uploads\/2024\/04\/LanTEK-IV-S_09-600x600.jpg 600w, https:\/\/www.trend-networks.com\/wp-content\/uploads\/2024\/04\/LanTEK-IV-S_09-150x150.jpg 150w, https:\/\/www.trend-networks.com\/wp-content\/uploads\/2024\/04\/LanTEK-IV-S_09-768x768.jpg 768w, https:\/\/www.trend-networks.com\/wp-content\/uploads\/2024\/04\/LanTEK-IV-S_09-125x125.jpg 125w, https:\/\/www.trend-networks.com\/wp-content\/uploads\/2024\/04\/LanTEK-IV-S_09-100x100.jpg 100w, https:\/\/www.trend-networks.com\/wp-content\/uploads\/2024\/04\/LanTEK-IV-S_09.jpg 900w\" sizes=\"(max-width: 600px) 100vw, 600px\" title=\"\">                    <\/a>\n                    \n                    <p class=\"post-meta\"><span class=\"published\">16th April 2024<\/span> | \n                        <a href=\"\/latest\/press-coverage-de\/\">Aktuelles<\/a>                    <\/p>\n                    <h3 class=\"entry-title\"><a href=\"https:\/\/www.trend-networks.com\/de\/new-lantek-iv-s-cable-certifier-software-update-boosts-speed-and-simplicity\/\">La nouvelle mise \u00e0 jour du logiciel du certificateur de c\u00e2bles LanTEK IV-S augmente la vitesse et la simplicit\u00e9<\/a><\/h3>\t\t\t\n                <\/article>\n                            <article class=\"et_pb_post clearfix post-86753 post type-post status-publish format-standard has-post-thumbnail hentry category-news-de category-press-coverage-de product_tag-lantek-iv-s-de\">\n                    <a href=\"https:\/\/www.trend-networks.com\/de\/schneller-als-je-zuvor-der-neue-kabelzertifizierer-lantek-iv-s-2\/\" class=\"entry-featured-image-url\">\n                        <img decoding=\"async\" width=\"400\" height=\"400\" src=\"https:\/\/www.trend-networks.com\/wp-content\/uploads\/2022\/03\/Mid-range-OTDR-FiberMASTER-NEW.jpg\" class=\"attachment-medium size-medium wp-post-image\" alt=\"Mid-range-OTDR-FiberMASTER---NEW\" srcset=\"https:\/\/www.trend-networks.com\/wp-content\/uploads\/2022\/03\/Mid-range-OTDR-FiberMASTER-NEW.jpg 400w, https:\/\/www.trend-networks.com\/wp-content\/uploads\/2022\/03\/Mid-range-OTDR-FiberMASTER-NEW-150x150.jpg 150w, https:\/\/www.trend-networks.com\/wp-content\/uploads\/2022\/03\/Mid-range-OTDR-FiberMASTER-NEW-125x125.jpg 125w, https:\/\/www.trend-networks.com\/wp-content\/uploads\/2022\/03\/Mid-range-OTDR-FiberMASTER-NEW-100x100.jpg 100w\" sizes=\"(max-width: 400px) 100vw, 400px\" title=\"\">                    <\/a>\n                    \n                    <p class=\"post-meta\"><span class=\"published\">24th M\u00e4rz 2022<\/span> | \n                        <a href=\"\/latest\/press-coverage-de\/\">Aktuelles<\/a><a href=\"\/latest\/news-de\/\">Neuigkeiten<\/a>                    <\/p>\n                    <h3 class=\"entry-title\"><a href=\"https:\/\/www.trend-networks.com\/de\/schneller-als-je-zuvor-der-neue-kabelzertifizierer-lantek-iv-s-2\/\">Erleben Sie das FiberMASTER OTDR in Aktion!<\/a><\/h3>\t\t\t\n                <\/article>\n                            <article class=\"et_pb_post clearfix post-86522 post type-post status-publish format-standard has-post-thumbnail hentry category-news-de category-press-coverage-de product_tag-lantek-iv-s-de\">\n                    <a href=\"https:\/\/www.trend-networks.com\/de\/schneller-als-je-zuvor-der-neue-kabelzertifizierer-lantek-iv-s\/\" class=\"entry-featured-image-url\">\n                        <img decoding=\"async\" width=\"400\" height=\"400\" src=\"https:\/\/www.trend-networks.com\/wp-content\/uploads\/2022\/03\/Schneller-als-je-zuvor-der-neue-Kabelzertifizierer-LanTEK-IV-S-B.jpg\" class=\"attachment-medium size-medium wp-post-image\" alt=\"LanTEK-IV-S\" srcset=\"https:\/\/www.trend-networks.com\/wp-content\/uploads\/2022\/03\/Schneller-als-je-zuvor-der-neue-Kabelzertifizierer-LanTEK-IV-S-B.jpg 400w, https:\/\/www.trend-networks.com\/wp-content\/uploads\/2022\/03\/Schneller-als-je-zuvor-der-neue-Kabelzertifizierer-LanTEK-IV-S-B-150x150.jpg 150w, https:\/\/www.trend-networks.com\/wp-content\/uploads\/2022\/03\/Schneller-als-je-zuvor-der-neue-Kabelzertifizierer-LanTEK-IV-S-B-125x125.jpg 125w, https:\/\/www.trend-networks.com\/wp-content\/uploads\/2022\/03\/Schneller-als-je-zuvor-der-neue-Kabelzertifizierer-LanTEK-IV-S-B-100x100.jpg 100w\" sizes=\"(max-width: 400px) 100vw, 400px\" title=\"\">                    <\/a>\n                    \n                    <p class=\"post-meta\"><span class=\"published\">3rd M\u00e4rz 2022<\/span> | \n                        <a href=\"\/latest\/press-coverage-de\/\">Aktuelles<\/a><a href=\"\/latest\/news-de\/\">Neuigkeiten<\/a>                    <\/p>\n                    <h3 class=\"entry-title\"><a href=\"https:\/\/www.trend-networks.com\/de\/schneller-als-je-zuvor-der-neue-kabelzertifizierer-lantek-iv-s\/\">Schneller als je zuvor \u2013 der neue Kabelzertifizierer LanTEK IV-S<\/a><\/h3>\t\t\t\n                <\/article>\n                            <article class=\"et_pb_post clearfix post-86353 post type-post status-publish format-standard has-post-thumbnail hentry category-press-coverage-de category-news-fr product_tag-lantek-iv-s-de\">\n                    <a href=\"https:\/\/www.trend-networks.com\/de\/der-neue-lantek-iv-s-ein-leistungsstarker-schneller-kabelzertifizierer\/\" class=\"entry-featured-image-url\">\n                        <img decoding=\"async\" width=\"400\" height=\"400\" src=\"https:\/\/www.trend-networks.com\/wp-content\/uploads\/2022\/03\/IDLNET_00264.jpg\" class=\"attachment-medium size-medium wp-post-image\" alt=\"LanTEK IV-S\" srcset=\"https:\/\/www.trend-networks.com\/wp-content\/uploads\/2022\/03\/IDLNET_00264.jpg 400w, https:\/\/www.trend-networks.com\/wp-content\/uploads\/2022\/03\/IDLNET_00264-150x150.jpg 150w, https:\/\/www.trend-networks.com\/wp-content\/uploads\/2022\/03\/IDLNET_00264-125x125.jpg 125w, https:\/\/www.trend-networks.com\/wp-content\/uploads\/2022\/03\/IDLNET_00264-100x100.jpg 100w\" sizes=\"(max-width: 400px) 100vw, 400px\" title=\"\">                    <\/a>\n                    \n                    <p class=\"post-meta\"><span class=\"published\">2nd M\u00e4rz 2022<\/span> | \n                        <a href=\"\/latest\/press-coverage-de\/\">Aktuelles<\/a><a href=\"\/latest\/news-fr\/\">Nouvelles<\/a>                    <\/p>\n                    <h3 class=\"entry-title\"><a href=\"https:\/\/www.trend-networks.com\/de\/der-neue-lantek-iv-s-ein-leistungsstarker-schneller-kabelzertifizierer\/\">Der neue LanTEK IV-S: ein leistungsstarker, schneller Kabelzertifizierer<\/a><\/h3>\t\t\t\n                <\/article>\n                            <article class=\"et_pb_post clearfix post-78044 post type-post status-publish format-standard has-post-thumbnail hentry category-news-de category-press-coverage-de\">\n                    <a href=\"https:\/\/www.trend-networks.com\/de\/telegaertner-technik-forum-2021\/\" class=\"entry-featured-image-url\">\n                        <img decoding=\"async\" width=\"600\" height=\"474\" src=\"https:\/\/www.trend-networks.com\/wp-content\/uploads\/2021\/09\/Capture.jpg\" class=\"attachment-medium size-medium wp-post-image\" alt=\"\" title=\"\">                    <\/a>\n                    \n                    <p class=\"post-meta\"><span class=\"published\">7th September 2021<\/span> | \n                        <a href=\"\/latest\/press-coverage-de\/\">Aktuelles<\/a><a href=\"\/latest\/news-de\/\">Neuigkeiten<\/a>                    <\/p>\n                    <h3 class=\"entry-title\"><a href=\"https:\/\/www.trend-networks.com\/de\/telegaertner-technik-forum-2021\/\">Teleg\u00e4rtner Technik Forum 2021<\/a><\/h3>\t\t\t\n                <\/article>\n                            <article class=\"et_pb_post clearfix post-78014 post type-post status-publish format-standard has-post-thumbnail hentry category-press-coverage-de category-news-de product_tag-signaltek-10g-de\">\n                    <a href=\"https:\/\/www.trend-networks.com\/de\/neuer-ethernet-tester-signaltek-10g-ermoeglicht-groessere-bandbreite-und-vermeidet-ausfallzeiten-2\/\" class=\"entry-featured-image-url\">\n                        <img decoding=\"async\" width=\"400\" height=\"400\" src=\"https:\/\/www.trend-networks.com\/wp-content\/uploads\/2021\/09\/New-SignalTEK-10G-Ethernet-Tester-to-help-increase-bandwidth-and-prevent-downtime_a-2.jpg\" class=\"attachment-medium size-medium wp-post-image\" alt=\"SignalTEK 10G Ethernet Tester\" srcset=\"https:\/\/www.trend-networks.com\/wp-content\/uploads\/2021\/09\/New-SignalTEK-10G-Ethernet-Tester-to-help-increase-bandwidth-and-prevent-downtime_a-2.jpg 400w, https:\/\/www.trend-networks.com\/wp-content\/uploads\/2021\/09\/New-SignalTEK-10G-Ethernet-Tester-to-help-increase-bandwidth-and-prevent-downtime_a-2-150x150.jpg 150w, https:\/\/www.trend-networks.com\/wp-content\/uploads\/2021\/09\/New-SignalTEK-10G-Ethernet-Tester-to-help-increase-bandwidth-and-prevent-downtime_a-2-39x39.jpg 39w, https:\/\/www.trend-networks.com\/wp-content\/uploads\/2021\/09\/New-SignalTEK-10G-Ethernet-Tester-to-help-increase-bandwidth-and-prevent-downtime_a-2-18x18.jpg 18w, https:\/\/www.trend-networks.com\/wp-content\/uploads\/2021\/09\/New-SignalTEK-10G-Ethernet-Tester-to-help-increase-bandwidth-and-prevent-downtime_a-2-25x25.jpg 25w, https:\/\/www.trend-networks.com\/wp-content\/uploads\/2021\/09\/New-SignalTEK-10G-Ethernet-Tester-to-help-increase-bandwidth-and-prevent-downtime_a-2-125x125.jpg 125w, https:\/\/www.trend-networks.com\/wp-content\/uploads\/2021\/09\/New-SignalTEK-10G-Ethernet-Tester-to-help-increase-bandwidth-and-prevent-downtime_a-2-100x100.jpg 100w\" sizes=\"(max-width: 400px) 100vw, 400px\" title=\"\">                    <\/a>\n                    \n                    <p class=\"post-meta\"><span class=\"published\">4th September 2021<\/span> | \n                        <a href=\"\/latest\/press-coverage-de\/\">Aktuelles<\/a><a href=\"\/latest\/news-de\/\">Neuigkeiten<\/a>                    <\/p>\n                    <h3 class=\"entry-title\"><a href=\"https:\/\/www.trend-networks.com\/de\/neuer-ethernet-tester-signaltek-10g-ermoeglicht-groessere-bandbreite-und-vermeidet-ausfallzeiten-2\/\">Neuer Ethernet-Tester SignalTEK 10G erm\u00f6glicht gr\u00f6\u00dfere Bandbreite und vermeidet Ausfallzeiten<\/a><\/h3>\t\t\t\n                <\/article>\n                            <article class=\"et_pb_post clearfix post-66917 post type-post status-publish format-standard has-post-thumbnail hentry category-press-coverage-de category-news-de\">\n                    <a href=\"https:\/\/www.trend-networks.com\/de\/trend-networks-uebernimmt-glasfasertester-hersteller-terahertz-technologies-inc\/\" class=\"entry-featured-image-url\">\n                        <img decoding=\"async\" width=\"600\" height=\"400\" src=\"https:\/\/www.trend-networks.com\/wp-content\/uploads\/2021\/03\/Trend-Networks.jpg\" class=\"attachment-medium size-medium wp-post-image\" alt=\"TREND Networks\" srcset=\"https:\/\/www.trend-networks.com\/wp-content\/uploads\/2021\/03\/Trend-Networks.jpg 600w, https:\/\/www.trend-networks.com\/wp-content\/uploads\/2021\/03\/Trend-Networks-480x320.jpg 480w\" sizes=\"(max-width: 600px) 100vw, 600px\" title=\"\">                    <\/a>\n                    \n                    <p class=\"post-meta\"><span class=\"published\">7th Mai 2021<\/span> | \n                        <a href=\"\/latest\/press-coverage-de\/\">Aktuelles<\/a><a href=\"\/latest\/news-de\/\">Neuigkeiten<\/a>                    <\/p>\n                    <h3 class=\"entry-title\"><a href=\"https:\/\/www.trend-networks.com\/de\/trend-networks-uebernimmt-glasfasertester-hersteller-terahertz-technologies-inc\/\">TREND Networks \u00fcbernimmt Glasfasertester-Hersteller Terahertz Technologies Inc.<\/a><\/h3>\t\t\t\n                <\/article>\n                            <article class=\"et_pb_post clearfix post-66184 post type-post status-publish format-standard has-post-thumbnail hentry category-press-coverage-de category-news-de\">\n                    <a href=\"https:\/\/www.trend-networks.com\/de\/depend-on-us-sagt-trend-networks-nach-der-umbenennung-von-ideal-networks\/\" class=\"entry-featured-image-url\">\n                        <img decoding=\"async\" width=\"600\" height=\"600\" src=\"https:\/\/www.trend-networks.com\/wp-content\/uploads\/2021\/03\/Paul-Walsh-TREND-Networks-1.jpg\" class=\"attachment-medium size-medium wp-post-image\" alt=\"Paul Walsh - TREND Networks\" srcset=\"https:\/\/www.trend-networks.com\/wp-content\/uploads\/2021\/03\/Paul-Walsh-TREND-Networks-1.jpg 600w, https:\/\/www.trend-networks.com\/wp-content\/uploads\/2021\/03\/Paul-Walsh-TREND-Networks-1-450x450.jpg 450w, https:\/\/www.trend-networks.com\/wp-content\/uploads\/2021\/03\/Paul-Walsh-TREND-Networks-1-100x100.jpg 100w, https:\/\/www.trend-networks.com\/wp-content\/uploads\/2021\/03\/Paul-Walsh-TREND-Networks-1-150x150.jpg 150w, https:\/\/www.trend-networks.com\/wp-content\/uploads\/2021\/03\/Paul-Walsh-TREND-Networks-1-39x39.jpg 39w, https:\/\/www.trend-networks.com\/wp-content\/uploads\/2021\/03\/Paul-Walsh-TREND-Networks-1-18x18.jpg 18w, https:\/\/www.trend-networks.com\/wp-content\/uploads\/2021\/03\/Paul-Walsh-TREND-Networks-1-25x25.jpg 25w, https:\/\/www.trend-networks.com\/wp-content\/uploads\/2021\/03\/Paul-Walsh-TREND-Networks-1-480x480.jpg 480w\" sizes=\"(max-width: 600px) 100vw, 600px\" title=\"\">                    <\/a>\n                    \n                    <p class=\"post-meta\"><span class=\"published\">31st M\u00e4rz 2021<\/span> | \n                        <a href=\"\/latest\/press-coverage-de\/\">Aktuelles<\/a><a href=\"\/latest\/news-de\/\">Neuigkeiten<\/a>                    <\/p>\n                    <h3 class=\"entry-title\"><a href=\"https:\/\/www.trend-networks.com\/de\/depend-on-us-sagt-trend-networks-nach-der-umbenennung-von-ideal-networks\/\">\u201eDepend On Us\u201c sagt TREND Networks nach der Umbenennung von IDEAL Networks<\/a><\/h3>\t\t\t\n                <\/article>\n                            <article class=\"et_pb_post clearfix post-62810 post type-post status-publish format-standard has-post-thumbnail hentry category-news-de category-press-coverage-de\">\n                    <a href=\"https:\/\/www.trend-networks.com\/de\/ideal-networks-wird-trend-networks\/\" class=\"entry-featured-image-url\">\n                        <img decoding=\"async\" width=\"600\" height=\"600\" src=\"https:\/\/www.trend-networks.com\/wp-content\/uploads\/2021\/03\/Paul-Walsh-CEO.jpg\" class=\"attachment-medium size-medium wp-post-image\" alt=\"\" srcset=\"https:\/\/www.trend-networks.com\/wp-content\/uploads\/2021\/03\/Paul-Walsh-CEO.jpg 600w, https:\/\/www.trend-networks.com\/wp-content\/uploads\/2021\/03\/Paul-Walsh-CEO-450x450.jpg 450w, https:\/\/www.trend-networks.com\/wp-content\/uploads\/2021\/03\/Paul-Walsh-CEO-100x100.jpg 100w, https:\/\/www.trend-networks.com\/wp-content\/uploads\/2021\/03\/Paul-Walsh-CEO-150x150.jpg 150w, https:\/\/www.trend-networks.com\/wp-content\/uploads\/2021\/03\/Paul-Walsh-CEO-39x39.jpg 39w, https:\/\/www.trend-networks.com\/wp-content\/uploads\/2021\/03\/Paul-Walsh-CEO-18x18.jpg 18w, https:\/\/www.trend-networks.com\/wp-content\/uploads\/2021\/03\/Paul-Walsh-CEO-25x25.jpg 25w, https:\/\/www.trend-networks.com\/wp-content\/uploads\/2021\/03\/Paul-Walsh-CEO-480x480.jpg 480w\" sizes=\"(max-width: 600px) 100vw, 600px\" title=\"\">                    <\/a>\n                    \n                    <p class=\"post-meta\"><span class=\"published\">1st M\u00e4rz 2021<\/span> | \n                        <a href=\"\/latest\/press-coverage-de\/\">Aktuelles<\/a><a href=\"\/latest\/news-de\/\">Neuigkeiten<\/a>                    <\/p>\n                    <h3 class=\"entry-title\"><a href=\"https:\/\/www.trend-networks.com\/de\/ideal-networks-wird-trend-networks\/\">IDEAL Networks wird TREND Networks<\/a><\/h3>\t\t\t\n                <\/article>\n                            <article class=\"et_pb_post clearfix post-61760 post type-post status-publish format-standard has-post-thumbnail hentry category-press-coverage-de category-news-de product_tag-signaltek-10g-de\">\n                    <a href=\"https:\/\/www.trend-networks.com\/de\/neuer-ethernet-tester-signaltek-10g-ermoeglicht-groessere-bandbreite-und-vermeidet-ausfallzeiten\/\" class=\"entry-featured-image-url\">\n                        <img decoding=\"async\" width=\"600\" height=\"399\" src=\"https:\/\/www.trend-networks.com\/wp-content\/uploads\/2021\/01\/New-SignalTEK-10G-Ethernet-Tester-to-help-increase-bandwidth-and-prevent-downtime_c-600x399.jpg\" class=\"attachment-medium size-medium wp-post-image\" alt=\"SignalTEK 10G\" srcset=\"https:\/\/www.trend-networks.com\/wp-content\/uploads\/2021\/01\/New-SignalTEK-10G-Ethernet-Tester-to-help-increase-bandwidth-and-prevent-downtime_c-600x399.jpg 600w, https:\/\/www.trend-networks.com\/wp-content\/uploads\/2021\/01\/New-SignalTEK-10G-Ethernet-Tester-to-help-increase-bandwidth-and-prevent-downtime_c-1024x682.jpg 1024w, https:\/\/www.trend-networks.com\/wp-content\/uploads\/2021\/01\/New-SignalTEK-10G-Ethernet-Tester-to-help-increase-bandwidth-and-prevent-downtime_c-768x511.jpg 768w, https:\/\/www.trend-networks.com\/wp-content\/uploads\/2021\/01\/New-SignalTEK-10G-Ethernet-Tester-to-help-increase-bandwidth-and-prevent-downtime_c-1536x1022.jpg 1536w, https:\/\/www.trend-networks.com\/wp-content\/uploads\/2021\/01\/New-SignalTEK-10G-Ethernet-Tester-to-help-increase-bandwidth-and-prevent-downtime_c-2048x1363.jpg 2048w, https:\/\/www.trend-networks.com\/wp-content\/uploads\/2021\/01\/New-SignalTEK-10G-Ethernet-Tester-to-help-increase-bandwidth-and-prevent-downtime_c-1080x719.jpg 1080w, https:\/\/www.trend-networks.com\/wp-content\/uploads\/2021\/01\/New-SignalTEK-10G-Ethernet-Tester-to-help-increase-bandwidth-and-prevent-downtime_c-1280x852.jpg 1280w, https:\/\/www.trend-networks.com\/wp-content\/uploads\/2021\/01\/New-SignalTEK-10G-Ethernet-Tester-to-help-increase-bandwidth-and-prevent-downtime_c-980x652.jpg 980w, https:\/\/www.trend-networks.com\/wp-content\/uploads\/2021\/01\/New-SignalTEK-10G-Ethernet-Tester-to-help-increase-bandwidth-and-prevent-downtime_c-480x319.jpg 480w\" sizes=\"(max-width: 600px) 100vw, 600px\" title=\"\">                    <\/a>\n                    \n                    <p class=\"post-meta\"><span class=\"published\">12th Januar 2021<\/span> | \n                        <a href=\"\/latest\/press-coverage-de\/\">Aktuelles<\/a><a href=\"\/latest\/news-de\/\">Neuigkeiten<\/a>                    <\/p>\n                    <h3 class=\"entry-title\"><a href=\"https:\/\/www.trend-networks.com\/de\/neuer-ethernet-tester-signaltek-10g-ermoeglicht-groessere-bandbreite-und-vermeidet-ausfallzeiten\/\">Neuer Ethernet-Tester SignalTEK 10G erm\u00f6glicht gr\u00f6\u00dfere Bandbreite und vermeidet Ausfallzeiten<\/a><\/h3>\t\t\t\n                <\/article>\n                            <article class=\"et_pb_post clearfix post-60370 post type-post status-publish format-standard has-post-thumbnail hentry category-press-coverage-de category-news-de\">\n                    <a href=\"https:\/\/www.trend-networks.com\/de\/companyname-ernennt-neuen-vorsitzenden\/\" class=\"entry-featured-image-url\">\n                        <img decoding=\"async\" width=\"458\" height=\"367\" src=\"https:\/\/www.trend-networks.com\/wp-content\/uploads\/2020\/11\/Neil_Gaydon.jpg\" class=\"attachment-medium size-medium wp-post-image\" alt=\"Neil_Gaydon\" title=\"\">                    <\/a>\n                    \n                    <p class=\"post-meta\"><span class=\"published\">9th November 2020<\/span> | \n                        <a href=\"\/latest\/press-coverage-de\/\">Aktuelles<\/a><a href=\"\/latest\/news-de\/\">Neuigkeiten<\/a>                    <\/p>\n                    <h3 class=\"entry-title\"><a href=\"https:\/\/www.trend-networks.com\/de\/companyname-ernennt-neuen-vorsitzenden\/\">TREND Networks ernennt neuen Vorsitzenden<\/a><\/h3>\t\t\t\n                <\/article>\n                            <article class=\"et_pb_post clearfix post-51381 post type-post status-publish format-standard has-post-thumbnail hentry category-news-de category-press-coverage-de product_tag-poe-pro-de\">\n                    <a href=\"https:\/\/www.trend-networks.com\/de\/lantek-iv\/\" class=\"entry-featured-image-url\">\n                        <img decoding=\"async\" width=\"600\" height=\"383\" src=\"https:\/\/www.trend-networks.com\/wp-content\/uploads\/2019\/07\/LANTEK-IV-600x383.jpg\" class=\"attachment-medium size-medium wp-post-image\" alt=\"LanTEK IV handheld cable certifier\" srcset=\"https:\/\/www.trend-networks.com\/wp-content\/uploads\/2019\/07\/LANTEK-IV-600x383.jpg 600w, https:\/\/www.trend-networks.com\/wp-content\/uploads\/2019\/07\/LANTEK-IV-768x490.jpg 768w, https:\/\/www.trend-networks.com\/wp-content\/uploads\/2019\/07\/LANTEK-IV.jpg 800w\" sizes=\"(max-width: 600px) 100vw, 600px\" title=\"\">                    <\/a>\n                    \n                    <p class=\"post-meta\"><span class=\"published\">1st Juli 2019<\/span> | \n                        <a href=\"\/latest\/press-coverage-de\/\">Aktuelles<\/a><a href=\"\/latest\/news-de\/\">Neuigkeiten<\/a>                    <\/p>\n                    <h3 class=\"entry-title\"><a href=\"https:\/\/www.trend-networks.com\/de\/lantek-iv\/\">Kat 6A-Tests in nur 7 Sekunden Mit dem neuen LanTEK IV von TREND Networks<\/a><\/h3>\t\t\t\n                <\/article>\n                    <\/div>\n        <div class=\"post-pagination text-center\" style=\"width:100%;margin-bottom:2rem;\">\n            <a href=\"https:\/\/www.trend-networks.com\/de\/wp-json\/wp\/v2\/pages\/34010\/page\/2\/\" >Older Articles<\/a>        <\/div>\n            <\/div>\n<\/section>\n\n\n        <\/div>\n    <\/div>\n<\/section>\n\n<section id=\"trend-about-latest\" class=\"in__cta-footer trend-standard-block fadein slideup\">\n\n    \n    \n    <div class=\"grid-container fluid\">\n        <div class=\"grid-x\">\n                            \n                                                            \n                    \n                                                            <div class=\"cell medium-6 padded \" style=\"background-color:#f5f5f5;\">\n                                                <h2>UNTERNEHMEN TREND Networks<\/h2>\n                                                                                                                        <div class=\"button-wrap\"><a class=\"button button-one\" href=\"https:\/\/www.trend-networks.com\/de\/uber-trend-networks\/\" target=\"_self\">MEHR LESEN<\/a><\/div>                    <\/div>\n                    \n                \n                                                            \n                    \n                                                            <div class=\"cell medium-6 padded  background-dark\" style=\"background-color:#1c408c;\">\n                                                <h2>Aktuelle Artikel<\/h2>\n                                                                                                                        <div class=\"button-wrap\"><a class=\"button button-one\" href=\"https:\/\/www.trend-networks.com\/de\/neuigkeiten\/\" target=\"_self\">Mehr lesen<\/a><\/div>                    <\/div>\n                    \n                   \n                    <\/div>\n    <\/div>\n\n<\/section>\n\n<section class=\"grid-container section\">\n    <div class=\"grid-x\">\n        <div class=\"small-12 medium-12 large-12 cell inner-content\">\n","protected":false},"excerpt":{"rendered":"<p>Aktuelles<\/p>\n","protected":false},"author":1,"featured_media":0,"parent":33868,"menu_order":238,"comment_status":"closed","ping_status":"closed","template":"","meta":{"_acf_changed":false,"inline_featured_image":false,"_glsr_average":0,"_glsr_ranking":0,"_glsr_reviews":0,"footnotes":""},"class_list":["post-34010","page","type-page","status-publish","hentry"],"acf":[],"_links":{"self":[{"href":"https:\/\/www.trend-networks.com\/de\/wp-json\/wp\/v2\/pages\/34010","targetHints":{"allow":["GET"]}}],"collection":[{"href":"https:\/\/www.trend-networks.com\/de\/wp-json\/wp\/v2\/pages"}],"about":[{"href":"https:\/\/www.trend-networks.com\/de\/wp-json\/wp\/v2\/types\/page"}],"author":[{"embeddable":true,"href":"https:\/\/www.trend-networks.com\/de\/wp-json\/wp\/v2\/users\/1"}],"replies":[{"embeddable":true,"href":"https:\/\/www.trend-networks.com\/de\/wp-json\/wp\/v2\/comments?post=34010"}],"version-history":[{"count":0,"href":"https:\/\/www.trend-networks.com\/de\/wp-json\/wp\/v2\/pages\/34010\/revisions"}],"up":[{"embeddable":true,"href":"https:\/\/www.trend-networks.com\/de\/wp-json\/wp\/v2\/pages\/33868"}],"wp:attachment":[{"href":"https:\/\/www.trend-networks.com\/de\/wp-json\/wp\/v2\/media?parent=34010"}],"curies":[{"name":"wp","href":"https:\/\/api.w.org\/{rel}","templated":true}]}}