{"id":33868,"date":"2019-03-27T15:59:03","date_gmt":"2019-03-27T15:59:03","guid":{"rendered":"https:\/\/www.trend-networks.com\/latest\/"},"modified":"2021-08-25T17:20:00","modified_gmt":"2021-08-25T16:20:00","slug":"neuigkeiten","status":"publish","type":"page","link":"https:\/\/www.trend-networks.com\/de\/neuigkeiten\/","title":{"rendered":"Neuigkeiten"},"content":{"rendered":"\n        <\/div>\n    <\/div>\n<\/section>\n\n<section   class=\"in__latest-navigation fullwidth-menu\">\n    <div class=\"menu-latest-section-menu-de-container\"><ul id=\"menu-latest-section-menu-de\" class=\"menu\"><li id=\"menu-item-46550\" class=\"menu-item menu-item-type-post_type menu-item-object-page menu-item-46550\"><a href=\"https:\/\/www.trend-networks.com\/de\/neuigkeiten\/\">Neuigkeiten<\/a><\/li>\n<li id=\"menu-item-54919\" class=\"menu-item menu-item-type-post_type menu-item-object-page menu-item-54919\"><a href=\"https:\/\/www.trend-networks.com\/de\/neuigkeiten\/neuesten-nachrichten\/\">Neuesten nachrichten<\/a><\/li>\n<li id=\"menu-item-43690\" class=\"menu-item menu-item-type-post_type menu-item-object-page menu-item-43690\"><a href=\"https:\/\/www.trend-networks.com\/de\/neuigkeiten\/aktuelles\/\">Aktuelles<\/a><\/li>\n<li id=\"menu-item-43692\" class=\"menu-item menu-item-type-post_type menu-item-object-page menu-item-43692\"><a href=\"https:\/\/www.trend-networks.com\/de\/neuigkeiten\/veranstaltungen\/\">Veranstaltungen<\/a><\/li>\n<li id=\"menu-item-43693\" class=\"menu-item menu-item-type-post_type menu-item-object-page menu-item-43693\"><a href=\"https:\/\/www.trend-networks.com\/de\/neuigkeiten\/videos\/\">Videos<\/a><\/li>\n<li id=\"menu-item-43694\" class=\"menu-item menu-item-type-post_type menu-item-object-page menu-item-43694\"><a href=\"https:\/\/www.trend-networks.com\/de\/neuigkeiten\/white-paper\/\">White paper<\/a><\/li>\n<\/ul><\/div><\/section>\n\n<section class=\"grid-container section\">\n    <div class=\"grid-x\">\n        <div class=\"small-12 medium-12 large-12 cell inner-content\">\n\n\n\n<h2 class=\"bold\">Featured<\/h2>\n        <section class=\"in__latest-article-masonry\">\n            <div class=\"grid-x\">\n                <div class=\"cell large-6 first-section\"><div class=\"in__article-latest-item\">\n                                <a href=\"https:\/\/www.trend-networks.com\/de\/sicher-vernetzt-in-den-fruehling-unsere-top-angebote-2026\/\">\n                                    <div class=\"in__article-latest-image\">\n                                            <img decoding=\"async\" src=\"https:\/\/www.trend-networks.com\/wp-content\/uploads\/2026\/04\/900x900-SS-DE-002.jpg\" alt=\"\" title=\"\">\n                                    <\/div>\n                                    <div class=\"in__article-latest-meta\">\n                                        <p class=\"in__article-latest-cat\">Neuigkeiten<\/p>\n                                        <h3>Sicher vernetzt in den Fr\u00fchling: Unsere Top-Angebote 2026<\/h3>\n                                        <p class=\"in__article-latest-date\">2 April 2026<\/p>\n                                    <\/div>\n                                <\/a>\n                            <\/div><\/div>\n                <div class=\"cell large-6 second-section\">\n                    <div class=\"grid-y\">\n                        <div class=\"cell medium-6\"><div class=\"in__article-latest-item\">\n                                <a href=\"https:\/\/www.trend-networks.com\/de\/messbare-exzellenz-fuer-die-vernetzte-welt-trend-networks-auf-der-lightbuilding-2026\/\">\n                                    <div class=\"in__article-latest-image\">\n                                            <img decoding=\"async\" src=\"https:\/\/www.trend-networks.com\/wp-content\/uploads\/2026\/02\/Light-Building-2026-Giveaway-Banner-2.1-1024x439.jpg\" alt=\"\" title=\"\">\n                                    <\/div>\n                                    <div class=\"in__article-latest-meta\">\n                                        <p class=\"in__article-latest-cat\">Neuigkeiten<\/p>\n                                        <h3>Messbare Exzellenz f\u00fcr die vernetzte Welt: TREND Networks auf der Light+Building 2026<\/h3>\n                                        <p class=\"in__article-latest-date\">9 Februar 2026<\/p>\n                                    <\/div>\n                                <\/a>\n                            <\/div><\/div>\n                        <div class=\"grid-x\">\n                            <div class=\"cell medium-6\"><div class=\"in__article-latest-item\">\n                                <a href=\"https:\/\/www.trend-networks.com\/de\/signaltek-qt-one-tool-to-simplify-network-qualification\/\">\n                                    <div class=\"in__article-latest-image\">\n                                            <img decoding=\"async\" src=\"https:\/\/www.trend-networks.com\/wp-content\/uploads\/2025\/10\/2627-0870-1-1024x683.jpg\" alt=\"\" title=\"\">\n                                    <\/div>\n                                    <div class=\"in__article-latest-meta\">\n                                        <p class=\"in__article-latest-cat\">Neuigkeiten<\/p>\n                                        <h3>SignalTEK QT \u2013 Ein Testger\u00e4t, das die\u00a0<\/h3>\n                                        <p class=\"in__article-latest-date\">14 Oktober 2025<\/p>\n                                    <\/div>\n                                <\/a>\n                            <\/div><\/div>\n                            <div class=\"cell medium-6\"><div class=\"in__article-latest-item\">\n                                <a href=\"https:\/\/www.trend-networks.com\/de\/depend-on-us-rewards-is-back-with-even-bigger-value\/\">\n                                    <div class=\"in__article-latest-image\">\n                                            <img decoding=\"async\" src=\"https:\/\/www.trend-networks.com\/wp-content\/uploads\/2025\/10\/DOUR-1400x600-MC-Banner-EN-1-1024x439.jpg\" alt=\"\" title=\"\">\n                                    <\/div>\n                                    <div class=\"in__article-latest-meta\">\n                                        <p class=\"in__article-latest-cat\">Neuigkeiten<\/p>\n                                        <h3>Die Depend On Us Jahresendaktion ist zur\u00fcck: Schneller Testen \u2013 Smarter Splei\u00dfen \u2013 MEHRWERT SICHERN\u00a0<\/h3>\n                                        <p class=\"in__article-latest-date\">1 Oktober 2025<\/p>\n                                    <\/div>\n                                <\/a>\n                            <\/div><\/div>\n                        <\/div>\n                    <\/div>\n                <\/div>\n            <\/div>\n        <\/section>\n    \n\n\n\n<div style=\"height:60px\" aria-hidden=\"true\" class=\"wp-block-spacer\"><\/div>\n\n\n<section id=\"in__product-section-related-articles\"><h2><a href=\"https:\/\/www.trend-networks.com\/latest\/\">Aktuelle Artikel<\/a><\/h2><div class=\"in__article-carousel owl-carousel\"><div class=\"in__article-item\">\n\t\t\t\t\t<a href=\"https:\/\/www.trend-networks.com\/de\/sicher-vernetzt-in-den-fruehling-unsere-top-angebote-2026\/\" title=\"View Sicher vernetzt in den Fr\u00fchling: Unsere Top-Angebote 2026\">\n\t\t\t\t\t\t<div class=\"in__article-item-image\">\n\t\t\t\t\t\t\t<img class=\"carousel-img no-lazy owl-lazy\" data-src=\"https:\/\/www.trend-networks.com\/wp-content\/uploads\/2026\/04\/900x900-SS-DE-002.jpg\" alt=\"\"\/>\n\t\t\t\t\t\t<\/div>\n                        <div class=\"in__article-item-text\">\n    \t\t\t\t\t\t<div class=\"in__column-container small-device-keep-columns\">\n    \t\t\t\t\t\t\t<div class=\"in__article-post-date in__column-1-2\">\n    \t\t\t\t\t\t\t\t2 April 2026\n    \t\t\t\t\t\t\t<\/div>\n    \t\t\t\t\t\t\t<div class=\"in__article-post-cat in__column-1-2\">\n    \t\t\t\t\t\t\t\tNeuigkeiten\n    \t\t\t\t\t\t\t<\/div>\n    \t\t\t\t\t\t<\/div>\n    \t\t\t\t\t\t<h3>Sicher vernetzt in den Fr\u00fchling: Unsere Top-Angebote 2026<\/h3>\n                        <\/div>\n\t\t\t\t\t<\/a>\n\t\t\t\t<\/div><div class=\"in__article-item\">\n\t\t\t\t\t<a href=\"https:\/\/www.trend-networks.com\/de\/messbare-exzellenz-fuer-die-vernetzte-welt-trend-networks-auf-der-lightbuilding-2026\/\" title=\"View Messbare Exzellenz f\u00fcr die vernetzte Welt: TREND Networks auf der Light+Building 2026\">\n\t\t\t\t\t\t<div class=\"in__article-item-image\">\n\t\t\t\t\t\t\t<img class=\"carousel-img no-lazy owl-lazy\" data-src=\"https:\/\/www.trend-networks.com\/wp-content\/uploads\/2026\/02\/Light-Building-2026-Giveaway-Banner-2.1-1024x439.jpg\" alt=\"\"\/>\n\t\t\t\t\t\t<\/div>\n                        <div class=\"in__article-item-text\">\n    \t\t\t\t\t\t<div class=\"in__column-container small-device-keep-columns\">\n    \t\t\t\t\t\t\t<div class=\"in__article-post-date in__column-1-2\">\n    \t\t\t\t\t\t\t\t9 Februar 2026\n    \t\t\t\t\t\t\t<\/div>\n    \t\t\t\t\t\t\t<div class=\"in__article-post-cat in__column-1-2\">\n    \t\t\t\t\t\t\t\tNeuigkeiten\n    \t\t\t\t\t\t\t<\/div>\n    \t\t\t\t\t\t<\/div>\n    \t\t\t\t\t\t<h3>Messbare Exzellenz f\u00fcr die vernetzte Welt: TREND Networks auf der Light+Building 2026<\/h3>\n                        <\/div>\n\t\t\t\t\t<\/a>\n\t\t\t\t<\/div><div class=\"in__article-item\">\n\t\t\t\t\t<a href=\"https:\/\/www.trend-networks.com\/de\/signaltek-qt-one-tool-to-simplify-network-qualification\/\" title=\"View SignalTEK QT \u2013 Ein Testger\u00e4t, das die\u00a0\">\n\t\t\t\t\t\t<div class=\"in__article-item-image\">\n\t\t\t\t\t\t\t<img class=\"carousel-img no-lazy owl-lazy\" data-src=\"https:\/\/www.trend-networks.com\/wp-content\/uploads\/2025\/10\/2627-0870-1-1024x683.jpg\" alt=\"\"\/>\n\t\t\t\t\t\t<\/div>\n                        <div class=\"in__article-item-text\">\n    \t\t\t\t\t\t<div class=\"in__column-container small-device-keep-columns\">\n    \t\t\t\t\t\t\t<div class=\"in__article-post-date in__column-1-2\">\n    \t\t\t\t\t\t\t\t14 Oktober 2025\n    \t\t\t\t\t\t\t<\/div>\n    \t\t\t\t\t\t\t<div class=\"in__article-post-cat in__column-1-2\">\n    \t\t\t\t\t\t\t\tNeuigkeiten\n    \t\t\t\t\t\t\t<\/div>\n    \t\t\t\t\t\t<\/div>\n    \t\t\t\t\t\t<h3>SignalTEK QT \u2013 Ein Testger\u00e4t, das die\u00a0<\/h3>\n                        <\/div>\n\t\t\t\t\t<\/a>\n\t\t\t\t<\/div><div class=\"in__article-item\">\n\t\t\t\t\t<a href=\"https:\/\/www.trend-networks.com\/de\/depend-on-us-rewards-is-back-with-even-bigger-value\/\" title=\"View Die Depend On Us Jahresendaktion ist zur\u00fcck: Schneller Testen \u2013 Smarter Splei\u00dfen \u2013 MEHRWERT SICHERN\u00a0\">\n\t\t\t\t\t\t<div class=\"in__article-item-image\">\n\t\t\t\t\t\t\t<img class=\"carousel-img no-lazy owl-lazy\" data-src=\"https:\/\/www.trend-networks.com\/wp-content\/uploads\/2025\/10\/DOUR-1400x600-MC-Banner-EN-1-1024x439.jpg\" alt=\"\"\/>\n\t\t\t\t\t\t<\/div>\n                        <div class=\"in__article-item-text\">\n    \t\t\t\t\t\t<div class=\"in__column-container small-device-keep-columns\">\n    \t\t\t\t\t\t\t<div class=\"in__article-post-date in__column-1-2\">\n    \t\t\t\t\t\t\t\t1 Oktober 2025\n    \t\t\t\t\t\t\t<\/div>\n    \t\t\t\t\t\t\t<div class=\"in__article-post-cat in__column-1-2\">\n    \t\t\t\t\t\t\t\tNeuigkeiten\n    \t\t\t\t\t\t\t<\/div>\n    \t\t\t\t\t\t<\/div>\n    \t\t\t\t\t\t<h3>Die Depend On Us Jahresendaktion ist zur\u00fcck: Schneller Testen \u2013 Smarter Splei\u00dfen \u2013 MEHRWERT SICHERN\u00a0<\/h3>\n                        <\/div>\n\t\t\t\t\t<\/a>\n\t\t\t\t<\/div><\/section> <!--\/.in__article-carousel -->\n\n\n\n<div style=\"height:60px\" aria-hidden=\"true\" class=\"wp-block-spacer\"><\/div>\n\n\n\n<div class=\"wp-block-columns is-layout-flex wp-container-core-columns-is-layout-9d6595d7 wp-block-columns-is-layout-flex\">\n<div class=\"wp-block-column is-layout-flow wp-block-column-is-layout-flow\">\n<h2 class=\"wp-block-heading\"><a href=\"https:\/\/www.trend-networks.com\/de\/latest\/press-coverage\/\">AKTUELLES<\/a><\/h2>\n\n\n<div class=\"in__latest-single-container\"><div class=\"in__article-latest-item\">\n                                <a href=\"https:\/\/www.trend-networks.com\/de\/new-lantek-iv-s-cable-certifier-software-update-boosts-speed-and-simplicity\/\">\n                                    <div class=\"in__article-latest-image\">\n                                            <img decoding=\"async\" src=\"https:\/\/www.trend-networks.com\/wp-content\/uploads\/2024\/04\/LanTEK-IV-S_09.jpg\" alt=\"\" title=\"\">\n                                    <\/div>\n                                    <div class=\"in__article-latest-meta\">\n                                        <p class=\"in__article-latest-cat\">Aktuelles<\/p>\n                                        <h3>La nouvelle mise \u00e0 jour du logiciel du certificateur de c\u00e2bles LanTEK IV-S augmente la vitesse et la simplicit\u00e9<\/h3>\n                                    <\/div>\n                                <\/a>\n                            <\/div><\/div>\n<\/div>\n\n\n\n<div class=\"wp-block-column is-layout-flow wp-block-column-is-layout-flow\">\n<h2 class=\"wp-block-heading\"><a href=\"https:\/\/www.trend-networks.com\/de\/neuigkeiten\/videos\/\">Videos<\/a><\/h2>\n\n\n<div class=\"in__latest-single-container\"><div class=\"in__article-latest-item\">\n                                <a href=\"https:\/\/www.trend-networks.com\/de\/die-zukunft-der-kabelzertifizierung\/\">\n                                    <div class=\"in__article-latest-image\">\n                                            <img decoding=\"async\" src=\"https:\/\/www.trend-networks.com\/wp-content\/uploads\/2019\/06\/lantek-teaser-image.png\" alt=\"\" title=\"\">\n                                    <\/div>\n                                    <div class=\"in__article-latest-meta\">\n                                        <p class=\"in__article-latest-cat\">Video<\/p>\n                                        <h3>Die Zukunft der Kabelzertifizierung<\/h3>\n                                    <\/div>\n                                <\/a>\n                            <\/div><\/div>\n<\/div>\n<\/div>\n\n\n\n<div class=\"wp-block-group\"><div class=\"wp-block-group__inner-container is-layout-flow wp-block-group-is-layout-flow\">\n<div style=\"height:60px\" aria-hidden=\"true\" class=\"wp-block-spacer\"><\/div>\n\n\n\n\n\n<h2 class=\"has-text-align-center in__fullwidth-tag-line wp-block-heading\">UNSERE VERSPRECHEN<\/h2>\n\n\n\n<p class=\"has-text-align-center has-trend-dark-blue-color has-text-color\"><strong>Lifetime Support Promise<\/strong> \u2013  Wir werden die Ger\u00e4te, die Sie von uns erwerben, \u00fcber die gesamte Einsatzdauer kalibrieren und reparieren.*<\/p>\n\n\n\n<p class=\"has-text-align-center has-trend-dark-blue-color has-text-color\"><strong>Depend On Our Data<\/strong> \u2013  Die TREND AnyWARE Cloud ist die einzige Cloudsoftware die sowohl Zertifizierungs- als auch Bandbreitentestergebnisse zur Reporterstellung verwalten kann.<\/p>\n\n\n\n<p class=\"has-text-align-center has-trend-dark-blue-color has-text-color\"><strong>Rapid Service<\/strong> \u2013  Wenn wir eine technische Supportanfrage nicht sofort entgegennehmen k\u00f6nnen, werden wir uns bem\u00fchen, Sie innerhalb von zwei Gesch\u00e4ftsstunden zur\u00fcckzurufen.*<\/p>\n\n\n\n<div style=\"height:30px\" aria-hidden=\"true\" class=\"wp-block-spacer\"><\/div>\n\n\n\n<div class=\"wp-block-buttons is-content-justification-center is-layout-flex wp-block-buttons-is-layout-flex\">\n<div class=\"wp-block-button\"><a class=\"wp-block-button__link\" href=\"https:\/\/www.trend-networks.com\/de\/unser-versprechen\/\">Mehr erfahren<\/a><\/div>\n<\/div>\n\n\n\n<p><\/p>\n<\/div><\/div>\n\n\n\n        <\/div>\n    <\/div>\n<\/section>\n\n<section class=\"in__cta-test4less learning-hub-cta trend-standard-block fadein slideup\">\n\n    \n    \n    <div class=\"grid-container\">\n        <div class=\"grid-x\">\n                            \n                                                            \n                    \n                                                            <div class=\"cell medium-6 padded \" style=\"background-image:url(https:\/\/www.trend-networks.com\/wp-content\/uploads\/2019\/03\/test4less-background.jpg);\">\n                                                <p style=\"font-size: 18px; font-weight: bold; color: #73797d; text-align: left;\">BEN\u00d6TIGEN SIE 3 ODER MEHR KABELZERTIFIZIERER?<\/p>\n<h1>SPAREN SIE BIS ZU 57 % MIT<\/h1>\n                                                <img decoding=\"async\" src=\"https:\/\/www.trend-networks.com\/wp-content\/uploads\/2019\/06\/test4less-logo-homepage-2.png\" alt=\"\" title=\"\">                                                                        <div class=\"button-wrap\"><a class=\"button button-one\" href=\"https:\/\/www.trend-networks.com\/de\/test4less\/\" target=\"_self\">Mehr erfahren<\/a><\/div>                    <\/div>\n                    \n                \n                                                            \n                    \n                                                            <div class=\"cell medium-6 padded \" style=\"background-image:url(https:\/\/www.trend-networks.com\/wp-content\/uploads\/2021\/03\/Used-Testers-DE.png);\">\n                                                <h2>Vorf\u00fchrger\u00e4te &#8211; Abverkauf<\/h2>\n                                                                                                                        <div class=\"button-wrap\"><a class=\"button button-one\" href=\"\/de\/produkt-kategorie\/used-testers-de\/\" target=\"_self\">Mehr erfahren<\/a><\/div>                    <\/div>\n                    \n                   \n                    <\/div>\n    <\/div>\n\n<\/section>\n\n<section class=\"grid-container section\">\n    <div class=\"grid-x\">\n        <div class=\"small-12 medium-12 large-12 cell inner-content\">\n\n\n\n        <\/div>\n    <\/div>\n<\/section>\n\n<section id=\"trend-about-latest\" class=\"in__cta-footer trend-standard-block fadein slideup\">\n\n    \n    \n    <div class=\"grid-container fluid\">\n        <div class=\"grid-x\">\n                            \n                                                            \n                    \n                                                            <div class=\"cell medium-6 padded \" style=\"background-color:#f5f5f5;\">\n                                                <h2>UNTERNEHMEN TREND Networks<\/h2>\n                                                                                                                        <div class=\"button-wrap\"><a class=\"button button-one\" href=\"https:\/\/www.trend-networks.com\/de\/uber-trend-networks\/\" target=\"_self\">MEHR LESEN<\/a><\/div>                    <\/div>\n                    \n                \n                                                            \n                    \n                                                            <div class=\"cell medium-6 padded  background-dark\" style=\"background-color:#1c408c;\">\n                                                <h2>Aktuelle Artikel<\/h2>\n                                                                                                                        <div class=\"button-wrap\"><a class=\"button button-one\" href=\"https:\/\/www.trend-networks.com\/de\/neuigkeiten\/\" target=\"_self\">Mehr lesen<\/a><\/div>                    <\/div>\n                    \n                   \n                    <\/div>\n    <\/div>\n\n<\/section>\n\n<section class=\"grid-container section\">\n    <div class=\"grid-x\">\n        <div class=\"small-12 medium-12 large-12 cell inner-content\">\n","protected":false},"excerpt":{"rendered":"<p>AKTUELLES Videos<\/p>\n","protected":false},"author":1,"featured_media":0,"parent":0,"menu_order":256,"comment_status":"closed","ping_status":"closed","template":"","meta":{"_acf_changed":false,"inline_featured_image":false,"_glsr_average":0,"_glsr_ranking":0,"_glsr_reviews":0,"footnotes":""},"class_list":["post-33868","page","type-page","status-publish","hentry"],"acf":[],"_links":{"self":[{"href":"https:\/\/www.trend-networks.com\/de\/wp-json\/wp\/v2\/pages\/33868","targetHints":{"allow":["GET"]}}],"collection":[{"href":"https:\/\/www.trend-networks.com\/de\/wp-json\/wp\/v2\/pages"}],"about":[{"href":"https:\/\/www.trend-networks.com\/de\/wp-json\/wp\/v2\/types\/page"}],"author":[{"embeddable":true,"href":"https:\/\/www.trend-networks.com\/de\/wp-json\/wp\/v2\/users\/1"}],"replies":[{"embeddable":true,"href":"https:\/\/www.trend-networks.com\/de\/wp-json\/wp\/v2\/comments?post=33868"}],"version-history":[{"count":0,"href":"https:\/\/www.trend-networks.com\/de\/wp-json\/wp\/v2\/pages\/33868\/revisions"}],"wp:attachment":[{"href":"https:\/\/www.trend-networks.com\/de\/wp-json\/wp\/v2\/media?parent=33868"}],"curies":[{"name":"wp","href":"https:\/\/api.w.org\/{rel}","templated":true}]}}