{"id":33171,"date":"2019-04-02T15:51:39","date_gmt":"2019-04-02T14:51:39","guid":{"rendered":"https:\/\/www.trend-networks.com\/?page_id=33171"},"modified":"2025-10-23T17:19:20","modified_gmt":"2025-10-23T16:19:20","slug":"service-und-gewaehrleistung","status":"publish","type":"page","link":"https:\/\/www.trend-networks.com\/de\/support\/service-und-gewaehrleistung\/","title":{"rendered":"Service Und Gew\u00e4hrleistung"},"content":{"rendered":"\n<h1 class=\"wp-block-heading\">Service Und Gew\u00e4hrleistung<\/h1>\n\n\n\n        <\/div>\n    <\/div>\n<\/section>\n\n<section   class=\"in__latest-navigation fullwidth-menu\">\n    <div class=\"menu-service-warranty-menu-de-container\"><ul id=\"menu-service-warranty-menu-de\" class=\"menu\"><li id=\"menu-item-43838\" class=\"menu-item menu-item-type-custom menu-item-object-custom menu-item-43838\"><a href=\"#warranty\">GEW\u00c4HRLEISTUNG<\/a><\/li>\n<li id=\"menu-item-43839\" class=\"menu-item menu-item-type-custom menu-item-object-custom menu-item-43839\"><a href=\"#calibration\">KALIBRIERUNG<\/a><\/li>\n<li id=\"menu-item-43840\" class=\"menu-item menu-item-type-custom menu-item-object-custom menu-item-43840\"><a href=\"#servicecentres\">SERVICE-ZENTREN<\/a><\/li>\n<\/ul><\/div><\/section>\n\n<section class=\"grid-container section\">\n    <div class=\"grid-x\">\n        <div class=\"small-12 medium-12 large-12 cell inner-content\">\n\n\n\n\n        <\/div>\n    <\/div>\n<\/section>\n\n<section class=\"trend-standard-block fadein slideup padded\">\n\n    \n    \n    <div class=\"grid-container\">\n        <div class=\"grid-x\">\n                            \n                                                            \n                    \n                                                            <div class=\"cell large-6\">\n                                                <h2>GEW\u00c4HRLEISTUNG<\/h2>\n<p>Um Ihnen die beruhigende Gewissheit zu geben, an alles gedacht zu haben, bieten wir alle unsere Tester mit einer einj\u00e4hrigen Verl\u00e4ngerung der Gew\u00e4hrleistung an.<\/p>\n<p>Weitere Informationen zur Gew\u00e4hrleistung von TREND entnehmen Sie bitte den unten stehenden Bedingungen.<\/p>\n<p>Wenn Sie weitergehende Informationen zu unserer Gew\u00e4hrleistung w\u00fcnschen oder eine allgemeine Anfrage zur Gew\u00e4hrleistung haben, wenden Sie sich bitte an den Kundendienst.<\/p>\n<p>F\u00fcr die folgenden Tester ist es m\u00f6glich, beim Kauf des Produktes eine zus\u00e4tzliche Gew\u00e4hrleistung von einem Jahr zu erwerben. Diese Verl\u00e4ngerung der Gew\u00e4hrleistung gilt jedoch nicht f\u00fcr Zubeh\u00f6r.<\/p>\n<p><strong>R153000W2<\/strong>\u00a02 Jahre Gew\u00e4hrl. NaviTEK II<\/p>\n<p><strong>R151000W2<\/strong>\u00a02 Jahre Gew\u00e4hrl. NaviTEK II PLUS<\/p>\n<p><strong>R151002W2<\/strong>\u00a02 Jahre Gew\u00e4hrl. NaviTEK II PRO<\/p>\n<p><strong>R156002W2<\/strong>\u00a02 Jahre Gew\u00e4hrl. SignalTEK CT<\/p>\n<p><strong>R156000W2<\/strong>\u00a02 Jahre Gew\u00e4hrl. SignalTEK II<\/p>\n<p><strong>R156001W2<\/strong>\u00a02 Jahre Gew\u00e4hrl. SignalTEK II FO<\/p>\n<p><strong>R150001W2<\/strong>\u00a02 Jahre Gew\u00e4hrl. LanXPLORER PRO<\/p>\n<p><strong>R152001W2<\/strong>\u00a02 Jahre Gew\u00e4hrl. UniPRO MGig1 Solo<\/p>\n<p><strong>R152002W2<\/strong>\u00a02 Jahre Gew. UniPRO MGig1 Solo PLUS<\/p>\n<p><strong>R152003W2<\/strong>\u00a02 Jahre Gew. UniPRO MGig1 Solo PRO<\/p>\n<p><strong>R152008W2<\/strong>\u00a02 Jahre Gew. UniPRO MGig1 Duo<\/p>\n<p><strong>R152009W2<\/strong>\u00a02 Jahre Gew. UniPRO MGig1 Duo PLUS<\/p>\n<p><strong>R152010W2<\/strong>\u00a02 Jahre Gew. UniPRO MGig1 Duo PRO<\/p>\n<p><strong>R154000W2<\/strong>\u00a02 Jahre Gew. UniPRO SEL1<\/p>\n                                                                                                                                            <\/div>\n                    \n                \n                                                            \n                    \n                                                            <div class=\"cell auto\">\n                                                                                                <img decoding=\"async\" src=\"https:\/\/www.trend-networks.com\/wp-content\/uploads\/2025\/10\/Montage_2025.png\" alt=\"About Trend Networks\" title=\"\">                                                                                            <\/div>\n                    \n                   \n                    <\/div>\n    <\/div>\n\n<\/section>\n\n<section class=\"grid-container section\">\n    <div class=\"grid-x\">\n        <div class=\"small-12 medium-12 large-12 cell inner-content\">\n\n\n\n        <\/div>\n    <\/div>\n<\/section>\n\n<section class=\"trend-standard-block fadein slideup padded background-colour background-dark\" style=\"background-color:#1c408c;\">\n\n    \n    \n    <div class=\"grid-container\">\n        <div class=\"grid-x\">\n                            \n                                                            \n                    \n                                                            <div class=\"cell medium-12\">\n                                                <h2>KALIBRIERUNG<\/h2>\n<p>Kabelzertifizierer m\u00fcssen alle 12 Monate kalibriert werden, um die Genauigkeit der Messungen sowie die Einhaltung der Normen ISO IEC 61935-1 und TIA 1152 zu gew\u00e4hrleisten.<\/p>\n<p>Tester:<\/p>\n<p>LanTEK IV-500MHz<\/p>\n<p>LanTEK IV-3000MHz<\/p>\n                                                                                                                                            <\/div>\n                    \n                   \n                    <\/div>\n    <\/div>\n\n<\/section>\n\n<section class=\"grid-container section\">\n    <div class=\"grid-x\">\n        <div class=\"small-12 medium-12 large-12 cell inner-content\">\n\n\n\n        <\/div>\n    <\/div>\n<\/section>\n\n<section class=\"trend-standard-block fadein slideup padded\">\n\n    \n    \n    <div class=\"grid-container\">\n        <div class=\"grid-x\">\n                            \n                                                            \n                    \n                                                            <div class=\"cell large-6\">\n                                                <h2>SERVICE-ZENTREN<\/h2>\n<p>Unsere engagierten Service-Zentren \u00fcbernehmen die Fehlerdiagnose, Reparatur und Wartung Ihrer Tester.<\/p>\n<p>Die hochqualifizierten Mitarbeiter der Service-Teams gew\u00e4hrleisten die R\u00fccksendung der Ger\u00e4te in k\u00fcrzester Zeit.<\/p>\n<p>F\u00fcr die R\u00fccksendung eines Testers zur Kalibrierung oder Reparatur ben\u00f6tigen Sie eine RMA-R\u00fccksendenummer. Bitte klicken\u00a0<a href=\"https:\/\/www.trend-networks.com\/wp-content\/uploads\/2025\/10\/RMA-Form-DE.pdf\">Sie hier<\/a>, um das Formular herunterzuladen. Senden Sie das ausgef\u00fcllte Formular an:\u00a0<a>de.service@trend-networks.com<\/a>.<\/p>\n<p>TREND stellt Ihnen dann eine RMA-Nummer aus, so dass Sie das betreffende Ger\u00e4t zur\u00fccksenden k\u00f6nnen.<\/p>\n<p>Bitte vermerken Sie die RMA-Nummer deutlich auf der Au\u00dfenseite des Pakets, damit unser Service-Team die R\u00fccksendung sofort richtig einordnen und bearbeiten kann.<\/p>\n                                                                                                                                            <\/div>\n                    \n                \n                                                            \n                    \n                                                            <div class=\"cell auto\">\n                                                                                                <img decoding=\"async\" src=\"https:\/\/www.trend-networks.com\/wp-content\/uploads\/2025\/10\/Website-Map-2025.jpg\" alt=\"\" title=\"\">                                                                                            <\/div>\n                    \n                   \n                    <\/div>\n    <\/div>\n\n<\/section>\n\n<section class=\"grid-container section\">\n    <div class=\"grid-x\">\n        <div class=\"small-12 medium-12 large-12 cell inner-content\">\n\n\n\n        <\/div>\n    <\/div>\n<\/section>\n\n<section class=\"learning-hub-cta trend-standard-block fadein slideup\">\n\n    \n    \n    <div class=\"grid-container fluid\">\n        <div class=\"grid-x\">\n                            \n                                                            \n                    \n                                                            <div class=\"cell medium-6 padded \" style=\"background-image:url(https:\/\/www.trend-networks.com\/wp-content\/uploads\/2021\/05\/Trend-Network-Learning-Hub.png);\">\n                                                <h1 class=\"trend-learning-hub\"><span class=\"trend\">TREND<\/span><span class=\"learning\">Wissens<\/span> <span class=\"hub\">Hub<\/span><\/h1>\n<p class=\"subhead\">Videos, und Whitepapers und vieles mehr<\/p>\n                                                                                                                        <div class=\"button-wrap\"><a class=\"button button-one\" href=\"https:\/\/www.trend-networks.com\/de\/wissens-hub\/\" target=\"_self\">Erfahren Sie mehr<\/a><\/div>                    <\/div>\n                    \n                \n                                                            \n                    \n                                                            <div class=\"cell medium-6 padded \" style=\"background-image:url(https:\/\/www.trend-networks.com\/wp-content\/uploads\/2021\/06\/signaltek-homepage-cta-de.jpg);\">\n                                                <h2>SCHNELLE FEHLERBEHEBUNG MIT SIGNALTEK 10G<\/h2>\n                                                                                                                        <div class=\"button-wrap\"><a class=\"button button-one\" href=\"https:\/\/www.trend-networks.com\/de\/produkt\/signaltek-10g\/\" target=\"_self\">MEHR ERFAHREN<\/a><\/div>                    <\/div>\n                    \n                   \n                    <\/div>\n    <\/div>\n\n<\/section>\n\n<section class=\"grid-container section\">\n    <div class=\"grid-x\">\n        <div class=\"small-12 medium-12 large-12 cell inner-content\">\n\n\n\n        <\/div>\n    <\/div>\n<\/section>\n\n<section id=\"trend-about-latest\" class=\"in__cta-footer trend-standard-block fadein slideup\">\n\n    \n    \n    <div class=\"grid-container fluid\">\n        <div class=\"grid-x\">\n                            \n                                                            \n                    \n                                                            <div class=\"cell medium-6 padded \" style=\"background-color:#f5f5f5;\">\n                                                <h2>UNTERNEHMEN TREND Networks<\/h2>\n                                                                                                                        <div class=\"button-wrap\"><a class=\"button button-one\" href=\"https:\/\/www.trend-networks.com\/de\/uber-trend-networks\/\" target=\"_self\">MEHR LESEN<\/a><\/div>                    <\/div>\n                    \n                \n                                                            \n                    \n                                                            <div class=\"cell medium-6 padded  background-dark\" style=\"background-color:#1c408c;\">\n                                                <h2>Aktuelle Artikel<\/h2>\n                                                                                                                        <div class=\"button-wrap\"><a class=\"button button-one\" href=\"https:\/\/www.trend-networks.com\/de\/neuigkeiten\/\" target=\"_self\">Mehr lesen<\/a><\/div>                    <\/div>\n                    \n                   \n                    <\/div>\n    <\/div>\n\n<\/section>\n\n<section class=\"grid-container section\">\n    <div class=\"grid-x\">\n        <div class=\"small-12 medium-12 large-12 cell inner-content\">\n","protected":false},"excerpt":{"rendered":"<p>Service Und Gew\u00e4hrleistung<\/p>\n","protected":false},"author":1,"featured_media":0,"parent":34116,"menu_order":150,"comment_status":"closed","ping_status":"closed","template":"","meta":{"_acf_changed":false,"inline_featured_image":false,"_glsr_average":0,"_glsr_ranking":0,"_glsr_reviews":0,"footnotes":""},"class_list":["post-33171","page","type-page","status-publish","hentry"],"acf":[],"_links":{"self":[{"href":"https:\/\/www.trend-networks.com\/de\/wp-json\/wp\/v2\/pages\/33171","targetHints":{"allow":["GET"]}}],"collection":[{"href":"https:\/\/www.trend-networks.com\/de\/wp-json\/wp\/v2\/pages"}],"about":[{"href":"https:\/\/www.trend-networks.com\/de\/wp-json\/wp\/v2\/types\/page"}],"author":[{"embeddable":true,"href":"https:\/\/www.trend-networks.com\/de\/wp-json\/wp\/v2\/users\/1"}],"replies":[{"embeddable":true,"href":"https:\/\/www.trend-networks.com\/de\/wp-json\/wp\/v2\/comments?post=33171"}],"version-history":[{"count":25,"href":"https:\/\/www.trend-networks.com\/de\/wp-json\/wp\/v2\/pages\/33171\/revisions"}],"predecessor-version":[{"id":147691,"href":"https:\/\/www.trend-networks.com\/de\/wp-json\/wp\/v2\/pages\/33171\/revisions\/147691"}],"up":[{"embeddable":true,"href":"https:\/\/www.trend-networks.com\/de\/wp-json\/wp\/v2\/pages\/34116"}],"wp:attachment":[{"href":"https:\/\/www.trend-networks.com\/de\/wp-json\/wp\/v2\/media?parent=33171"}],"curies":[{"name":"wp","href":"https:\/\/api.w.org\/{rel}","templated":true}]}}