{"id":33034,"date":"2019-03-13T10:22:29","date_gmt":"2019-03-13T10:22:29","guid":{"rendered":"https:\/\/www.trend-networks.com\/?page_id=33034"},"modified":"2024-10-28T12:55:53","modified_gmt":"2024-10-28T12:55:53","slug":"saphir-servicevertrag","status":"publish","type":"page","link":"https:\/\/www.trend-networks.com\/de\/support\/saphir-servicevertrag\/","title":{"rendered":"Saphir Servicevertrag"},"content":{"rendered":"\n        <\/div>\n    <\/div>\n<\/section>\n\n<section class=\"in__sapphire-header trend-standard-block fadein slideup padded background-colour\" style=\"background-color:#f5f5f5;\">\n\n    \n    \n    <div class=\"grid-container\">\n        <div class=\"grid-x\">\n                            \n                                                            \n                    \n                                                            <div class=\"cell medium-12\">\n                                                <h1>SAPHIR SERVICEVERTRAG<\/h1>\n<h2>KOMPLETTSCHUTZ F\u00dcR IHREN KABELZERTIFIZIERER LANTEK\u00ae UND FIBERTEK\u00ae<\/h2>\n<p>Der neue Saphir Servicevertrag f\u00fcr die Instandhaltung und Wartung der Kabelzertifizierer LanTEK\u00ae und FiberTEK\u00ae wurde mit dem Ziel geschaffen, Ausfallzeiten weitestgehend zu minimieren, die Betriebskosten zu senken und Sie vor unerwarteten Reparaturkosten zu sch\u00fctzen.<\/p>\n                                                                                                                                            <\/div>\n                    \n                   \n                    <\/div>\n    <\/div>\n\n<\/section>\n\n<section class=\"grid-container section\">\n    <div class=\"grid-x\">\n        <div class=\"small-12 medium-12 large-12 cell inner-content\">\n\n\n\n        <\/div>\n    <\/div>\n<\/section>\n\n<section class=\"in__sapphire-feature trend-standard-block fadein slideup padded\">\n\n    \n    \n    <div class=\"grid-container\">\n        <div class=\"grid-x\">\n                            \n                                                            \n                    \n                                                            <div class=\"cell large-6\">\n                                                <p><img decoding=\"async\" class=\"size-full wp-image-4807 alignleft\" src=\"https:\/\/www.trend-networks.com\/wp-content\/uploads\/2019\/04\/calibration.png\" alt=\"\" width=\"128\" height=\"128\" srcset=\"https:\/\/www.trend-networks.com\/wp-content\/uploads\/2019\/04\/calibration.png 128w, https:\/\/www.trend-networks.com\/wp-content\/uploads\/2019\/04\/calibration-100x100.png 100w\" sizes=\"(max-width: 128px) 100vw, 128px\" title=\"\"><\/p>\n<h2>KOSTENLOSE J\u00c4HRLICHE KALIBRIERUNG<\/h2>\n<h4>SICHERUNG DER MESSGENAUIGKEIT<\/h4>\n<p>Bei Kabelzertifizierern ist alle 12 Monate eine Kalibrierung erforderlich, um die Genauigkeit der Messungen sowie die Einhaltung der Normen ISO IEC 61935-1 und TIA 1152 zu gew\u00e4hrleisten. Wir kalibrieren Ihren Zertifizierer ohne Mehrkosten und f\u00fchren alle ben\u00f6tigten Updates der Software und Firmware aus.<\/p>\n                                                                                                                                            <\/div>\n                    \n                \n                                                            \n                    \n                                                            <div class=\"cell large-6\">\n                                                <p><img decoding=\"async\" class=\"alignleft size-full wp-image-4816\" src=\"https:\/\/www.trend-networks.com\/wp-content\/uploads\/2019\/04\/repair.png\" alt=\"\" width=\"128\" height=\"128\" srcset=\"https:\/\/www.trend-networks.com\/wp-content\/uploads\/2019\/04\/repair.png 128w, https:\/\/www.trend-networks.com\/wp-content\/uploads\/2019\/04\/repair-100x100.png 100w\" sizes=\"(max-width: 128px) 100vw, 128px\" title=\"\"><\/p>\n<h2>KOSTENLOSE REPARATUREN<\/h2>\n<h4>SCHUTZ VOR UNERWARTETEN AUSGABEN<\/h4>\n<p>W\u00e4hrend der Laufzeit des Saphir Servicevertrages werden alle Standardreparaturen am Zertifizierer und am gesamten Zubeh\u00f6r kostenlos ausgef\u00fchrt.<\/p>\n                                                                                                                                            <\/div>\n                    \n                   \n                    <\/div>\n    <\/div>\n\n<\/section>\n\n<section class=\"grid-container section\">\n    <div class=\"grid-x\">\n        <div class=\"small-12 medium-12 large-12 cell inner-content\">\n\n\n\n        <\/div>\n    <\/div>\n<\/section>\n\n<section class=\"technical-support trend-standard-block fadein slideup padded background-colour background-dark\" style=\"background-color:#1c408c;\">\n\n    \n    \n    <div class=\"grid-container\">\n        <div class=\"grid-x\">\n                            \n                                                            \n                    \n                                                            <div class=\"cell medium-12\">\n                                                <h2 class=\"et_pb_module_header\" style=\"text-align: center;\"><strong>KOSTENLOSE SCHULUNG UND TECHNISCHE BETREUUNG<\/strong><\/h2>\n<p style=\"text-align: center; font-size: 18px;\">Bei unseren qualifizierten Technikern erhalten Sie ein kostenloses Online-Training und technischen Support. Rufen Sie uns an unter 089 99 686 0 und nennen Sie die Nummer Ihres Saphir Servicevertrages.<\/p>\n                                                                                                                                            <\/div>\n                    \n                   \n                    <\/div>\n    <\/div>\n\n<\/section>\n\n<section class=\"grid-container section\">\n    <div class=\"grid-x\">\n        <div class=\"small-12 medium-12 large-12 cell inner-content\">\n\n\n\n        <\/div>\n    <\/div>\n<\/section>\n\n<section class=\"in__sapphire-feature centred trend-standard-block fadein slideup padded\">\n\n    \n    \n    <div class=\"grid-container\">\n        <div class=\"grid-x\">\n                            \n                                                            \n                    \n                                                            <div class=\"cell large-6\">\n                                                <p><img decoding=\"async\" class=\"size-full wp-image-4807 aligncenter\" src=\"https:\/\/www.trend-networks.com\/wp-content\/uploads\/2019\/04\/shipping.png\" alt=\"\" width=\"128\" height=\"128\" title=\"\"><\/p>\n<h3 style=\"text-align: center;\"><strong>KOSTENLOSER VERSAND<\/strong><\/h3>\n<h4 style=\"text-align: center;\">SENKT BETRIEBSKOSTEN<\/h4>\n<p style=\"text-align: center;\">Wenn Ihr LanTEK und FiberTEK eine Reparatur oder Kalibrierung ben\u00f6tigen sollte, \u00fcbernehmen wir die Abholung und auch die R\u00fccksendung f\u00fcr Sie kostenlos.<\/p>\n                                                                                                                                            <\/div>\n                    \n                \n                                                            \n                    \n                                                            <div class=\"cell large-6\">\n                                                <p><img decoding=\"async\" class=\"aligncenter size-full wp-image-4816\" src=\"https:\/\/www.trend-networks.com\/wp-content\/uploads\/2019\/04\/replacement.png\" alt=\"\" width=\"128\" height=\"128\" title=\"\"><\/p>\n<h3 style=\"text-align: center;\"><strong>KOSTENLOSES LEIHGER\u00c4T BEI REPARATUR UND KALIBRIERUNG<\/strong><\/h3>\n<h4 style=\"text-align: center;\">KEINE AUSFALLZEITEN<\/h4>\n<p style=\"text-align: center;\">Falls Ihr LanTEK und FiberTEK doch einmal eine Reparatur ben\u00f6tigen sollte, wird innerhalb von einem Arbeitstag nach Meldung des Schadens ein Leihger\u00e4t an Sie vergeschickt. Bei Kalibrierungen wird Ihnen ebenfalls ein Leihger\u00e4t zur Verf\u00fcgung gestellt, um die Ausfallzeiten m\u00f6glichst kurz zu halten. Das Leihger\u00e4t wird Ihnen vor Abholung des<br \/>\nLanTEK und FiberTEK geliefert.<\/p>\n                                                                                                                                            <\/div>\n                    \n                   \n                    <\/div>\n    <\/div>\n\n<\/section>\n\n<section class=\"grid-container section\">\n    <div class=\"grid-x\">\n        <div class=\"small-12 medium-12 large-12 cell inner-content\">\n\n\n\n        <\/div>\n    <\/div>\n<\/section>\n\n<section class=\"replaceable-wear trend-standard-block fadein slideup padded background-colour\" style=\"background-color:#f5f5f5;\">\n\n    \n    \n    <div class=\"grid-container\">\n        <div class=\"grid-x\">\n                            \n                                                            \n                    \n                                                            <div class=\"cell medium-12\">\n                                                <p><img decoding=\"async\" class=\"size-full wp-image-4839 aligncenter\" src=\"https:\/\/www.trend-networks.com\/wp-content\/uploads\/2019\/04\/parts.png\" alt=\"\" width=\"128\" height=\"128\" srcset=\"https:\/\/www.trend-networks.com\/wp-content\/uploads\/2019\/04\/parts.png 128w, https:\/\/www.trend-networks.com\/wp-content\/uploads\/2019\/04\/parts-100x100.png 100w\" sizes=\"(max-width: 128px) 100vw, 128px\" title=\"\"><\/p>\n<h3 style=\"text-align: center;\"><strong>KOSTENLOS AUSTAUSCHBARE VERSCHLEISSTEILE<\/strong><\/h3>\n<h4 style=\"text-align: center;\">NIEDRIGERE BETRIEBSKOSTEN<\/h4>\n<p>&nbsp;<\/p>\n                                                                                                                                            <\/div>\n                    \n                \n                                                            \n                    \n                                                            <div class=\"cell large-4\">\n                                                <p style=\"text-align: center;\">4 x LT III\/IV-Cat. 6A\/8.1 PLA-Ersatzmessspitzen (2 St\u00fcck)<br \/>\n2 x LT III-CAT6\/5e RJ45 Channel Adapter (Single)<br \/>\n2 x LT III-CAT6A RJ45 Channel Adapter (Single)<br \/>\n4 x LTIII\/IV-RJ45 to RJ45 Patch Cord<br \/>\n2 x LT III\/IV-Battery Pack (Single)<br \/>\n2 x LT IV-Cat. 6A\/6\/5e RJ45 Channel-Adapter (1 St\u00fcck)<br \/>\n2 x LT IV-Cat. 8.1\/6A\/6\/5e RJ45 Channel-Adapter (1 St\u00fcck)<br \/>\n1 x FT III\/IV-Cable Kit SC\/PC MM 50\/125um<br \/>\n1 x FT III\/IV-Cable Kit FC\/PC MM 50\/125um<br \/>\n1 x FT III\/IV-Cable Kit ST\/PC MM 50\/125um<\/p>\n                                                                                                                                            <\/div>\n                    \n                \n                                                            \n                    \n                                                            <div class=\"cell large-4\">\n                                                <p style=\"text-align: center;\">1 x FT III\/IV-LC 50\/125um F\/Optic Cables and Couplers<br \/>\n1 x FT III\/IV-Cable Kit SC\/PC SM 9\/125um<br \/>\n1 x FT III\/IV-Cable Kit FC\/PC SM 9\/125um<br \/>\n1 x FT III\/IV-LC 9\/125um F\/Optic Cables and Couplers<br \/>\n1 x FT III\/IV-Cable and adapter kit LC MM 50\/125um<br \/>\n1 x FT III\/IV-Cable and adapter kit LC SM 9\/125um<br \/>\n1 x FT III\/IV-LC Rx adapter for MM and SM<br \/>\n2 x LT IV-CAT6A RJ45 VisiLINQ PL adapter (Single)<br \/>\n2 x LT IV-CAT8.1 RJ45 VisiLINQ PL adapter (Single)<br \/>\n2 x LT IV-Cat8.2 TERA Universal Adapter (Single)<\/p>\n                                                                                                                                            <\/div>\n                    \n                \n                                                            \n                    \n                                                            <div class=\"cell large-4\">\n                                                <p style=\"text-align: center;\">2 x LT IV-Cat8.2 GG45 Universal Adapter (Single)<br \/>\n2 x LT IV-Cat8.2 EC7 Universal Adapter (Single)<br \/>\n2 x LT IV-Cat5e \/ Class D Patch Cord \/ MPTL Test Adapter (Single)<br \/>\n2 x LT IV-Cat6 \/ Class E Patch Cord \/ MPTL Test Adapter (Single)<br \/>\n2 x LT IV-Cat6A \/ Class Ea Patch Cord \/ MPTL Test Adapter (Single)<br \/>\n2 x LT III-CAT7A TERA Channel Adapter (Single)<br \/>\n2 x LT III-CAT7A EC7 Channel Adapter (Single)<br \/>\n2 x LT III-CAT7A GG45 Channel Adapter (Single)<br \/>\n2 x LT III-COAX Adapter (Single)<br \/>\n2 x LT III-CAT6A RJ45 Permanent Link Adapter (Single)<\/p>\n                                                                                                                                            <\/div>\n                    \n                   \n                    <\/div>\n    <\/div>\n\n<\/section>\n\n<section class=\"grid-container section\">\n    <div class=\"grid-x\">\n        <div class=\"small-12 medium-12 large-12 cell inner-content\">\n\n\n\n        <\/div>\n    <\/div>\n<\/section>\n\n<section class=\"pricing trend-standard-block fadein slideup padded\">\n\n    \n    \n    <div class=\"grid-container\">\n        <div class=\"grid-x\">\n                            \n                                                            \n                    \n                                                            <div class=\"cell large-6\">\n                                                <h3>PREIS<\/h3>\n<p>Wenn Sie Ihren Saphir Servicevertrag innerhalb von 60 Tagen nach dem Erwerb des LanTEK und FiberTEK kaufen, erhalten Sie 10 % Rabatt.<\/p>\n<p><img decoding=\"async\" class=\"alignnone wp-image-102085 size-full\" src=\"https:\/\/www.trend-networks.com\/wp-content\/uploads\/2023\/01\/Trend-DE-1.png\" alt=\"\" width=\"600\" height=\"264\" title=\"\"><\/p>\n                                                                                                                                            <\/div>\n                    \n                \n                                                            \n                    \n                                                            <div class=\"cell large-6\">\n                                                                                                <img decoding=\"async\" src=\"https:\/\/www.trend-networks.com\/wp-content\/uploads\/2023\/01\/Trend-DE-2.png\" alt=\"\" title=\"\">                                                                                            <\/div>\n                    \n                   \n                    <\/div>\n    <\/div>\n\n<\/section>\n\n<section class=\"grid-container section\">\n    <div class=\"grid-x\">\n        <div class=\"small-12 medium-12 large-12 cell inner-content\">\n\n\n\n        <\/div>\n    <\/div>\n<\/section>\n\n<section class=\"terms-exclusions trend-standard-block fadein slideup padded background-colour\" style=\"background-color:#f5f5f5;\">\n\n    \n    \n    <div class=\"grid-container\">\n        <div class=\"grid-x\">\n                            \n                                                            \n                    \n                                                            <div class=\"cell medium-12\">\n                                                <h2 class=\"et_pb_module_header\">ALLGEMEINE GESCH\u00c4FTSBEDINGUNGEN<\/h2>\n<div class=\"et_pb_header_content_wrapper\">\n<ul>\n<li>Die ersten kostenlosen Zubeh\u00f6rteile k\u00f6nnen innerhalb von zw\u00f6lf Monaten nach Inkrafttreten des Saphir Servicevertrages angefordert werden. Der Anspruch auf das kostenlose Zubeh\u00f6r kann nicht in den danach folgenden 12-Monatszeitraum \u00fcbertragen werden. Der Kunde ist daf\u00fcr verantwortlich, das kostenlose Zubeh\u00f6r innerhalb des g\u00fcltigen Zeitraums anzufordern.<\/li>\n<li>Der Kunde muss den\/die geliehenen Zertifizierer innerhalb von einer Woche nach Erhalt des kalibrierten Zertifizierers zur\u00fccksenden. Bitte vereinbaren Sie mit dem Kundendienst die Abholung des Leihger\u00e4tes. Anderenfalls werden Ihnen die gesamten Austauschkosten f\u00fcr das Leihger\u00e4t in Rechnung gestellt.<\/li>\n<li>Der Kunde muss dem zur Kalibrierung eingesandten Zertifizierer s\u00e4mtliche Adapter und Zubeh\u00f6rteile beilegen.<\/li>\n<li>Leihger\u00e4t bei Kalibrierung: Um sicherzustellen, dass ein Leihger\u00e4t verf\u00fcgbar ist, muss die Kalibrierung 6 Wochen vorher angemeldet und innerhalb von 4 Wochen zum F\u00e4lligkeitsdatum ausgef\u00fchrt werden. Wenn die Kalibrierung nicht in diesem Zeitraum angemeldet wird, unternehmen wir zwar alle Anstrengungen, um trotzdem ein Leihger\u00e4t zur Verf\u00fcgung zu stellen, k\u00f6nnen dies jedoch nicht garantieren.<\/li>\n<li>Kostenlose Reparaturen gelten nicht f\u00fcr Defekte, die auf allgemeine Abnutzung sowie auf vors\u00e4tzliche Besch\u00e4digung oder Fahrl\u00e4ssigkeit zur\u00fcckzuf\u00fchren sind<\/li>\n<\/ul>\n<p>Bitte wenden Sie sich an den\u00a0<a href=\"https:\/\/www.trend-networks.com\/contact\/\">Kundendienst<\/a>\u00a0oder einen autorisierten H\u00e4ndler, wenn Sie an einem Saphir Servicevertrag interessiert sind.<\/p>\n<p>Bitte klicken Sie\u00a0<a href=\"https:\/\/www.trend-networks.com\/wp-content\/uploads\/2022\/06\/Sapphire_Care_Plan_DE_DL6_rev8.pdf\" target=\"_blank\" rel=\"noopener noreferrer\">hier<\/a>\u00a0f\u00fcr mehr Informationen.<\/p>\n<h4 class=\"et_pb_toggle_title\"><strong>AUSSCHL\u00dcSSE<\/strong><\/h4>\n<div class=\"et_pb_toggle_content clearfix\">\n<ul>\n<li>M\u00e4ngel, die durch \u00fcbliche Abnutzung, vors\u00e4tzliche Besch\u00e4digung oder Fahrl\u00e4ssigkeit entstanden sind.<\/li>\n<\/ul>\n<\/div>\n<\/div>\n                                                                                                                                            <\/div>\n                    \n                   \n                    <\/div>\n    <\/div>\n\n<\/section>\n\n<section class=\"grid-container section\">\n    <div class=\"grid-x\">\n        <div class=\"small-12 medium-12 large-12 cell inner-content\">\n\n\n\n        <\/div>\n    <\/div>\n<\/section>\n\n<section class=\"learning-hub-cta trend-standard-block fadein slideup\">\n\n    \n    \n    <div class=\"grid-container fluid\">\n        <div class=\"grid-x\">\n                            \n                                                            \n                    \n                                                            <div class=\"cell medium-6 padded \" style=\"background-image:url(https:\/\/www.trend-networks.com\/wp-content\/uploads\/2021\/05\/Trend-Network-Learning-Hub.png);\">\n                                                <h1 class=\"trend-learning-hub\"><span class=\"trend\">TREND<\/span><span class=\"learning\">Wissens<\/span> <span class=\"hub\">Hub<\/span><\/h1>\n<p class=\"subhead\">Videos, und Whitepapers und vieles mehr<\/p>\n                                                                                                                        <div class=\"button-wrap\"><a class=\"button button-one\" href=\"https:\/\/www.trend-networks.com\/de\/wissens-hub\/\" target=\"_self\">Erfahren Sie mehr<\/a><\/div>                    <\/div>\n                    \n                \n                                                            \n                    \n                                                            <div class=\"cell medium-6 padded \" style=\"background-image:url(https:\/\/www.trend-networks.com\/wp-content\/uploads\/2021\/06\/signaltek-homepage-cta-de.jpg);\">\n                                                <h2>SCHNELLE FEHLERBEHEBUNG MIT SIGNALTEK 10G<\/h2>\n                                                                                                                        <div class=\"button-wrap\"><a class=\"button button-one\" href=\"https:\/\/www.trend-networks.com\/de\/produkt\/signaltek-10g\/\" target=\"_self\">MEHR ERFAHREN<\/a><\/div>                    <\/div>\n                    \n                   \n                    <\/div>\n    <\/div>\n\n<\/section>\n\n<section class=\"grid-container section\">\n    <div class=\"grid-x\">\n        <div class=\"small-12 medium-12 large-12 cell inner-content\">\n\n\n\n<p><\/p>\n","protected":false},"excerpt":{"rendered":"","protected":false},"author":1,"featured_media":0,"parent":34116,"menu_order":303,"comment_status":"closed","ping_status":"closed","template":"","meta":{"_acf_changed":false,"inline_featured_image":false,"_glsr_average":0,"_glsr_ranking":0,"_glsr_reviews":0,"footnotes":""},"class_list":["post-33034","page","type-page","status-publish","hentry"],"acf":[],"_links":{"self":[{"href":"https:\/\/www.trend-networks.com\/de\/wp-json\/wp\/v2\/pages\/33034","targetHints":{"allow":["GET"]}}],"collection":[{"href":"https:\/\/www.trend-networks.com\/de\/wp-json\/wp\/v2\/pages"}],"about":[{"href":"https:\/\/www.trend-networks.com\/de\/wp-json\/wp\/v2\/types\/page"}],"author":[{"embeddable":true,"href":"https:\/\/www.trend-networks.com\/de\/wp-json\/wp\/v2\/users\/1"}],"replies":[{"embeddable":true,"href":"https:\/\/www.trend-networks.com\/de\/wp-json\/wp\/v2\/comments?post=33034"}],"version-history":[{"count":14,"href":"https:\/\/www.trend-networks.com\/de\/wp-json\/wp\/v2\/pages\/33034\/revisions"}],"predecessor-version":[{"id":134050,"href":"https:\/\/www.trend-networks.com\/de\/wp-json\/wp\/v2\/pages\/33034\/revisions\/134050"}],"up":[{"embeddable":true,"href":"https:\/\/www.trend-networks.com\/de\/wp-json\/wp\/v2\/pages\/34116"}],"wp:attachment":[{"href":"https:\/\/www.trend-networks.com\/de\/wp-json\/wp\/v2\/media?parent=33034"}],"curies":[{"name":"wp","href":"https:\/\/api.w.org\/{rel}","templated":true}]}}