{"id":131327,"date":"2025-04-10T09:38:32","date_gmt":"2025-04-10T08:38:32","guid":{"rendered":"https:\/\/www.trend-networks.com\/?page_id=131327"},"modified":"2025-04-10T09:38:39","modified_gmt":"2025-04-10T08:38:39","slug":"market-segments","status":"publish","type":"page","link":"https:\/\/www.trend-networks.com\/de\/market-segments\/","title":{"rendered":"MARKTSEGMENTE"},"content":{"rendered":"\n<div style=\"height:100px\" aria-hidden=\"true\" class=\"wp-block-spacer block-visibility-hide-medium-screen block-visibility-hide-small-screen\"><\/div>\n\n\n<div class=\"wp-block-image\">\n<figure class=\"aligncenter size-full is-resized\"><img decoding=\"async\" width=\"1920\" height=\"220\" src=\"https:\/\/www.trend-networks.com\/wp-content\/uploads\/2025\/04\/1920x220-DE.jpg\" alt=\"\" class=\"wp-image-140217\" style=\"width:1920px\" title=\"\" srcset=\"https:\/\/www.trend-networks.com\/wp-content\/uploads\/2025\/04\/1920x220-DE.jpg 1920w, https:\/\/www.trend-networks.com\/wp-content\/uploads\/2025\/04\/1920x220-DE-600x69.jpg 600w, https:\/\/www.trend-networks.com\/wp-content\/uploads\/2025\/04\/1920x220-DE-1024x117.jpg 1024w, https:\/\/www.trend-networks.com\/wp-content\/uploads\/2025\/04\/1920x220-DE-768x88.jpg 768w, https:\/\/www.trend-networks.com\/wp-content\/uploads\/2025\/04\/1920x220-DE-1536x176.jpg 1536w\" sizes=\"(max-width: 1920px) 100vw, 1920px\" \/><\/figure>\n<\/div>\n\n\n<div style=\"height:45px\" aria-hidden=\"true\" class=\"wp-block-spacer\"><\/div>\n\n\n\n<h2 class=\"wp-block-heading has-text-align-center\">ST\u00c4RKUNG GLOBALER NETZWERKE<\/h2>\n\n\n\n<p class=\"has-text-align-center\">Seit 1965 hat TREND Networks starke Partnerschaften mit IT-Netzwerkingenieuren auf der ganzen Welt aufgebaut und ist zu einem etablierten Marktf\u00fchrer in der Test- und Messtechnologie geworden. Mit dem Fokus auf reale Anwendungen haben wir eine zukunftsweisende Reihe von L\u00f6sungen entwickelt, die zuverl\u00e4ssige L\u00f6sungen f\u00fcr die Installation und Wartung von Glasfaser- und Kupferkabeln bieten.<\/p>\n\n\n\n<p class=\"has-text-align-center\"><br>Netzwerktester sind in verschiedenen Marktsegmenten von entscheidender Bedeutung, um zuverl\u00e4ssige, sichere und leistungsstarke Netzinfrastrukturen zu gew\u00e4hrleisten. Im Regierungs- und Verteidigungssektor \u00fcberpr\u00fcfen unsere Tester die Integrit\u00e4t und Sicherheit von Netzwerken, unterst\u00fctzen kritische Vorg\u00e4nge und sch\u00fctzen sensible Daten. Im Gesundheitswesen stellen sie die kontinuierliche Konnektivit\u00e4t f\u00fcr Patientenversorgungssysteme, medizinische Ger\u00e4te und den Datenschutz sicher. Im Bankwesen sorgen unsere Tester f\u00fcr eine schnelle und sichere Daten\u00fcbertragung bei Finanztransaktionen und sch\u00fctzen vor Cyber-Bedrohungen und Ausfallzeiten. Im Bildungswesen helfen sie bei der Verwaltung von stark nachgefragten Netzwerken f\u00fcr das Online-Lernen, die Forschung und die sichere campusweite Konnektivit\u00e4t. In all diesen Bereichen helfen Netzwerktester bei der Erkennung und Behebung von Verbindungsproblemen und sorgen so f\u00fcr einen reibungslosen, ununterbrochenen Betrieb.<br>Verlassen Sie sich auf unsere L\u00f6sungen zum Testen von Netzwerken und Kabeln, um Ihre kritischen Netzwerke gesund zu erhalten. <a href=\"https:\/\/www.trend-networks.com\/de\/kontakt\/\" data-type=\"link\" data-id=\"https:\/\/www.trend-networks.com\/de\/kontakt\/\">Klicken Sie hier, um uns zu kontaktieren<\/a>.<\/p>\n\n\n<div class=\"wp-block-image\">\n<figure class=\"aligncenter size-large is-resized\"><img decoding=\"async\" width=\"1024\" height=\"640\" src=\"https:\/\/www.trend-networks.com\/wp-content\/uploads\/2024\/09\/Montage_2024-1024x640.png\" alt=\"\" class=\"wp-image-131470\" style=\"width:699px;height:auto\" title=\"\" srcset=\"https:\/\/www.trend-networks.com\/wp-content\/uploads\/2024\/09\/Montage_2024-1024x640.png 1024w, https:\/\/www.trend-networks.com\/wp-content\/uploads\/2024\/09\/Montage_2024-600x375.png 600w, https:\/\/www.trend-networks.com\/wp-content\/uploads\/2024\/09\/Montage_2024-768x480.png 768w, https:\/\/www.trend-networks.com\/wp-content\/uploads\/2024\/09\/Montage_2024-1536x960.png 1536w, https:\/\/www.trend-networks.com\/wp-content\/uploads\/2024\/09\/Montage_2024.png 2000w\" sizes=\"(max-width: 1024px) 100vw, 1024px\" \/><\/figure>\n<\/div>\n\n\n<div class=\"wp-block-columns column-margin is-layout-flex wp-container-core-columns-is-layout-9d6595d7 wp-block-columns-is-layout-flex\">\n<div class=\"wp-block-column is-layout-flow wp-block-column-is-layout-flow\">\n<figure class=\"wp-block-image size-full\"><img decoding=\"async\" width=\"725\" height=\"600\" src=\"https:\/\/www.trend-networks.com\/wp-content\/uploads\/2024\/09\/725x600-Navy.jpg\" alt=\"\" class=\"wp-image-131386\" title=\"\" srcset=\"https:\/\/www.trend-networks.com\/wp-content\/uploads\/2024\/09\/725x600-Navy.jpg 725w, https:\/\/www.trend-networks.com\/wp-content\/uploads\/2024\/09\/725x600-Navy-600x497.jpg 600w\" sizes=\"(max-width: 725px) 100vw, 725px\" \/><\/figure>\n\n\n\n<div style=\"height:60px\" aria-hidden=\"true\" class=\"wp-block-spacer\"><\/div>\n\n\n\n<h4 class=\"wp-block-heading\"><strong>Luft &#8211; und Raumfahrt sowie Verteidigung<\/strong><\/h4>\n\n\n\n<p>Unter den anspruchsvollen Bedingungen, denen die Streitkr\u00e4fte ausgesetzt sind, ist eine zuverl\u00e4ssige Testausr\u00fcstung f\u00fcr die Installation und Wartung von Glasfaser- und Kupferkabeln von entscheidender Bedeutung. Ob im Feld oder an der Basis, unsere sicheren, tragbaren Netzwerktestger\u00e4te sorgen daf\u00fcr, dass kritische Infrastrukturen funktionsf\u00e4hig bleiben. Unsere L\u00f6sungen sind auf Mobilit\u00e4t und Ausfallsicherheit ausgelegt und bieten die Zuverl\u00e4ssigkeit, die erforderlich ist, um wichtige Kommunikationsnetze betriebsbereit zu halten.<\/p>\n<\/div>\n\n\n\n<div class=\"wp-block-column is-layout-flow wp-block-column-is-layout-flow\">\n<figure class=\"wp-block-image size-full\"><img decoding=\"async\" width=\"725\" height=\"600\" src=\"https:\/\/www.trend-networks.com\/wp-content\/uploads\/2024\/09\/725x600-University.jpg\" alt=\"\" class=\"wp-image-131395\" title=\"\" srcset=\"https:\/\/www.trend-networks.com\/wp-content\/uploads\/2024\/09\/725x600-University.jpg 725w, https:\/\/www.trend-networks.com\/wp-content\/uploads\/2024\/09\/725x600-University-600x497.jpg 600w\" sizes=\"(max-width: 725px) 100vw, 725px\" \/><\/figure>\n\n\n\n<div style=\"height:60px\" aria-hidden=\"true\" class=\"wp-block-spacer\"><\/div>\n\n\n\n<h4 class=\"wp-block-heading\"><strong>BILDUNG<\/strong><\/h4>\n\n\n\n<p>Universit\u00e4ten stehen bei der Verwaltung ihrer Netzwerkinfrastruktur aufgrund der vielf\u00e4ltigen und anspruchsvollen Umgebung, die sie unterst\u00fctzen, vor gro\u00dfen Herausforderungen. Da Tausende von Studenten, Lehrkr\u00e4ften und Mitarbeitern gleichzeitig auf das Netzwerk zugreifen, muss die Infrastruktur gro\u00dfe Datenmengen bew\u00e4ltigen, einschlie\u00dflich bandbreitenintensiver Anwendungen wie virtuelle Lernplattformen und Forschungsdatenbanken. Unsere Produkte diagnostizieren Probleme schnell, um Ausfallzeiten zu begrenzen.<\/p>\n<\/div>\n\n\n\n<div class=\"wp-block-column is-layout-flow wp-block-column-is-layout-flow\">\n<figure class=\"wp-block-image size-full\"><img decoding=\"async\" width=\"725\" height=\"600\" src=\"https:\/\/www.trend-networks.com\/wp-content\/uploads\/2024\/09\/725x600-Medical.jpg\" alt=\"\" class=\"wp-image-131404\" title=\"\" srcset=\"https:\/\/www.trend-networks.com\/wp-content\/uploads\/2024\/09\/725x600-Medical.jpg 725w, https:\/\/www.trend-networks.com\/wp-content\/uploads\/2024\/09\/725x600-Medical-600x497.jpg 600w\" sizes=\"(max-width: 725px) 100vw, 725px\" \/><\/figure>\n\n\n\n<div style=\"height:60px\" aria-hidden=\"true\" class=\"wp-block-spacer\"><\/div>\n\n\n\n<h4 class=\"wp-block-heading\"><strong>GESUNDHEITSWESEN<\/strong><\/h4>\n\n\n\n<p>Die Betriebszeit von Netzwerken in Krankenh\u00e4usern ist von entscheidender Bedeutung, da sie sich direkt auf die Patientenversorgung und -sicherheit auswirkt. Medizinische Fachkr\u00e4fte sind auf einen ununterbrochenen Zugang zu elektronischen Gesundheitsakten (EHR), Diagnosetools und Echtzeit-Kommunikationssystemen angewiesen, um rechtzeitig fundierte Entscheidungen treffen zu k\u00f6nnen. Techniker k\u00f6nnen sich auf unsere L\u00f6sungen verlassen, um Netzwerkprobleme schnell zu erkennen und katastrophale Ausfallzeiten der Netzwerkinfrastruktur im Gesundheitswesen zu vermeiden.<\/p>\n<\/div>\n<\/div>\n\n\n\n<div class=\"wp-block-columns column-margin is-layout-flex wp-container-core-columns-is-layout-9d6595d7 wp-block-columns-is-layout-flex\">\n<div class=\"wp-block-column is-layout-flow wp-block-column-is-layout-flow\">\n<figure class=\"wp-block-image size-full\"><img decoding=\"async\" width=\"725\" height=\"600\" src=\"https:\/\/www.trend-networks.com\/wp-content\/uploads\/2024\/09\/725x600-Security.jpg\" alt=\"\" class=\"wp-image-131413\" title=\"\" srcset=\"https:\/\/www.trend-networks.com\/wp-content\/uploads\/2024\/09\/725x600-Security.jpg 725w, https:\/\/www.trend-networks.com\/wp-content\/uploads\/2024\/09\/725x600-Security-600x497.jpg 600w\" sizes=\"(max-width: 725px) 100vw, 725px\" \/><\/figure>\n\n\n\n<div style=\"height:60px\" aria-hidden=\"true\" class=\"wp-block-spacer\"><\/div>\n\n\n\n<h4 class=\"wp-block-heading\"><strong>REGIERUNG<\/strong><\/h4>\n\n\n\n<p>Eine intakte Netzinfrastruktur ist f\u00fcr Regierungsgeb\u00e4ude von entscheidender Bedeutung, da sie das sichere und effiziente Funktionieren wichtiger Abl\u00e4ufe und Dienste unterst\u00fctzt. Gut gewartete Netze gew\u00e4hrleisten die Sicherheit, Zuverl\u00e4ssigkeit und Effizienz von Verwaltungsabl\u00e4ufen und st\u00e4rken sowohl das Vertrauen der \u00d6ffentlichkeit als auch die betriebliche Effizienz.<\/p>\n<\/div>\n\n\n\n<div class=\"wp-block-column is-layout-flow wp-block-column-is-layout-flow\">\n<figure class=\"wp-block-image size-full\"><img decoding=\"async\" width=\"725\" height=\"600\" src=\"https:\/\/www.trend-networks.com\/wp-content\/uploads\/2024\/09\/725x600-CCTV.jpg\" alt=\"\" class=\"wp-image-131422\" title=\"\" srcset=\"https:\/\/www.trend-networks.com\/wp-content\/uploads\/2024\/09\/725x600-CCTV.jpg 725w, https:\/\/www.trend-networks.com\/wp-content\/uploads\/2024\/09\/725x600-CCTV-600x497.jpg 600w\" sizes=\"(max-width: 725px) 100vw, 725px\" \/><\/figure>\n\n\n\n<div style=\"height:60px\" aria-hidden=\"true\" class=\"wp-block-spacer\"><\/div>\n\n\n\n<h4 class=\"wp-block-heading\"><strong><strong>SICHERHEIT UND HANDEL<\/strong><\/strong><\/h4>\n\n\n\n<p>Netzwerktester spielen eine wichtige Rolle bei kommerziellen CCTV-Installationen, da sie die Zuverl\u00e4ssigkeit und Leistung der Netzinfrastruktur sicherstellen, die die \u00dcberwachungssysteme unterst\u00fctzt. W\u00e4hrend der Installation werden Tester eingesetzt, um zu \u00fcberpr\u00fcfen, ob alle Kabel ordnungsgem\u00e4\u00df angeschlossen und frei von Defekten sind, was f\u00fcr die Aufrechterhaltung der Funktionalit\u00e4t entscheidend ist.<\/p>\n<\/div>\n\n\n\n<div class=\"wp-block-column is-layout-flow wp-block-column-is-layout-flow\">\n<figure class=\"wp-block-image size-full\"><img decoding=\"async\" width=\"725\" height=\"600\" src=\"https:\/\/www.trend-networks.com\/wp-content\/uploads\/2024\/09\/725x600-Data-1.jpg\" alt=\"\" class=\"wp-image-131441\" title=\"\" srcset=\"https:\/\/www.trend-networks.com\/wp-content\/uploads\/2024\/09\/725x600-Data-1.jpg 725w, https:\/\/www.trend-networks.com\/wp-content\/uploads\/2024\/09\/725x600-Data-1-600x497.jpg 600w\" sizes=\"(max-width: 725px) 100vw, 725px\" \/><\/figure>\n\n\n\n<div style=\"height:60px\" aria-hidden=\"true\" class=\"wp-block-spacer\"><\/div>\n\n\n\n<h4 class=\"wp-block-heading\"><strong><strong>FINANZEN<\/strong><\/strong><\/h4>\n\n\n\n<p>Die Aufrechterhaltung der Integrit\u00e4t, Sicherheit und Leistung einer Netzwerkinfrastruktur ist in der Finanzwelt unerl\u00e4sslich. Pr\u00fcfger\u00e4te werden eingesetzt, um zu \u00fcberpr\u00fcfen, ob alle Netzwerkverbindungen, sowohl Glasfaser- als auch Kupferleitungen, mit optimaler Leistung arbeiten und eine schnelle und sichere Daten\u00fcbertragung gew\u00e4hrleisten.<\/p>\n<\/div>\n<\/div>\n\n\n\n        <\/div>\n    <\/div>\n<\/section>\n\n<section class=\"learning-hub-cta trend-standard-block fadein slideup\">\n\n    \n    \n    <div class=\"grid-container fluid\">\n        <div class=\"grid-x\">\n                            \n                                                            \n                    \n                                                            <div class=\"cell medium-6 padded \" style=\"background-image:url(https:\/\/www.trend-networks.com\/wp-content\/uploads\/2021\/05\/Trend-Network-Learning-Hub.png);\">\n                                                <h1 class=\"trend-learning-hub\"><span class=\"trend\">TREND<\/span><span class=\"learning\">Wissens<\/span> <span class=\"hub\">Hub<\/span><\/h1>\n<p class=\"subhead\">Videos, und Whitepapers und vieles mehr<\/p>\n                                                                                                                        <div class=\"button-wrap\"><a class=\"button button-one\" href=\"https:\/\/www.trend-networks.com\/de\/wissens-hub\/\" target=\"_self\">Erfahren Sie mehr<\/a><\/div>                    <\/div>\n                    \n                \n                                                            \n                    \n                                                            <div class=\"cell medium-6 padded \" style=\"background-image:url(https:\/\/www.trend-networks.com\/wp-content\/uploads\/2021\/06\/signaltek-homepage-cta-de.jpg);\">\n                                                <h2>SCHNELLE FEHLERBEHEBUNG MIT SIGNALTEK 10G<\/h2>\n                                                                                                                        <div class=\"button-wrap\"><a class=\"button button-one\" href=\"https:\/\/www.trend-networks.com\/de\/produkt\/signaltek-10g\/\" target=\"_self\">MEHR ERFAHREN<\/a><\/div>                    <\/div>\n                    \n                   \n                    <\/div>\n    <\/div>\n\n<\/section>\n\n<section class=\"grid-container section\">\n    <div class=\"grid-x\">\n        <div class=\"small-12 medium-12 large-12 cell inner-content\">\n\n\n\n<div class=\"wp-block-columns column-margin is-layout-flex wp-container-core-columns-is-layout-9d6595d7 wp-block-columns-is-layout-flex\">\n<div class=\"wp-block-column in__contact-location-card clear-bg is-layout-flow wp-block-column-is-layout-flow\"><\/div>\n<\/div>\n\n\n\n<div style=\"height:60px\" aria-hidden=\"true\" class=\"wp-block-spacer\"><\/div>\n","protected":false},"excerpt":{"rendered":"<p>ST\u00c4RKUNG GLOBALER NETZWERKE Seit 1965 hat TREND Networks starke Partnerschaften mit IT-Netzwerkingenieuren auf der ganzen&nbsp;&#8230;<\/p>\n","protected":false},"author":1,"featured_media":0,"parent":0,"menu_order":139,"comment_status":"closed","ping_status":"closed","template":"","meta":{"_acf_changed":false,"inline_featured_image":false,"_glsr_average":0,"_glsr_ranking":0,"_glsr_reviews":0,"footnotes":""},"class_list":["post-131327","page","type-page","status-publish","hentry"],"acf":[],"_links":{"self":[{"href":"https:\/\/www.trend-networks.com\/de\/wp-json\/wp\/v2\/pages\/131327","targetHints":{"allow":["GET"]}}],"collection":[{"href":"https:\/\/www.trend-networks.com\/de\/wp-json\/wp\/v2\/pages"}],"about":[{"href":"https:\/\/www.trend-networks.com\/de\/wp-json\/wp\/v2\/types\/page"}],"author":[{"embeddable":true,"href":"https:\/\/www.trend-networks.com\/de\/wp-json\/wp\/v2\/users\/1"}],"replies":[{"embeddable":true,"href":"https:\/\/www.trend-networks.com\/de\/wp-json\/wp\/v2\/comments?post=131327"}],"version-history":[{"count":2,"href":"https:\/\/www.trend-networks.com\/de\/wp-json\/wp\/v2\/pages\/131327\/revisions"}],"predecessor-version":[{"id":140226,"href":"https:\/\/www.trend-networks.com\/de\/wp-json\/wp\/v2\/pages\/131327\/revisions\/140226"}],"wp:attachment":[{"href":"https:\/\/www.trend-networks.com\/de\/wp-json\/wp\/v2\/media?parent=131327"}],"curies":[{"name":"wp","href":"https:\/\/api.w.org\/{rel}","templated":true}]}}